{"id":4385,"date":"2023-04-21T21:55:57","date_gmt":"2023-04-21T19:55:57","guid":{"rendered":"https:\/\/kwintesencja.art\/?post_type=product&#038;p=4385"},"modified":"2024-06-10T20:05:38","modified_gmt":"2024-06-10T18:05:38","slug":"dwa-serca","status":"publish","type":"product","link":"https:\/\/kwintesencja.art\/pl\/product\/dwa-serca\/","title":{"rendered":"Dwa serca"},"content":{"rendered":"<p><strong>Artur Smo<\/strong><strong>\u0142a<\/strong> urodzony w\u00a01976 r., pochodzi z\u00a0Pilzna, od lat 90. zwi\u0105zany z\u00a0Tarnowem. Prawnik z\u00a0wykszta\u0142cenia, malarz z\u00a0powo\u0142ania. Inspiracje czerpie z\u00a0motyw\u00f3w ba\u015bniowych, folkowych, mitologii i\u00a0popkultury. Fascynuje go kobieta, jako ikona i\u00a0archetyp, ale nawi\u0105zuje tak\u017ce do tajemnic i\u00a0symboli zwi\u0105zanych z\u00a0natur\u0105: woda b\u0119d\u0105ca \u017ar\u00f3d\u0142em \u017cycia, motywem ryb, czy koni symbolizuj\u0105cych wolno\u015b\u0107 i\u00a0si\u0142\u0119. Prace artysty charakteryzuj\u0105 odwa\u017cne barwy, mocne kontury i\u00a0dba\u0142o\u015b\u0107 o\u00a0detale, zar\u00f3wnow minimalistycznych, jak i\u00a0bogatych, dynamicznych kompozycjach.<br \/>\nPod dyrekcj\u0105 artystyczn\u0105 Andrzeja P\u0105gowskiego zaprojektowa\u0142 jedn\u0105 z\u00a0kart dwunastej edycji Kalendarza Artystycznego Gedeon Richter ,,Kobiece Konstelacje&#8221;.<\/p>\n","protected":false},"excerpt":{"rendered":"<p>Tytu\u0142: Dwa serca<br \/>\nAutor: Artur Smo\u0142a<br \/>\nRok: 2018<br \/>\nTechnika: Inkografia<br \/>\nOprawa: Tak, pi\u0119kna rama za szk\u0142em<br \/>\nPodpis: odr\u0119czny o\u0142\u00f3wkiem: A.Smo\u0142a<br \/>\nEdycja: limitowana 1\/10<br \/>\nWymiary: 63 x 50 cm, 86 x 74 cm (z ram\u0105)<br \/>\nStan zachowania: bardzo dobry<br \/>\nCertyfikat autentyczno\u015bci<\/p>\n","protected":false},"featured_media":4387,"template":"","meta":{"_monsterinsights_skip_tracking":false,"_monsterinsights_sitenote_active":false,"_monsterinsights_sitenote_note":"","_monsterinsights_sitenote_category":0,"_themeisle_gutenberg_block_has_review":false},"product_cat":[41],"product_tag":[138],"class_list":["post-4385","product","type-product","status-publish","has-post-thumbnail","hentry","product_cat-grafiki","product_tag-smola-artur","product_shipping_class-rodzaj-wysylki-3"],"aioseo_notices":[],"_links":{"self":[{"href":"https:\/\/kwintesencja.art\/pl\/wp-json\/wp\/v2\/product\/4385","targetHints":{"allow":["GET"]}}],"collection":[{"href":"https:\/\/kwintesencja.art\/pl\/wp-json\/wp\/v2\/product"}],"about":[{"href":"https:\/\/kwintesencja.art\/pl\/wp-json\/wp\/v2\/types\/product"}],"wp:featuredmedia":[{"embeddable":true,"href":"https:\/\/kwintesencja.art\/pl\/wp-json\/wp\/v2\/media\/4387"}],"wp:attachment":[{"href":"https:\/\/kwintesencja.art\/pl\/wp-json\/wp\/v2\/media?parent=4385"}],"wp:term":[{"taxonomy":"product_cat","embeddable":true,"href":"https:\/\/kwintesencja.art\/pl\/wp-json\/wp\/v2\/product_cat?post=4385"},{"taxonomy":"product_tag","embeddable":true,"href":"https:\/\/kwintesencja.art\/pl\/wp-json\/wp\/v2\/product_tag?post=4385"}],"curies":[{"name":"wp","href":"https:\/\/api.w.org\/{rel}","templated":true}]}}