{"id":4356,"date":"2023-04-21T15:17:45","date_gmt":"2023-04-21T13:17:45","guid":{"rendered":"https:\/\/kwintesencja.art\/?post_type=product&#038;p=4356"},"modified":"2025-12-01T10:36:07","modified_gmt":"2025-12-01T09:36:07","slug":"tyle-ich-a-jakby-nie-bylo-nikogo","status":"publish","type":"product","link":"https:\/\/kwintesencja.art\/pl\/product\/tyle-ich-a-jakby-nie-bylo-nikogo\/","title":{"rendered":"Dziko\u015b\u0107 serca"},"content":{"rendered":"<p>Artur Smo\u0142a urodzony w 1976 r., pochodzi z Pilzna, od lat 90. zwi\u0105zany z Tarnowem. Prawnik z wykszta\u0142cenia, malarz z powo\u0142ania. Inspiracje czerpie z motyw\u00f3w ba\u015bniowych, folkowych, mitologii i popkultury. Fascynuje go kobieta, jako ikona i archetyp, ale nawi\u0105zuje tak\u017ce do tajemnic i symboli zwi\u0105zanych z natur\u0105: woda b\u0119d\u0105ca \u017ar\u00f3d\u0142em \u017cycia, motywem ryb, czy koni symbolizuj\u0105cych wolno\u015b\u0107 i si\u0142\u0119. Prace artysty charakteryzuj\u0105 odwa\u017cne barwy, mocne kontury i dba\u0142o\u015b\u0107 o detale, zar\u00f3wnow minimalistycznych, jak i bogatych, dynamicznych kompozycjach.<br \/>\nPod dyrekcj\u0105 artystyczn\u0105 Andrzeja P\u0105gowskiego zaprojektowa\u0142 jedn\u0105 z kart dwunastej edycji Kalendarza Artystycznego Gedeon Richter ,,Kobiece Konstelacje&#8221;.<\/p>\n","protected":false},"excerpt":{"rendered":"<p>Tytu\u0142: Dziko\u015b\u0107 serca<br \/>\nAutor: Artur Smo\u0142a<br \/>\nRok: 2022<br \/>\nTechnika: Inkografia<br \/>\nOprawa: Tak, pi\u0119kna rama za szk\u0142em<br \/>\nPodpis: odr\u0119czny o\u0142\u00f3wkiem: A.Smo\u0142a<br \/>\nEdycja: limitowana 1\/10<br \/>\nWymiary: 49,5 x 64 cm, 71 x 85 cm (z ram\u0105)<br \/>\nStan zachowania: bardzo dobry<br \/>\nCertyfikat autentyczno\u015bci<\/p>\n","protected":false},"featured_media":4358,"template":"","meta":{"_monsterinsights_skip_tracking":false,"_monsterinsights_sitenote_active":false,"_monsterinsights_sitenote_note":"","_monsterinsights_sitenote_category":0,"_themeisle_gutenberg_block_has_review":false},"product_cat":[41],"product_tag":[138,350],"class_list":["post-4356","product","type-product","status-publish","has-post-thumbnail","hentry","product_cat-grafiki","product_tag-smola-artur","product_tag-wyprzedaz","product_shipping_class-rodzaj-wysylki-3"],"aioseo_notices":[],"_links":{"self":[{"href":"https:\/\/kwintesencja.art\/pl\/wp-json\/wp\/v2\/product\/4356","targetHints":{"allow":["GET"]}}],"collection":[{"href":"https:\/\/kwintesencja.art\/pl\/wp-json\/wp\/v2\/product"}],"about":[{"href":"https:\/\/kwintesencja.art\/pl\/wp-json\/wp\/v2\/types\/product"}],"wp:featuredmedia":[{"embeddable":true,"href":"https:\/\/kwintesencja.art\/pl\/wp-json\/wp\/v2\/media\/4358"}],"wp:attachment":[{"href":"https:\/\/kwintesencja.art\/pl\/wp-json\/wp\/v2\/media?parent=4356"}],"wp:term":[{"taxonomy":"product_cat","embeddable":true,"href":"https:\/\/kwintesencja.art\/pl\/wp-json\/wp\/v2\/product_cat?post=4356"},{"taxonomy":"product_tag","embeddable":true,"href":"https:\/\/kwintesencja.art\/pl\/wp-json\/wp\/v2\/product_tag?post=4356"}],"curies":[{"name":"wp","href":"https:\/\/api.w.org\/{rel}","templated":true}]}}