{"id":4332,"date":"2023-04-20T21:49:00","date_gmt":"2023-04-20T19:49:00","guid":{"rendered":"https:\/\/kwintesencja.art\/?post_type=product&#038;p=4332"},"modified":"2025-12-20T01:06:14","modified_gmt":"2025-12-20T00:06:14","slug":"the-rape","status":"publish","type":"product","link":"https:\/\/kwintesencja.art\/pl\/product\/the-rape\/","title":{"rendered":"The Rape"},"content":{"rendered":"<p>Rene Magritte (1898-1967) <span lang=\"pl-PL\">belgijski malarz, surrealista. Nazywany \u201eautorem s\u0142\u00f3w i rzeczy\u201d, lubi\u0142 zmienia\u0107 nazwy przedmiot\u00f3w. Obrazy jego szokowa\u0142y i wzbudza\u0142y kontrowersje, wyr\u00f3\u017cnia je poetycka nastrojowo\u015b\u0107 oraz precyzyjny rysunek. Artysta, kt\u00f3ry przedstawia\u0142 \u015bwiat zuniformizowany, odbity w kolejnych powieleniach, wp\u0142yn\u0105\u0142 mimowolnie na sztuk\u0119 drugiej po\u0142owy XX w., przede wszystkim na pop-art. <\/span><\/p>\n<p>&nbsp;<\/p>\n","protected":false},"excerpt":{"rendered":"<p>Grafika, edycja limitowana na francuskim papierze.<br \/>\nKa\u017cda grafika jest indywidualnie numerowana.<br \/>\nNapis o\u0142\u00f3wkiem l.d.: 52\/100. Wymiary: 50 cm x 707 cm (arkusz)<br \/>\nNa dole suche piecz\u0119cie: l.d.: SPADEM Paris, p.d.<span class=\"HwtZe\" lang=\"pl\"><span class=\"jCAhz ChMk0b\"><span class=\"ryNqvb\">: Edizioni D&#8217;Arte<br \/>\n<\/span><\/span><\/span><span class=\"HwtZe\" lang=\"pl\"><span class=\"jCAhz ChMk0b\"><span class=\"ryNqvb\">Na odwrocie hologram.<\/span><\/span><\/span><br \/>\nStan zachowania: bardzo dobry<\/p>\n","protected":false},"featured_media":4880,"template":"","meta":{"_monsterinsights_skip_tracking":false,"_monsterinsights_sitenote_active":false,"_monsterinsights_sitenote_note":"","_monsterinsights_sitenote_category":0,"_themeisle_gutenberg_block_has_review":false},"product_cat":[41],"product_tag":[227,350],"class_list":["post-4332","product","type-product","status-publish","has-post-thumbnail","hentry","product_cat-grafiki","product_tag-magritte-rene","product_tag-wyprzedaz","product_shipping_class-rodzaj-wysylki-2"],"aioseo_notices":[],"_links":{"self":[{"href":"https:\/\/kwintesencja.art\/pl\/wp-json\/wp\/v2\/product\/4332","targetHints":{"allow":["GET"]}}],"collection":[{"href":"https:\/\/kwintesencja.art\/pl\/wp-json\/wp\/v2\/product"}],"about":[{"href":"https:\/\/kwintesencja.art\/pl\/wp-json\/wp\/v2\/types\/product"}],"wp:featuredmedia":[{"embeddable":true,"href":"https:\/\/kwintesencja.art\/pl\/wp-json\/wp\/v2\/media\/4880"}],"wp:attachment":[{"href":"https:\/\/kwintesencja.art\/pl\/wp-json\/wp\/v2\/media?parent=4332"}],"wp:term":[{"taxonomy":"product_cat","embeddable":true,"href":"https:\/\/kwintesencja.art\/pl\/wp-json\/wp\/v2\/product_cat?post=4332"},{"taxonomy":"product_tag","embeddable":true,"href":"https:\/\/kwintesencja.art\/pl\/wp-json\/wp\/v2\/product_tag?post=4332"}],"curies":[{"name":"wp","href":"https:\/\/api.w.org\/{rel}","templated":true}]}}