{"id":4326,"date":"2023-04-20T18:59:10","date_gmt":"2023-04-20T16:59:10","guid":{"rendered":"https:\/\/kwintesencja.art\/?post_type=product&#038;p=4326"},"modified":"2023-05-14T22:17:41","modified_gmt":"2023-05-14T20:17:41","slug":"zaglowce","status":"publish","type":"product","link":"https:\/\/kwintesencja.art\/pl\/product\/zaglowce\/","title":{"rendered":"\u017baglowce"},"content":{"rendered":"<p>Iwan Konstantinowicz Ajwazowski &#8211; wybitny malarz, marynista by\u0142 jednym z najg\u0142o\u015bniejszych artyst\u00f3w rosyjskich XIX wieku.<\/p>\n<p>Pochodzi\u0142 z rodziny ormia\u0144skiej. Od 1833 studiowa\u0142 w Akademii Sztuk Pi\u0119knych w Petersburgu, otrzymuj\u0105c w 1836 ma\u0142y z\u0142oty, a w 1837 du\u017cy z\u0142oty medal za kompozycje marynistyczne. W 1838 przebywa\u0142 na Krymie jako stypendysta Akademii, w latach 1841-1844 by\u0142 na stypendium we W\u0142oszech.<\/p>\n<p>W Rzymie pozna\u0142 w\u00f3wczas s\u0142awnego marynist\u0119 angielskiego J. M. W. Turnera. By\u0142 na Malcie, podr\u00f3\u017cowa\u0142 do Portugalii, Hiszpanii, Francji, Anglii, Holandii. Po powrocie do Rosji w 1844 otrzyma\u0142 tytu\u0142 akademika. W 1847 zosta\u0142 profesorem petersburskiej Akademii Sztuk Pi\u0119knych. By\u0142 te\u017c cz\u0142onkiem kilku europejskich akademii; w Rzymie, Florencji, Stuttgarcie, Amsterdamie.<\/p>\n<p>W latach 1853-1856 podczas wojny krymskiej przebywa\u0142 w obl\u0119\u017conym Sewastopolu. W latach p\u00f3\u017aniejszych nadal wiele podr\u00f3\u017cowa\u0142 po Rosji, by\u0142 w Egipcie, a w 1892 nawet w Ameryce P\u00f3\u0142nocnej.<\/p>\n<p>Bardzo du\u017co wystawia\u0142 tak w kraju jak i za granica, m.in. w Rzymie, Neapolu, Wenecji, Florencji, Amsterdamie, Londynie, Stuttgarcie, Berlinie, Nowym Jorku, Chicago, Waszyngtonie.<\/p>\n<p>Malowa\u0142 przede wszystkim kompozycje marynistyczne ale tak\u017ce sceny rodzajowe i pejza\u017ce. W Teodozji znajduje si\u0119 po\u015bwi\u0119cone mu muzeum; obrazy artysty znajduj\u0105 si\u0119 w wielu muzeach rosyjskich, a tak\u017ce w polskich zbiorach muzealnych.<\/p>\n<p>&nbsp;<\/p>\n","protected":false},"excerpt":{"rendered":"<p>Olej na desce. Wymiary: 23 x 34 cm (z ram\u0105)<br \/>\nNa odwrocie odr\u0119cznie: \u017baglowce wg \/ Ajwazowskiego, El\u017cb. Bogaczewicz<\/p>\n","protected":false},"featured_media":4329,"template":"","meta":{"_monsterinsights_skip_tracking":false,"_monsterinsights_sitenote_active":false,"_monsterinsights_sitenote_note":"","_monsterinsights_sitenote_category":0,"_themeisle_gutenberg_block_has_review":false},"product_cat":[39],"product_tag":[228],"class_list":["post-4326","product","type-product","status-publish","has-post-thumbnail","hentry","product_cat-obrazy","product_tag-ajwazowski-iwan","product_shipping_class-rodzaj-wysylki-2"],"aioseo_notices":[],"_links":{"self":[{"href":"https:\/\/kwintesencja.art\/pl\/wp-json\/wp\/v2\/product\/4326","targetHints":{"allow":["GET"]}}],"collection":[{"href":"https:\/\/kwintesencja.art\/pl\/wp-json\/wp\/v2\/product"}],"about":[{"href":"https:\/\/kwintesencja.art\/pl\/wp-json\/wp\/v2\/types\/product"}],"wp:featuredmedia":[{"embeddable":true,"href":"https:\/\/kwintesencja.art\/pl\/wp-json\/wp\/v2\/media\/4329"}],"wp:attachment":[{"href":"https:\/\/kwintesencja.art\/pl\/wp-json\/wp\/v2\/media?parent=4326"}],"wp:term":[{"taxonomy":"product_cat","embeddable":true,"href":"https:\/\/kwintesencja.art\/pl\/wp-json\/wp\/v2\/product_cat?post=4326"},{"taxonomy":"product_tag","embeddable":true,"href":"https:\/\/kwintesencja.art\/pl\/wp-json\/wp\/v2\/product_tag?post=4326"}],"curies":[{"name":"wp","href":"https:\/\/api.w.org\/{rel}","templated":true}]}}