{"id":4313,"date":"2023-04-14T14:50:01","date_gmt":"2023-04-14T12:50:01","guid":{"rendered":"https:\/\/kwintesencja.art\/?post_type=product&#038;p=4313"},"modified":"2023-08-22T12:09:34","modified_gmt":"2023-08-22T10:09:34","slug":"because-it-hurts-the-lungs","status":"publish","type":"product","link":"https:\/\/kwintesencja.art\/pl\/product\/because-it-hurts-the-lungs\/","title":{"rendered":"Because it Hurts the Lungs"},"content":{"rendered":"<p>Jean-Michel Basquiat (1960-1988) \u2013 ameryka\u0144ski artysta wsp\u00f3\u0142czesny. Pocz\u0105tkowo uprawia\u0142 graffiti, p\u00f3\u017aniej zaj\u0105\u0142 si\u0119 malarstwem, by\u0142 przedstawicielem nowego ekspresjonizmu. Jego obrazy cechowa\u0142y si\u0119 po\u0142\u0105czeniem prymitywnej sztuki afryka\u0144skiej, wsp\u00f3\u0142czesnej \u201esztuki ulicy\u201d, napis\u00f3w, element\u00f3w komiksu oraz archetyp\u00f3w kultury.<\/p>\n<p>Oryginalny obraz namalowany przez ameryka\u0144skiego malarza Jean-Michela Basquiata \u201eBecause it Hurts the Lungs\u201d by\u0142 jednym z najdro\u017cszych dzie\u0142 sprzedanych na aukcji w Domu Aukcyjnym Chrisie&#8217;s.<br \/>\nPraca przedstawia zielon\u0105 posta\u0107 naturalnej wielko\u015bci z czaszk\u0105 na drewnianym tle pomalowan\u0105 na bia\u0142o i ozdobion\u0105 rysunkami i tekstem, a tak\u017ce tajemniczy wyci\u0105g z notatnik\u00f3w Leonarda da Vinci, kt\u00f3ry brzmi: \u201eDlaczego piorun zabija [m\u0119\u017cczyzn\u0119 i] nie rani go, a gdyby ten cz\u0142owiek wydmucha\u0142 nos, nie umar\u0142by. Bo rani to p\u0142uca\u201d.<\/p>\n","protected":false},"excerpt":{"rendered":"<p>Grafika, edycja limitowana 300 egzemplarzy, na papierze Fabriano Cotton Privilege.<br \/>\nKa\u017cda grafika jest indywidualnie numerowana.<br \/>\nNapis o\u0142\u00f3wkiem l.d.: 12\/300, p.d.: faksymile \u201eJean Michel Basquiat&#8221;.<br \/>\nWymiary: 50 cm x 70 cm (arkusz)<br \/>\nNa dole sucha piecz\u0119\u0107 wydawcy.<br \/>\nStan zachowania: bardzo dobry<\/p>\n","protected":false},"featured_media":4316,"template":"","meta":{"_monsterinsights_skip_tracking":false,"_monsterinsights_sitenote_active":false,"_monsterinsights_sitenote_note":"","_monsterinsights_sitenote_category":0,"_themeisle_gutenberg_block_has_review":false},"product_cat":[41],"product_tag":[195],"class_list":["post-4313","product","type-product","status-publish","has-post-thumbnail","hentry","product_cat-grafiki","product_tag-basquiat-jean-michel","product_shipping_class-rodzaj-wysylki-2"],"aioseo_notices":[],"_links":{"self":[{"href":"https:\/\/kwintesencja.art\/pl\/wp-json\/wp\/v2\/product\/4313","targetHints":{"allow":["GET"]}}],"collection":[{"href":"https:\/\/kwintesencja.art\/pl\/wp-json\/wp\/v2\/product"}],"about":[{"href":"https:\/\/kwintesencja.art\/pl\/wp-json\/wp\/v2\/types\/product"}],"wp:featuredmedia":[{"embeddable":true,"href":"https:\/\/kwintesencja.art\/pl\/wp-json\/wp\/v2\/media\/4316"}],"wp:attachment":[{"href":"https:\/\/kwintesencja.art\/pl\/wp-json\/wp\/v2\/media?parent=4313"}],"wp:term":[{"taxonomy":"product_cat","embeddable":true,"href":"https:\/\/kwintesencja.art\/pl\/wp-json\/wp\/v2\/product_cat?post=4313"},{"taxonomy":"product_tag","embeddable":true,"href":"https:\/\/kwintesencja.art\/pl\/wp-json\/wp\/v2\/product_tag?post=4313"}],"curies":[{"name":"wp","href":"https:\/\/api.w.org\/{rel}","templated":true}]}}