{"id":4185,"date":"2023-04-08T19:02:53","date_gmt":"2023-04-08T17:02:53","guid":{"rendered":"https:\/\/kwintesencja.art\/?post_type=product&#038;p=4185"},"modified":"2024-11-27T12:51:06","modified_gmt":"2024-11-27T11:51:06","slug":"akt-w-czerwonej-bluzce","status":"publish","type":"product","link":"https:\/\/kwintesencja.art\/pl\/product\/akt-w-czerwonej-bluzce\/","title":{"rendered":"Akt w czerwonej bluzce"},"content":{"rendered":"<p>Egon Schiele (1890-1918) by\u0142 austriackim malarzem i grafikiem, kt\u00f3rego styl najbli\u017cszy jest secesji. Uznawany jest za jednego z najwa\u017cniejszych malarzy figuratywnych pocz\u0105tku XX wieku. Tw\u00f3rczo\u015b\u0107 Egona Schiele stanowi oryginaln\u0105, wyj\u0105tkowo zindywidualizowan\u0105 interpretacj\u0119 zasad secesyjnej dekoracyjno\u015bci, ale i jej inspiracji liniami natury. W dorobku artysty znajdziemy zar\u00f3wno portrety, autoportrety czy pejza\u017ce, jak i niezwykle ekspresyjne akty, przez wielu ze wsp\u00f3\u0142czesnych Schielego uznawane za pornografi\u0119. Jako malarz Egon Schiele zas\u0142yn\u0105\u0142 z oddawanych w pracach intensywnych emocji i surowej seksualno\u015bci. Skr\u0119cone kszta\u0142ty cia\u0142 i wyraziste linie pojawiaj\u0105ce si\u0119 w jego obrazach i rysunkach pozwalaj\u0105 zakwalifikowa\u0107 go jako wczesnego przedstawiciela ekspresjonizmu.<br \/>\nCzytaj wi\u0119cej o arty\u015bcie <a href=\"https:\/\/kwintesencja.art\/2023\/02\/02\/eros-i-tanatos-instynkt-zycia-i-instynkt-smierci\/\">TUTAJ<\/a><\/p>\n","protected":false},"excerpt":{"rendered":"<p>Grafika, edycja limitowana 200 egzemplarzy, na\u00a0papierze Fabriano Cotton Privilege.<br \/>\nKa\u017cda grafika jest indywidualnie numerowana.<br \/>\nNapis o\u0142\u00f3wkiem l.d.: 101\/200, p.d.: faksymile \u201eEgon Schiele\u201d.<br \/>\nWymiary: 50 cm\u00a0x\u00a070 cm\u00a0(arkusz)<br \/>\nNa dole sucha piecz\u0119\u0107 <span class=\"HwtZe\" lang=\"pl\">\u2013\u00a0<span class=\"jCAhz ChMk0b\"><span class=\"ryNqvb\">Certyfikowany przez\u00a0<\/span><\/span><\/span>SPADEM Paris.<br \/>\nNa odwrocie hologram.<br \/>\nStan zachowania: bardzo dobry<br \/>\nCertyfikat autentyczno\u015bci<\/p>\n","protected":false},"featured_media":4187,"template":"","meta":{"_monsterinsights_skip_tracking":false,"_monsterinsights_sitenote_active":false,"_monsterinsights_sitenote_note":"","_monsterinsights_sitenote_category":0,"_themeisle_gutenberg_block_has_review":false},"product_cat":[41],"product_tag":[185],"class_list":["post-4185","product","type-product","status-publish","has-post-thumbnail","hentry","product_cat-grafiki","product_tag-schiele-egon","product_shipping_class-rodzaj-wysylki-2"],"aioseo_notices":[],"_links":{"self":[{"href":"https:\/\/kwintesencja.art\/pl\/wp-json\/wp\/v2\/product\/4185","targetHints":{"allow":["GET"]}}],"collection":[{"href":"https:\/\/kwintesencja.art\/pl\/wp-json\/wp\/v2\/product"}],"about":[{"href":"https:\/\/kwintesencja.art\/pl\/wp-json\/wp\/v2\/types\/product"}],"wp:featuredmedia":[{"embeddable":true,"href":"https:\/\/kwintesencja.art\/pl\/wp-json\/wp\/v2\/media\/4187"}],"wp:attachment":[{"href":"https:\/\/kwintesencja.art\/pl\/wp-json\/wp\/v2\/media?parent=4185"}],"wp:term":[{"taxonomy":"product_cat","embeddable":true,"href":"https:\/\/kwintesencja.art\/pl\/wp-json\/wp\/v2\/product_cat?post=4185"},{"taxonomy":"product_tag","embeddable":true,"href":"https:\/\/kwintesencja.art\/pl\/wp-json\/wp\/v2\/product_tag?post=4185"}],"curies":[{"name":"wp","href":"https:\/\/api.w.org\/{rel}","templated":true}]}}