{"id":4101,"date":"2023-04-01T19:57:59","date_gmt":"2023-04-01T17:57:59","guid":{"rendered":"https:\/\/kwintesencja.art\/?post_type=product&#038;p=4101"},"modified":"2023-12-16T21:34:47","modified_gmt":"2023-12-16T20:34:47","slug":"milczenie","status":"publish","type":"product","link":"https:\/\/kwintesencja.art\/pl\/product\/milczenie\/","title":{"rendered":"Milczenie"},"content":{"rendered":"<p>Waldemar \u015awierzy (1931-2013) \u2013 wsp\u00f3\u0142tw\u00f3rca Polskiej Szko\u0142y Plakatu i profesor pozna\u0144skiej i warszawskiej Akademii Sztuk Pi\u0119knych. Jest grafikiem, ilustratorem i plakacist\u0105, a tak\u017ce tw\u00f3rc\u0105 sztuki u\u017cytkowej. Uko\u0144czy\u0142 krakowsk\u0105 ASP w 1952 roku: malarstwo pod okiem profesora Rafa\u0142a Pomorskiego, a grafik\u0119 u profesora J\u00f3zefa Mroszczaka. Jego wyk\u0142ad\u00f3w mogli wys\u0142ucha\u0107 studenci na Uniwersytetach w Hawanie, Meksyku i Berlinie Zachodnim. By\u0142 jednym z najwybitniejszych polskich plakacist\u00f3w, stworzy\u0142 ich ponad p\u00f3\u0142tora tysi\u0105ca. Wi\u0119kszo\u015b\u0107 z nich to afisze teatralne, filmowe, muzyczne i cyrkowe, ale tre\u015bci\u0105 cz\u0119\u015bci z nich jest te\u017c tematyka spo\u0142eczna. \u015awierzy zosta\u0142 laureatem wielu polskich i zagranicznych nagr\u00f3d, m.in.. Grand Prix im. Toulouse-Lautreca w I Mi\u0119dzynarodowej Wystawie Plakatu Filmowego w Wersalu, Prix 10. Biennale de Sao Paulo czy Konkursu Plakat\u00f3w Filmowych \u201eHollywood Reporter\u201d w Los Angeles.<\/p>\n","protected":false},"excerpt":{"rendered":"<p>Plakat do filmu \u201eMilczenie&#8221; w re\u017c. Kazimierza Kutza<br \/>\nWyst\u0119puj\u0105: Zbigniew Cybulski, El\u017cbieta Czy\u017cewska, Kaziemierz Fabisiak, Miroslaw Kobierzycki, Maria Zbyszewska,<br \/>\nPlakat offset na papierze, wymiary: 58 x 83 cm<br \/>\nSygnatura z druku l.d.: \u015awierzy<br \/>\nStan widoczny na zdj\u0119ciach.<\/p>\n","protected":false},"featured_media":4102,"template":"","meta":{"_monsterinsights_skip_tracking":false,"_monsterinsights_sitenote_active":false,"_monsterinsights_sitenote_note":"","_monsterinsights_sitenote_category":0,"_themeisle_gutenberg_block_has_review":false},"product_cat":[15],"product_tag":[],"class_list":["post-4101","product","type-product","status-publish","has-post-thumbnail","hentry","product_cat-pozostale","product_shipping_class-rodzaj-wysylki-2"],"aioseo_notices":[],"_links":{"self":[{"href":"https:\/\/kwintesencja.art\/pl\/wp-json\/wp\/v2\/product\/4101","targetHints":{"allow":["GET"]}}],"collection":[{"href":"https:\/\/kwintesencja.art\/pl\/wp-json\/wp\/v2\/product"}],"about":[{"href":"https:\/\/kwintesencja.art\/pl\/wp-json\/wp\/v2\/types\/product"}],"wp:featuredmedia":[{"embeddable":true,"href":"https:\/\/kwintesencja.art\/pl\/wp-json\/wp\/v2\/media\/4102"}],"wp:attachment":[{"href":"https:\/\/kwintesencja.art\/pl\/wp-json\/wp\/v2\/media?parent=4101"}],"wp:term":[{"taxonomy":"product_cat","embeddable":true,"href":"https:\/\/kwintesencja.art\/pl\/wp-json\/wp\/v2\/product_cat?post=4101"},{"taxonomy":"product_tag","embeddable":true,"href":"https:\/\/kwintesencja.art\/pl\/wp-json\/wp\/v2\/product_tag?post=4101"}],"curies":[{"name":"wp","href":"https:\/\/api.w.org\/{rel}","templated":true}]}}