{"id":4089,"date":"2023-04-01T19:19:57","date_gmt":"2023-04-01T17:19:57","guid":{"rendered":"https:\/\/kwintesencja.art\/?post_type=product&#038;p=4089"},"modified":"2023-08-22T12:23:20","modified_gmt":"2023-08-22T10:23:20","slug":"pustynia","status":"publish","type":"product","link":"https:\/\/kwintesencja.art\/pl\/product\/pustynia\/","title":{"rendered":"Pustynia"},"content":{"rendered":"<p>Mark Kostabi urodzi\u0142 si\u0119 w Los Angeles 27 listopada 1960 roku w rodzinie esto\u0144skich imigrant\u00f3w Kaljo i Rity Kostabi. Wychowa\u0142 si\u0119 w Whittier w Kalifornii, studiowa\u0142 rysunek i malarstwo na California State University w Fullerton. W 1982 roku przeni\u00f3s\u0142 si\u0119 do Nowego Jorku i do 1984 roku sta\u0142 si\u0119 wybitn\u0105 postaci\u0105 sceny artystycznej East Village , dobywaj\u0105c nagrod\u0119 \u201eProliferation Prize\u201d od East Village Eye za udzia\u0142 w wi\u0119kszej liczbie wystaw sztuki ni\u017c w jakimkolwiek innym Nowym Jorku artysta.<\/p>\n<p><a name=\"cite_ref-5\"><\/a><a name=\"cite_ref-seether_6-0\"><\/a><a name=\"cite_ref-Publications2003_2-1\"><\/a> Kostabi jest najbardziej znany ze swoich obraz\u00f3w postaci bez twarzy, kt\u00f3re cz\u0119sto komentuj\u0105 wsp\u00f3\u0142czesne problemy polityczne, spo\u0142eczne i psychologiczne, a kt\u00f3re maj\u0105 wizualne korzenie stylistyczne w tw\u00f3rczo\u015bci Giorgio de Chirico i Fernanda L\u00e9gera . Opr\u00f3cz tradycyjnej ekspozycji w \u015bwiecie sztuki, Kostabi zaprojektowa\u0142 ok\u0142adki album\u00f3w dla Guns N&#8217; Roses ( Use Your Illusion ) i The Ramones ( \u00a1Adios Amigos! ), Seether ( Holding Onto Strings Better Left to Fray ), Jimmy Scott (Wstrzymuj\u0105c lata), B\u0142ysk(Sound in Silence), RK: Roman Klun (Kingsway), Psychotica (Espina) i liczne produkty, w tym zegarek Swatch , wazony Alessi, fili\u017canki do espresso Rosenthal, szklanki do mleka Ritzenhoff i r\u00f3\u017cowa koszulka Giro d&#8217;Italia.<\/p>\n","protected":false},"excerpt":{"rendered":"<p>Grafika, edycja limitowana 50 egzemplarzy, na papierze Fabriano Cotton Privilege.<br \/>\nKa\u017cda grafika jest indywidualnie numerowana.<br \/>\nNapis o\u0142\u00f3wkiem l.d.: 24\/50, u do\u0142u: Kostabi 2020<br \/>\nWymiary: 50 cm x 70 cm (arkusz)<br \/>\nNa dole sucha piecz\u0119\u0107 wydawcy.<br \/>\nStan zachowania: bardzo dobry<\/p>\n","protected":false},"featured_media":4092,"template":"","meta":{"_monsterinsights_skip_tracking":false,"_monsterinsights_sitenote_active":false,"_monsterinsights_sitenote_note":"","_monsterinsights_sitenote_category":0,"_themeisle_gutenberg_block_has_review":false},"product_cat":[41],"product_tag":[223],"class_list":["post-4089","product","type-product","status-publish","has-post-thumbnail","hentry","product_cat-grafiki","product_tag-kostabi-mark","product_shipping_class-rodzaj-wysylki-2"],"aioseo_notices":[],"_links":{"self":[{"href":"https:\/\/kwintesencja.art\/pl\/wp-json\/wp\/v2\/product\/4089","targetHints":{"allow":["GET"]}}],"collection":[{"href":"https:\/\/kwintesencja.art\/pl\/wp-json\/wp\/v2\/product"}],"about":[{"href":"https:\/\/kwintesencja.art\/pl\/wp-json\/wp\/v2\/types\/product"}],"wp:featuredmedia":[{"embeddable":true,"href":"https:\/\/kwintesencja.art\/pl\/wp-json\/wp\/v2\/media\/4092"}],"wp:attachment":[{"href":"https:\/\/kwintesencja.art\/pl\/wp-json\/wp\/v2\/media?parent=4089"}],"wp:term":[{"taxonomy":"product_cat","embeddable":true,"href":"https:\/\/kwintesencja.art\/pl\/wp-json\/wp\/v2\/product_cat?post=4089"},{"taxonomy":"product_tag","embeddable":true,"href":"https:\/\/kwintesencja.art\/pl\/wp-json\/wp\/v2\/product_tag?post=4089"}],"curies":[{"name":"wp","href":"https:\/\/api.w.org\/{rel}","templated":true}]}}