{"id":4061,"date":"2023-04-01T18:21:00","date_gmt":"2023-04-01T16:21:00","guid":{"rendered":"https:\/\/kwintesencja.art\/?post_type=product&#038;p=4061"},"modified":"2023-04-01T18:21:00","modified_gmt":"2023-04-01T16:21:00","slug":"samotnosc","status":"publish","type":"product","link":"https:\/\/kwintesencja.art\/pl\/product\/samotnosc\/","title":{"rendered":"Samotno\u015b\u0107"},"content":{"rendered":"<p>O arty\u015bcie czytaj<a href=\"https:\/\/kwintesencja.art\/2022\/11\/09\/edward-hopper-malarz-samotnosci\/\" target=\"_blank\" rel=\"noopener\"> TUTAJ<\/a><\/p>\n","protected":false},"excerpt":{"rendered":"<p>Tytu\u0142: Samotno\u015b\u0107<br \/>\nAutor: Edward Hopper (1882-1967)<br \/>\nRok: 1920<br \/>\nTechnika: Serigrafia<br \/>\nOprawa: Zdobiona rama za szk\u0142em antyrefleksyjnym<br \/>\nPodpis: odr\u0119czny o\u0142\u00f3wkiem: P.d.: E. Hopper 1920<br \/>\nEdycja limitowana, l.d.: 9\/10<br \/>\nWymiary: w \u015bw.p-p. 49,5 x 69 cm, z ramk\u0105 60 x 79 cm<\/p>\n","protected":false},"featured_media":4059,"template":"","meta":{"_monsterinsights_skip_tracking":false,"_monsterinsights_sitenote_active":false,"_monsterinsights_sitenote_note":"","_monsterinsights_sitenote_category":0,"_themeisle_gutenberg_block_has_review":false},"product_cat":[41],"product_tag":[179],"class_list":["post-4061","product","type-product","status-publish","has-post-thumbnail","hentry","product_cat-grafiki","product_tag-hopper-edward"],"aioseo_notices":[],"_links":{"self":[{"href":"https:\/\/kwintesencja.art\/pl\/wp-json\/wp\/v2\/product\/4061","targetHints":{"allow":["GET"]}}],"collection":[{"href":"https:\/\/kwintesencja.art\/pl\/wp-json\/wp\/v2\/product"}],"about":[{"href":"https:\/\/kwintesencja.art\/pl\/wp-json\/wp\/v2\/types\/product"}],"wp:featuredmedia":[{"embeddable":true,"href":"https:\/\/kwintesencja.art\/pl\/wp-json\/wp\/v2\/media\/4059"}],"wp:attachment":[{"href":"https:\/\/kwintesencja.art\/pl\/wp-json\/wp\/v2\/media?parent=4061"}],"wp:term":[{"taxonomy":"product_cat","embeddable":true,"href":"https:\/\/kwintesencja.art\/pl\/wp-json\/wp\/v2\/product_cat?post=4061"},{"taxonomy":"product_tag","embeddable":true,"href":"https:\/\/kwintesencja.art\/pl\/wp-json\/wp\/v2\/product_tag?post=4061"}],"curies":[{"name":"wp","href":"https:\/\/api.w.org\/{rel}","templated":true}]}}