{"id":4034,"date":"2023-03-10T13:06:29","date_gmt":"2023-03-10T12:06:29","guid":{"rendered":"https:\/\/kwintesencja.art\/?post_type=product&#038;p=4034"},"modified":"2023-05-23T15:25:22","modified_gmt":"2023-05-23T13:25:22","slug":"czy-to-jest-konieczne-milosc-szczesliwa","status":"publish","type":"product","link":"https:\/\/kwintesencja.art\/pl\/product\/czy-to-jest-konieczne-milosc-szczesliwa\/","title":{"rendered":"Czy to jest konieczne? (Mi\u0142o\u015b\u0107 szcz\u0119\u015bliwa)"},"content":{"rendered":"<p>Jolanta Wi\u0119c\u0142aw (ur. 1976) Absolwentka Uniwersytetu Pedagogicznego w Krakowie \/ Wydzia\u0142 Sztuki, kierunek: edukacja artystyczna w zakresie sztuk plastycznych.<br \/>\nDyplom z wyr\u00f3\u017cnieniem w pracowni malarstwa Romualda Oramusa (2015 r.). Zajmuje si\u0119 tworzeniem kola\u017cy analogowych oraz fotografi\u0105.<br \/>\n* kola\u017c zainspirowany wierszem Wis\u0142awy Szymborskiej<\/p>\n<p><i><b>Konkurs pi\u0119kno\u015bci m\u0119skiej <\/b><\/i><\/p>\n<p>Od szcz\u0119k do pi\u0119ty wszed\u0142 napi\u0119ty.<\/p>\n<p>Oliwne na nim firmamenty.<\/p>\n<p>Ten tylko mo\u017ce by\u0107 wybrany,<\/p>\n<p>kto jest jak strucla zasup\u0142any.<\/p>\n<p>Z nied\u017awiedziem bierze si\u0119 za bary<\/p>\n<p>gro\u017anym (chocia\u017c go wcale nie ma).<\/p>\n<p>Trzy niewidzialne jaguary<\/p>\n<p>padaj\u0105 pod ciosami trzema.<\/p>\n<p>Rozkroku mistrz i przykucania.<\/p>\n<p>Brzuch ma w dwudziestu pi\u0119ciu minach.<\/p>\n<p>Bij\u0105 mu brawo, on si\u0119 k\u0142ania<\/p>\n<p>na odpowiednich witaminach.<\/p>\n","protected":false},"excerpt":{"rendered":"<p>Jolanta Wi\u0119c\u0142aw &#8211; Czy to jest konieczne? (Mi\u0142o\u015b\u0107 szcz\u0119\u015bliwa) &#8211; collage, technika w\u0142asna, 14,5 x 22 cm<br \/>\nPraca sygnowana i oprawiona<br \/>\nWystaw\u0119 prac Jolanty Wi\u0119c\u0142aw mo\u017cna ogl\u0105da\u0107 w Centrum Sztuki Mo\u015bcice w Tarnowie, w dniach: 17 marca &#8211; 14 kwietnia 2023<\/p>\n","protected":false},"featured_media":4035,"template":"","meta":{"_monsterinsights_skip_tracking":false,"_monsterinsights_sitenote_active":false,"_monsterinsights_sitenote_note":"","_monsterinsights_sitenote_category":0,"_themeisle_gutenberg_block_has_review":false},"product_cat":[39,15],"product_tag":[129],"class_list":["post-4034","product","type-product","status-publish","has-post-thumbnail","hentry","product_cat-obrazy","product_cat-pozostale","product_tag-wieclaw-jolanta","product_shipping_class-rodzaj-wysylki-2"],"aioseo_notices":[],"_links":{"self":[{"href":"https:\/\/kwintesencja.art\/pl\/wp-json\/wp\/v2\/product\/4034","targetHints":{"allow":["GET"]}}],"collection":[{"href":"https:\/\/kwintesencja.art\/pl\/wp-json\/wp\/v2\/product"}],"about":[{"href":"https:\/\/kwintesencja.art\/pl\/wp-json\/wp\/v2\/types\/product"}],"wp:featuredmedia":[{"embeddable":true,"href":"https:\/\/kwintesencja.art\/pl\/wp-json\/wp\/v2\/media\/4035"}],"wp:attachment":[{"href":"https:\/\/kwintesencja.art\/pl\/wp-json\/wp\/v2\/media?parent=4034"}],"wp:term":[{"taxonomy":"product_cat","embeddable":true,"href":"https:\/\/kwintesencja.art\/pl\/wp-json\/wp\/v2\/product_cat?post=4034"},{"taxonomy":"product_tag","embeddable":true,"href":"https:\/\/kwintesencja.art\/pl\/wp-json\/wp\/v2\/product_tag?post=4034"}],"curies":[{"name":"wp","href":"https:\/\/api.w.org\/{rel}","templated":true}]}}