{"id":4029,"date":"2023-03-10T12:58:35","date_gmt":"2023-03-10T11:58:35","guid":{"rendered":"https:\/\/kwintesencja.art\/?post_type=product&#038;p=4029"},"modified":"2025-07-29T14:03:14","modified_gmt":"2025-07-29T12:03:14","slug":"plaza-vii","status":"publish","type":"product","link":"https:\/\/kwintesencja.art\/pl\/product\/plaza-vii\/","title":{"rendered":"Pla\u017ca VII"},"content":{"rendered":"<p>Jakub Elwertowski &#8211; doktor sztuki, artysta malarz, grafik deisgner, <span class=\"x4k7w5x x1h91t0o x1h9r5lt xv2umb2 x1beo9mf xaigb6o x12ejxvf x3igimt xarpa2k xedcshv x1lytzrv x1t2pt76 x7ja8zs x1qrby5j x1jfb8zj\">wyk\u0142adowca Wydzia\u0142u Sztuk Projektowych Politechniki Bydgoskiej\u00a0na kierunku komunikacja wizualna.<\/span><\/p>\n","protected":false},"excerpt":{"rendered":"<p>Akryl na p\u0142\u00f3tnie. Wymiary 120 x 120 cm<br \/>\nWystaw\u0119 prac Jakuba Elwertowskiego mo\u017cna ogl\u0105da\u0107 w Centrum Sztuki Mo\u015bcice w Tarnowie, w dniach: 17 marca &#8211; 14 kwietnia 2023<\/p>\n","protected":false},"featured_media":4030,"template":"","meta":{"_monsterinsights_skip_tracking":false,"_monsterinsights_sitenote_active":false,"_monsterinsights_sitenote_note":"","_monsterinsights_sitenote_category":0,"_themeisle_gutenberg_block_has_review":false},"product_cat":[39],"product_tag":[160],"class_list":["post-4029","product","type-product","status-publish","has-post-thumbnail","hentry","product_cat-obrazy","product_tag-elwertowski-jakub","product_shipping_class-rodzaj-wysylki-3"],"aioseo_notices":[],"_links":{"self":[{"href":"https:\/\/kwintesencja.art\/pl\/wp-json\/wp\/v2\/product\/4029","targetHints":{"allow":["GET"]}}],"collection":[{"href":"https:\/\/kwintesencja.art\/pl\/wp-json\/wp\/v2\/product"}],"about":[{"href":"https:\/\/kwintesencja.art\/pl\/wp-json\/wp\/v2\/types\/product"}],"wp:featuredmedia":[{"embeddable":true,"href":"https:\/\/kwintesencja.art\/pl\/wp-json\/wp\/v2\/media\/4030"}],"wp:attachment":[{"href":"https:\/\/kwintesencja.art\/pl\/wp-json\/wp\/v2\/media?parent=4029"}],"wp:term":[{"taxonomy":"product_cat","embeddable":true,"href":"https:\/\/kwintesencja.art\/pl\/wp-json\/wp\/v2\/product_cat?post=4029"},{"taxonomy":"product_tag","embeddable":true,"href":"https:\/\/kwintesencja.art\/pl\/wp-json\/wp\/v2\/product_tag?post=4029"}],"curies":[{"name":"wp","href":"https:\/\/api.w.org\/{rel}","templated":true}]}}