{"id":4018,"date":"2023-03-10T12:47:18","date_gmt":"2023-03-10T11:47:18","guid":{"rendered":"https:\/\/kwintesencja.art\/?post_type=product&#038;p=4018"},"modified":"2025-12-01T11:29:26","modified_gmt":"2025-12-01T10:29:26","slug":"galarina","status":"publish","type":"product","link":"https:\/\/kwintesencja.art\/pl\/product\/galarina\/","title":{"rendered":"Galarina"},"content":{"rendered":"<p>Gala Dali (prawdziwe nazwisko Yelena Dyakonova) by\u0142a \u017con\u0105 Salvadora Dali. Ich zwi\u0105zek opiera\u0142 si\u0119 na zasadach wolnej mi\u0142o\u015bci. Nie waha\u0142 si\u0119 spe\u0142nia\u0107 swoich fantazji, kt\u00f3re obejmowa\u0142y seks z trzema osobami. Gdy Gala si\u0119 zestarza\u0142, zacz\u0105\u0142 przyci\u0105ga\u0107 uwag\u0119 m\u0119\u017cczyzn pieni\u0119dzmi. Kiedy brakowa\u0142o pieni\u0119dzy, kobieta p\u0142aci\u0142a obrazami m\u0119\u017ca.<\/p>\n<p>Salvador Dali (1904-1989) &#8211; Hiszpa\u0144ski malarz, grafik, dekorator, ilustrator i teoretyk malarstwa. By\u0142 czo\u0142owym przedstawicielem surrealizmu. W latach 1921-1926 ucz\u0119szcza\u0142 do Akademii San Fernando w Madrycie. W 1926r. wyjecha\u0142 do Pary\u017ca, gzdie pozna\u0142 m.in. P. Picassa i T. Tzar\u0119. Zwi\u0105zany by\u0142 z G. Eluard, kt\u00f3ra by\u0142a jego muz\u0105. Przyja\u017ani\u0142 si\u0119 z F. G. Lorca, L. Bunuel`em i R. Albertini. Kilka lat przebywa\u0142 w Ameryce. Od 1982r. po \u015bmierci swojej partnerki \u017cyciowej, wi\u00f3d\u0142 \u017cycie w odosobnieniu. Dzi\u0119ki indywidualnej metodzie tw\u00f3rczej (paranoicznokrytycznej) do swojej tw\u00f3rczo\u015bci wprowadzi\u0142 atmosfer\u0119 niezwyk\u0142o\u015bci i fantastyki. Wprowadzi\u0142 wirtuozersk\u0105 technik\u0119 granicz\u0105c\u0105 z iluzjonizmem.<\/p>\n","protected":false},"excerpt":{"rendered":"<p>Grafika, edycja limitowana 350 egzemplarzy, na\u00a0papierze czerpanym.<br \/>\nKa\u017cda grafika jest indywidualnie numerowana.<br \/>\nNapis o\u0142\u00f3wkiem l.d.: 22\/350. Wymiary: 50 cm\u00a0x\u00a070 cm\u00a0(arkusz)<br \/>\nNa dole sucha piecz\u0119\u0107\u00a0<span class=\"HwtZe\" lang=\"pl\">\u2013\u00a0<span class=\"jCAhz ChMk0b\"><span class=\"ryNqvb\">Certyfikowany Dali Dalart NV, Prawa autorskie 1981<\/span><\/span><\/span>.<br \/>\nStan zachowania: bardzo dobry<br \/>\nProweniencja:<br \/>\nkolekcja prywatna, Niemcy<\/p>\n","protected":false},"featured_media":4020,"template":"","meta":{"_monsterinsights_skip_tracking":false,"_monsterinsights_sitenote_active":false,"_monsterinsights_sitenote_note":"","_monsterinsights_sitenote_category":0,"_themeisle_gutenberg_block_has_review":false},"product_cat":[41],"product_tag":[196,350],"class_list":["post-4018","product","type-product","status-publish","has-post-thumbnail","hentry","product_cat-grafiki","product_tag-dali-salvador","product_tag-wyprzedaz","product_shipping_class-rodzaj-wysylki-2"],"aioseo_notices":[],"_links":{"self":[{"href":"https:\/\/kwintesencja.art\/pl\/wp-json\/wp\/v2\/product\/4018","targetHints":{"allow":["GET"]}}],"collection":[{"href":"https:\/\/kwintesencja.art\/pl\/wp-json\/wp\/v2\/product"}],"about":[{"href":"https:\/\/kwintesencja.art\/pl\/wp-json\/wp\/v2\/types\/product"}],"wp:featuredmedia":[{"embeddable":true,"href":"https:\/\/kwintesencja.art\/pl\/wp-json\/wp\/v2\/media\/4020"}],"wp:attachment":[{"href":"https:\/\/kwintesencja.art\/pl\/wp-json\/wp\/v2\/media?parent=4018"}],"wp:term":[{"taxonomy":"product_cat","embeddable":true,"href":"https:\/\/kwintesencja.art\/pl\/wp-json\/wp\/v2\/product_cat?post=4018"},{"taxonomy":"product_tag","embeddable":true,"href":"https:\/\/kwintesencja.art\/pl\/wp-json\/wp\/v2\/product_tag?post=4018"}],"curies":[{"name":"wp","href":"https:\/\/api.w.org\/{rel}","templated":true}]}}