{"id":4005,"date":"2023-03-10T12:31:10","date_gmt":"2023-03-10T11:31:10","guid":{"rendered":"https:\/\/kwintesencja.art\/?post_type=product&#038;p=4005"},"modified":"2024-03-07T19:55:53","modified_gmt":"2024-03-07T18:55:53","slug":"pasterz","status":"publish","type":"product","link":"https:\/\/kwintesencja.art\/pl\/product\/pasterz\/","title":{"rendered":"Pasterz"},"content":{"rendered":"<p>The Krasnals \u2013 polska grupa artystyczna powsta\u0142a w kwietniu 2008. Jej cz\u0142onkowie pozostaj\u0105 anonimowi. Dzia\u0142aj\u0105 g\u0142\u00f3wnie za po\u015brednictwem swojego bloga. Ich dzia\u0142ania, oparte na prowokacji, s\u0105 reakcj\u0105 na aktualn\u0105 sytuacj\u0119 spo\u0142eczn\u0105-polityczn\u0105 i wywo\u0142uj\u0105 skrajne oceny.<br \/>\nW swojej tw\u00f3rczo\u015bci malarskiej nawi\u0105zuj\u0105 m.in. do Wilhelma Sasnala, kt\u00f3ry jest dla nich symbolicznym momentem zwrotnym, pewnym symbolicznym szczytem, przekroczeniem bariery do kt\u00f3rej dosz\u0142a formacja kieruj\u0105ca rynkiem sztuki w Polsce. Krytykuj\u0105 polski i \u015bwiatowy rynek sztuki, kt\u00f3ry kszta\u0142towany jest przez grup\u0119 niewielu os\u00f3b, a sukces na nim mo\u017ce odnie\u015b\u0107 tylko ten artysta, kt\u00f3ry odpowiada kreowanym przez nich trendom i kt\u00f3ry ma odpowiednie znajomo\u015bci. Uwa\u017caj\u0105, i\u017c dopiero dzi\u0119ki internetowi na polskim rynku sztuki pojawia si\u0119 demokracja.<\/p>\n<p>Ze wzgl\u0119du na podobie\u0144stwo do dzie\u0142 Sasnala na wiosn\u0119 2008 ich obraz Untitled (Group of Monkeys with White Bananas), podpisany Whielki Krasnal, zosta\u0142 wyceniony przez dom aukcyjny Christie&#8217;s na 70 000 funt\u00f3w. Gdy zauwa\u017cono pomy\u0142k\u0119, wycena zosta\u0142a uniewa\u017cniona. W pa\u017adzierniku 2009 Piotr Ukla\u0144ski wykorzysta\u0142 sw\u00f3j portret, wykonany przez The Krasnals, jako cz\u0119\u015b\u0107 instalacji eksponowanej w Tate Modern.<\/p>\n<p>W listopadzie 2009 grupa zosta\u0142a nominowana do Paszport\u00f3w Polityki.<\/p>\n<p>W grudniu 2009 roku w Skwerze (Filii Centrum Artystycznego Fabryka Trzeciny) w Warszawie prezentowana by\u0142a pierwsza w Polsce wystawa The Krasnals. Oko\u0142o 20 wystawianych na niej prac komentowa\u0142o bie\u017c\u0105ce wydarzenia, takie jak wyb\u00f3r Baracka Obamy na prezydenta, \u015bmier\u0107 Michaela Jacksona czy koncert Madonny w Polsce.<\/p>\n<p>W 2011 r. The Krasnals wydali pierwszy numer swej gazety &#8220;Art Police Gazetce&#8221;, kt\u00f3rej premier\u0119 zorganizowali podczas Biennale Sztuki w Wenecji. Tam te\u017c rozpocz\u0119li festiwal r\u00f3\u017cowej rewolucji MAKE LOVE NOT ART. Na znak swojej niezgody na rz\u0105dy establishmentu sztuki polskiej, zamkn\u0119li w nocy pawilon Polonii na \u0142a\u0144cuch i k\u0142\u00f3dk\u0119, informuj\u0105c o swojej ekspozycji na mo\u015bcie w Arsenale jako jedynej reprezentacji Polski na Biennale.<\/p>\n<p>Nieod\u0142\u0105cznym sk\u0142adnikiem dzia\u0142alno\u015bci The Krasnals s\u0105 aukcje charytatywne dla dzieci. Od pocz\u0105tku istnienia grupy, wystawiaj\u0105 oni na nich swoje prace, najcz\u0119\u015bciej specjalnie namalowane w tym celu. W ci\u0105gu trzech lat dzia\u0142alno\u015bci The Krasnals uzbierali 164 281 z\u0142 dla potrzebuj\u0105cych dzieci z r\u00f3\u017cnych o\u015brodk\u00f3w. Na aukcjach Wielkiego Serca w latach 2008, 2009, 2010 obrazy Whielkiego Krasnala osi\u0105ga\u0142y najwy\u017csz\u0105 kwot\u0119, taka sytuacja nie mia\u0142a miejsca nigdy wcze\u015bniej. Obraz Blaszany B\u0119benek, wystawiony na aukcji Wielkiego Serca w 2010 roku osi\u0105gn\u0105\u0142 cen\u0119 33 500 z\u0142, co jest rekordem cenowym w\u015br\u00f3d aukcji charytatywnych w Polsce.<\/p>\n","protected":false},"excerpt":{"rendered":"<p>Tytu\u0142: Pasterz<br \/>\nAutor: The Krasnals \u2013 Whielki Krasnal<br \/>\nRok: 2021<br \/>\nTechnika: olej na p\u0142\u00f3tnie<br \/>\nPodpis: odr\u0119czny na odwrocie<br \/>\nOprawa: tak, czarna rama<br \/>\nWymiary: 50 x 50 cm, 55 x 55 cm (z ram\u0105)<br \/>\nStan zachowania: bardzo dobry<\/p>\n","protected":false},"featured_media":4006,"template":"","meta":{"_monsterinsights_skip_tracking":false,"_monsterinsights_sitenote_active":false,"_monsterinsights_sitenote_note":"","_monsterinsights_sitenote_category":0,"_themeisle_gutenberg_block_has_review":false},"product_cat":[39],"product_tag":[214],"class_list":["post-4005","product","type-product","status-publish","has-post-thumbnail","hentry","product_cat-obrazy","product_tag-krasnals","product_shipping_class-rodzaj-wysylki-2"],"aioseo_notices":[],"_links":{"self":[{"href":"https:\/\/kwintesencja.art\/pl\/wp-json\/wp\/v2\/product\/4005","targetHints":{"allow":["GET"]}}],"collection":[{"href":"https:\/\/kwintesencja.art\/pl\/wp-json\/wp\/v2\/product"}],"about":[{"href":"https:\/\/kwintesencja.art\/pl\/wp-json\/wp\/v2\/types\/product"}],"wp:featuredmedia":[{"embeddable":true,"href":"https:\/\/kwintesencja.art\/pl\/wp-json\/wp\/v2\/media\/4006"}],"wp:attachment":[{"href":"https:\/\/kwintesencja.art\/pl\/wp-json\/wp\/v2\/media?parent=4005"}],"wp:term":[{"taxonomy":"product_cat","embeddable":true,"href":"https:\/\/kwintesencja.art\/pl\/wp-json\/wp\/v2\/product_cat?post=4005"},{"taxonomy":"product_tag","embeddable":true,"href":"https:\/\/kwintesencja.art\/pl\/wp-json\/wp\/v2\/product_tag?post=4005"}],"curies":[{"name":"wp","href":"https:\/\/api.w.org\/{rel}","templated":true}]}}