{"id":3989,"date":"2023-03-09T20:37:54","date_gmt":"2023-03-09T19:37:54","guid":{"rendered":"https:\/\/kwintesencja.art\/?post_type=product&#038;p=3989"},"modified":"2025-03-28T18:50:10","modified_gmt":"2025-03-28T17:50:10","slug":"chlopiec-w-berecie","status":"publish","type":"product","link":"https:\/\/kwintesencja.art\/pl\/product\/chlopiec-w-berecie\/","title":{"rendered":"Ch\u0142opiec w berecie"},"content":{"rendered":"<p>Moj\u017cesz Kisling (1891 \u2013 1953). W latach 1907-11 studiowa\u0142 malarstwo w krakowskiej ASP u J\u00f3zefa Pankiewicza. Za jego rad\u0105, wraz z Szymonem Mondszajnem, wyjecha\u0142 na dalsze studia do Pary\u017ca. Tam jego tw\u00f3rczo\u015bci\u0105 zainteresowali si\u0119 krytycy Andr\u00e9 Salmon i Adolf Basler, otrzyma\u0142 te\u017c stypendium od anonimowego mecenasa z Rosji. Nazywany by\u0142 \u201eksi\u0119cia Montparnasse\u2019u ze wzgl\u0119du na koligacje towarzyskie i sukcesy finansowe. Przyjacielskie relacje \u0142\u0105czy\u0142y go z polskimi tw\u00f3rcami: Tadeuszem Makowskim, Eugeniuszem Zakiem, Ludwikiem Markusem, Romanem Kramsztykiem i Mel\u0105 Muter. Za udzia\u0142 w walkach Legii Cudzoziemskiej w czasie I wojny \u015bwiatowej otrzyma\u0142 obywatelstwo francuskie. Ranny podczas bitwy pod Clarency odby\u0142 w 1916 roku rekonwalescencj\u0119 w Hiszpanii. W czasie II wojny \u015bwiatowej wst\u0105pi\u0142 do armii francuskiej. W 1940 przez Hiszpani\u0119 i Portugali\u0119 wyjecha\u0142 do Nowego Jorku. Po wojnie ok. 1946 wr\u00f3ci\u0142 do Sanary-sur-Mer. By\u0142 jednym z najwybitniejszych przedstawicieli Ecole de Paris lat mi\u0119dzywojennych. Mia\u0142 wiele wystaw indywidualnych, w wystawach zbiorowych za granic\u0105 uczestniczy\u0142 cz\u0119sto jako artysta polski. By\u0142 jednym z czo\u0142owych reprezentant\u00f3w \u00c9cole de Paris skupiaj\u0105cej przyby\u0142ych z Europy \u015arodowo-Wschodniej i Rosji artyst\u00f3w \u017cydowskiego pochodzenia. \u201eWe wczesnej fazie tw\u00f3rczo\u015bci Kislinga z lat 1912-18 znalaz\u0142a wyraz fascynacja sztuk\u0105 Cezanne\u2019a; w martwych naturach i pejza\u017cach artysta syntetyzowa\u0142 i geometryzowa\u0142 bry\u0142y, spi\u0119trza\u0142 plany kompozycyjne, wprowadza\u0142 podwy\u017cszony punkt widzenia zacie\u015bniaj\u0105cy przestrze\u0144 obrazow\u0105. (\u2026) Pod wp\u0142ywem kontakt\u00f3w z kubistami malowa\u0142 po\u0142udniowo-francuskie pejza\u017ce o geometryzuj\u0105cej stylistyce zapo\u017cyczonej z obraz\u00f3w Picassa i Braque\u2019a z ok. 1909 roku. Poszukiwa\u0142 formu\u0142y dekoracyjno\u015bci, w kt\u00f3rej zsyntetyzowane bry\u0142y architektoniczne wsp\u00f3\u0142graj\u0105 z organicznymi formami natury. (\u2026) W pejza\u017cach ujmowa\u0142 kszta\u0142ty sylwetowo, za\u015b barwom nadawa\u0142 intensywno\u015b\u0107 por\u00f3wnywaln\u0105 z fowistyczn\u0105 palet\u0105. W latach 1917-18, pr\u00f3cz widok\u00f3w z Saint-Tropez, kt\u00f3re cechowa\u0142a rozbielona paleta i eteryczno\u015b\u0107, powstawa\u0142y krajobrazy o pog\u0142\u0119bionej ekspresji ewokowanej przez gam\u0119 ostrych, mocnych, kontrastowo zestawionych barw; te granicz\u0105ce z abstrakcj\u0105, st\u0119\u017cone w wyrazie kompozycje malowane by\u0142y impastowo, uko\u015bnymi poci\u0105gni\u0119ciami p\u0119dzla. Niekt\u00f3re widoki port\u00f3w z \u017cagl\u00f3wkami i opustosza\u0142ym nadbrze\u017cem nawi\u0105zywa\u0142y do poetyki \u201emalarstwa metafizycznego\u201d. W pejza\u017cach Kisling nawi\u0105zywa\u0142 tak\u017ce do szesnastowiecznych schemat\u00f3w kompozycyjnych, przedstawiaj\u0105c krajobrazy rozleg\u0142e, budowane kulisowo, o sugestywnie oddanej g\u0142\u0119bi przestrzennej\u201d \u2013 Irena Kossowska.<\/p>\n","protected":false},"excerpt":{"rendered":"<p>Litografia barwna, papier, 56 \u00d7 76 cm (arkusz)<br \/>\nSygnatura: l. d. o\u0142\u00f3wkiem: L\/L oraz p.d.: owalna piecz\u0119\u0107 t\u0142oczona \u201eATELIER KISLING\u201d i podpis o\u0142\u00f3wkiem: \u201eJean Kisling\u201d<br \/>\nProweniencja: kolekcja prywatna Pary\u017c<\/p>\n","protected":false},"featured_media":3991,"template":"","meta":{"_monsterinsights_skip_tracking":false,"_monsterinsights_sitenote_active":false,"_monsterinsights_sitenote_note":"","_monsterinsights_sitenote_category":0,"_themeisle_gutenberg_block_has_review":false},"product_cat":[41],"product_tag":[140],"class_list":["post-3989","product","type-product","status-publish","has-post-thumbnail","hentry","product_cat-grafiki","product_tag-kisling-mojzesz","product_shipping_class-rodzaj-wysylki-2"],"aioseo_notices":[],"_links":{"self":[{"href":"https:\/\/kwintesencja.art\/pl\/wp-json\/wp\/v2\/product\/3989","targetHints":{"allow":["GET"]}}],"collection":[{"href":"https:\/\/kwintesencja.art\/pl\/wp-json\/wp\/v2\/product"}],"about":[{"href":"https:\/\/kwintesencja.art\/pl\/wp-json\/wp\/v2\/types\/product"}],"wp:featuredmedia":[{"embeddable":true,"href":"https:\/\/kwintesencja.art\/pl\/wp-json\/wp\/v2\/media\/3991"}],"wp:attachment":[{"href":"https:\/\/kwintesencja.art\/pl\/wp-json\/wp\/v2\/media?parent=3989"}],"wp:term":[{"taxonomy":"product_cat","embeddable":true,"href":"https:\/\/kwintesencja.art\/pl\/wp-json\/wp\/v2\/product_cat?post=3989"},{"taxonomy":"product_tag","embeddable":true,"href":"https:\/\/kwintesencja.art\/pl\/wp-json\/wp\/v2\/product_tag?post=3989"}],"curies":[{"name":"wp","href":"https:\/\/api.w.org\/{rel}","templated":true}]}}