{"id":3961,"date":"2023-03-09T19:58:39","date_gmt":"2023-03-09T18:58:39","guid":{"rendered":"https:\/\/kwintesencja.art\/?post_type=product&#038;p=3961"},"modified":"2023-05-14T22:10:37","modified_gmt":"2023-05-14T20:10:37","slug":"montmartre","status":"publish","type":"product","link":"https:\/\/kwintesencja.art\/pl\/product\/montmartre\/","title":{"rendered":"Montmartre"},"content":{"rendered":"<p>Pary\u017canie odwiedzali Montmartre aby nacieszy\u0107 si\u0119 prostymi rozrywkami w wiejskiej w\u00f3wczas cz\u0119\u015bci miasta. Przy kieliszku wina, \u015bwie\u017cym pieczywie mogli wypoczywa\u0107 ciesz\u0105c swe oczy wspania\u0142\u0105 panoram\u0105 miasta i Sekwany rozpo\u015bcieraj\u0105ca si\u0119 ze wzg\u00f3rza.<br \/>\nZ biegiem czasu w s\u0105siedztwie m\u0142yn\u00f3w wyrasta\u0142y domy i fabryki. Moulin de Galette przyci\u0105ga\u0142o coraz wi\u0119cej ludzi. Jeden z m\u0142yn\u00f3w zosta\u0142 przekszta\u0142cony w wie\u017c\u0119 widokow\u0105. Tu\u017c obok otworzono sal\u0119 do ta\u0144c\u00f3w. Miejsce by\u0142o cz\u0119stym motywem obraz\u00f3w malarzy. Moulin de la Galette inspirowa\u0142o takich znanych artyst\u00f3w jak: Auguste Renoir, Vincent van Gogh, Henri de Tolouse Lautrec, Pablo Picasso, Modigliani, czy Marice Utrillo.<\/p>\n<p>Maurice Utrillo, w\u0142a\u015bc. Maurice Valadon (1883-1955) \u2013 francuski malarz i grafik, przedstawiciel \u00c9cole de Paris.<br \/>\nBy\u0142 nie\u015blubnym synem artystki i modelki Suzanne Valadon. W wieku 7 lat adoptowa\u0142 go katalo\u0144ski krytyk sztuki Migueal Utrillo y Molina. Alhokolik od dziecka, cygan b\u0142\u0105kaj\u0105cy si\u0119 mi\u0119dzy knajpami Montmartre\u2019u a izbami wytrze\u017awie\u0144 i szpitalami dla umys\u0142owo chorych.<br \/>\nZacz\u0105\u0142 malowa\u0107 w ramach terapii zwalczania alkoholizmu w wieku 18 lat. Do 1903 namalowa\u0142 ju\u017c setki widok\u00f3w paryskiego przedmie\u015bcia Montmagny. Jego pierwsze obrazy zdradzaj\u0105 wp\u0142ywy Camille\u2019a Pissarra i Alfreda Sisleya (tzw. okres Montmagny). W 1909 jego obraz znalaz\u0142 si\u0119 na Salonie Jesiennym. W tym czasie przesta\u0142 tworzy\u0107 w plenerze w spos\u00f3b impresjonistyczny i zacz\u0105\u0142 malowa\u0107 z poczt\u00f3wek. Skoncentrowa\u0142 si\u0119 na przedstawianiu bia\u0142ych budynk\u00f3w za pomoc\u0105 kleju, gipsu i bia\u0142ej farby. Powsta\u0142y wtedy jego najwybitniejsze obrazy. (tzw. okres bia\u0142y 1908-14). Nast\u0119pna faza tw\u00f3rczo\u015bci charakteryzuje si\u0119 jaskrawymi kolorami i wi\u0119kszym akcentem na lini\u0119 oraz nowym tematem: kobiety spaceruj\u0105ce po ulicy widziane plecami do widza (tzw. okres cloisonn\u00e9 1914-20). Po 1920 tworzy\u0142 obrazy wielobarwne, ale o mniejszych walorach artystycznych (tzw. okres barwny).<br \/>\nW 1912 uczestniczy\u0142 w wystawie sztuki francuskiej w Monachium. W 1913 mia\u0142 swoj\u0105 pierwsz\u0105 wystaw\u0119 indywidualn\u0105. W 1924 wskutek post\u0119puj\u0105cej choroby alkoholowej trafi\u0142 do wi\u0119zienia i usi\u0142owa\u0142 pope\u0142ni\u0107 samob\u00f3jstwo. W 1928 zosta\u0142 odznaczony Legi\u0105 Honorow\u0105. W 1935 roku o\u017ceni\u0142 si\u0119 z Lucie Valore, francusk\u0105 aktork\u0105, kt\u00f3ra wcze\u015bniej przyja\u017ani\u0142a si\u0119 z jego matk\u0105.<br \/>\nBy\u0142 malarzem niezwykle p\u0142odnym. Tylko w czasie I wojny \u015bwiatowej namalowa\u0142 1200 obraz\u00f3w olejnych. Katalog po\u015bmiertny jego dzie\u0142 wymienia ponad 3500 obraz\u00f3w. G\u0142\u00f3wnym tematem prac artysty sta\u0142 si\u0119 pejza\u017c miejski (w\u0105skie, ubogie uliczki, zau\u0142ki paryskie, szare mury, ma\u0142e miasteczka, prowincjonalne ko\u015bci\u00f3\u0142ki). Malowa\u0142 te\u017c portrety i martwe natury. Sporadycznie zajmowa\u0142 si\u0119 scenografi\u0105: w 1926 wykona\u0142 dekoracje dla zespo\u0142u Balety Rosyjskie Sergiusza Diagilewa, w 1948 wsp\u00f3\u0142pracowa\u0142 z Oper\u0105 Komiczn\u0105 w Pary\u017cu.<br \/>\nZmar\u0142 na zapalenie p\u0142uc.<\/p>\n","protected":false},"excerpt":{"rendered":"<p>Litografia barwna na papierze welinowym Arches.<br \/>\nWymiary 68 x 54 cm<br \/>\nSygnowany na p\u0142ycie p.d.; l.d. o\u0142\u00f3wkiem: HC (hors de commerce)<br \/>\nKontrasygnowana przez Jean Fabris (na odwrocie piecz\u0119\u0107 i odr\u0119czny podpis)<br \/>\n(Jean Fabris, francuski historyk sztuki i sekretarz wdowy po malarzu)<br \/>\nNieznaczne za\u0142amania papieru widoczne na zdj\u0119ciach.<\/p>\n","protected":false},"featured_media":3969,"template":"","meta":{"_monsterinsights_skip_tracking":false,"_monsterinsights_sitenote_active":false,"_monsterinsights_sitenote_note":"","_monsterinsights_sitenote_category":0,"_themeisle_gutenberg_block_has_review":false},"product_cat":[41],"product_tag":[220],"class_list":["post-3961","product","type-product","status-publish","has-post-thumbnail","hentry","product_cat-grafiki","product_tag-utrillo-maurice","product_shipping_class-rodzaj-wysylki-2"],"aioseo_notices":[],"_links":{"self":[{"href":"https:\/\/kwintesencja.art\/pl\/wp-json\/wp\/v2\/product\/3961","targetHints":{"allow":["GET"]}}],"collection":[{"href":"https:\/\/kwintesencja.art\/pl\/wp-json\/wp\/v2\/product"}],"about":[{"href":"https:\/\/kwintesencja.art\/pl\/wp-json\/wp\/v2\/types\/product"}],"wp:featuredmedia":[{"embeddable":true,"href":"https:\/\/kwintesencja.art\/pl\/wp-json\/wp\/v2\/media\/3969"}],"wp:attachment":[{"href":"https:\/\/kwintesencja.art\/pl\/wp-json\/wp\/v2\/media?parent=3961"}],"wp:term":[{"taxonomy":"product_cat","embeddable":true,"href":"https:\/\/kwintesencja.art\/pl\/wp-json\/wp\/v2\/product_cat?post=3961"},{"taxonomy":"product_tag","embeddable":true,"href":"https:\/\/kwintesencja.art\/pl\/wp-json\/wp\/v2\/product_tag?post=3961"}],"curies":[{"name":"wp","href":"https:\/\/api.w.org\/{rel}","templated":true}]}}