{"id":3887,"date":"2023-03-03T22:54:53","date_gmt":"2023-03-03T21:54:53","guid":{"rendered":"https:\/\/kwintesencja.art\/?post_type=product&#038;p=3887"},"modified":"2025-12-01T11:33:25","modified_gmt":"2025-12-01T10:33:25","slug":"serce-dla-ukrainy","status":"publish","type":"product","link":"https:\/\/kwintesencja.art\/pl\/product\/serce-dla-ukrainy\/","title":{"rendered":"Serce dla Ukrainy"},"content":{"rendered":"<p><span lang=\"pl-PL\">Banksy (istnieje kilka wersji jego prawdziwego nazwiska: Robert Banks czy Robert Gunningham, Robin Baksy) urodzi\u0142 si\u0119 w 1974 roku w Anglii.<br \/>\nArtysta jest jednym z najs\u0142ynniejszych na \u015bwiecie tw\u00f3rc\u00f3w graffiti, jednak ukrywa swoj\u0105 to\u017csamo\u015b\u0107 i nikt nie wie, jak naprawd\u0119 wygl\u0105da.<\/span><br \/>\nBanksy u\u017cywa r\u00f3\u017cnych technik do przekazywania swoich wiadomo\u015bci, najcz\u0119\u015bciej humorystycznych, zwi\u0105zanych z kwestiami spo\u0142ecznymi i polityk\u0105. Jego oryginalna forma sztuki ulicznej, \u0142\u0105cz\u0105ca ze sob\u0105 graffiti i charakterystyczn\u0105 technik\u0119 szablonow\u0105 oraz odwa\u017cne i cz\u0119sto bardzo ryzykowne umiejscowienie prac, zyska\u0142a uznanie artyst\u00f3w i zosta\u0142a zauwa\u017cona przez media.<\/p>\n","protected":false},"excerpt":{"rendered":"<p>Grafika, edycja limitowana 150 egzemplarzy, na papierze bawe\u0142nianym.<br \/>\nKa\u017cda grafika jest indywidualnie numerowana.<br \/>\nNapis o\u0142\u00f3wkiem l.d.: 20\/150, p.d.: faksymile \u201eBanksy\u201d.<br \/>\nWymiary: 50 cm x 70 cm (arkusz)<br \/>\nNa dole sucha piecz\u0119\u0107 wydawcy.<br \/>\nStan zachowania: bardzo dobry<\/p>\n","protected":false},"featured_media":3895,"template":"","meta":{"_monsterinsights_skip_tracking":false,"_monsterinsights_sitenote_active":false,"_monsterinsights_sitenote_note":"","_monsterinsights_sitenote_category":0,"_themeisle_gutenberg_block_has_review":false},"product_cat":[41],"product_tag":[217,350],"class_list":["post-3887","product","type-product","status-publish","has-post-thumbnail","hentry","product_cat-grafiki","product_tag-banksy","product_tag-wyprzedaz","product_shipping_class-rodzaj-wysylki-1"],"aioseo_notices":[],"_links":{"self":[{"href":"https:\/\/kwintesencja.art\/pl\/wp-json\/wp\/v2\/product\/3887","targetHints":{"allow":["GET"]}}],"collection":[{"href":"https:\/\/kwintesencja.art\/pl\/wp-json\/wp\/v2\/product"}],"about":[{"href":"https:\/\/kwintesencja.art\/pl\/wp-json\/wp\/v2\/types\/product"}],"wp:featuredmedia":[{"embeddable":true,"href":"https:\/\/kwintesencja.art\/pl\/wp-json\/wp\/v2\/media\/3895"}],"wp:attachment":[{"href":"https:\/\/kwintesencja.art\/pl\/wp-json\/wp\/v2\/media?parent=3887"}],"wp:term":[{"taxonomy":"product_cat","embeddable":true,"href":"https:\/\/kwintesencja.art\/pl\/wp-json\/wp\/v2\/product_cat?post=3887"},{"taxonomy":"product_tag","embeddable":true,"href":"https:\/\/kwintesencja.art\/pl\/wp-json\/wp\/v2\/product_tag?post=3887"}],"curies":[{"name":"wp","href":"https:\/\/api.w.org\/{rel}","templated":true}]}}