{"id":3788,"date":"2023-01-30T21:17:31","date_gmt":"2023-01-30T20:17:31","guid":{"rendered":"https:\/\/kwintesencja.art\/?post_type=product&#038;p=3788"},"modified":"2023-01-30T21:17:31","modified_gmt":"2023-01-30T20:17:31","slug":"ognisty-kwiat","status":"publish","type":"product","link":"https:\/\/kwintesencja.art\/pl\/product\/ognisty-kwiat\/","title":{"rendered":"Ognisty kwiat"},"content":{"rendered":"<p>Henryk Opa\u0142ka (1929-2018) w latach II wojny \u015bwiatowej przebywa\u0142 wraz z rodzin\u0105 (m. in. m\u0142odszym bratem Romanem, przysz\u0142ym malarzem) w Niemczech. Tam pobiera\u0142 pierwsze nauki artystyczne. Po wojnie wr\u00f3ci\u0142 do Francji, sk\u0105d w 1946 przyjecha\u0142 do Polski. Nie uko\u0144czy\u0142 uczelni artystycznej, cho\u0107 wieloletnie zwi\u0105zki \u0142\u0105czy\u0142y go z dydaktyk\u0105. W latach 1959-1990 by\u0142 instruktorem w Do\u015bwiadczalnej Pracowni Litografii ZPAP na Saskiej K\u0119pie w Warszawie. W latach 1980-1984 pracowa\u0142 te\u017c jako mistrz w Pracowni Litografii prof. Mariana Rojewskiego na Wydziale Grafiki warszawskiej ASP. Od lat 80. tworzy i wystawia autorskie litografie, za kt\u00f3re otrzyma\u0142 wiele wyr\u00f3\u017cnie\u0144, m. in. wyr\u00f3\u017cnienie na Og\u00f3lnopolskiej Wystawie Malarstwa i Grafiki, Warszawa 1986; srebrny medal na Mi\u0119dzynarodowym Festiwalu Sztuki, Bagdad 1988; nagroda na I Biennale Litografii Kraj\u00f3w Nadba\u0142tyckich, Nidzica 1996; 5 medali na kolejnych wystawach Premio Internazionale di Grafica del Pomero \u2013 Villa Burba, Mediolan 1997-2004. Ponad 20 razy by\u0142 laureatem nagr\u00f3d r\u00f3\u017cnego stopnia w warszawskim konkursie \u201cNajlepsza Grafika Miesi\u0105ca\u201d. Opr\u00f3cz litografii zajmuje si\u0119 malarstwem.<\/p>\n","protected":false},"excerpt":{"rendered":"<div class=\"woocommerce-product-details__short-description\">\n<div class=\"woocommerce-product-details__short-description\">\n<p><strong>PRODUKT NIEDOST\u0118PNY<br \/>\n<\/strong>Tytu\u0142: Bez\u00a0tytu\u0142u<br \/>\nAutor: Henryk Opa\u0142ka<br \/>\nRok: nieznany<br \/>\nTechnika: Litografia na\u00a0papierze<br \/>\nOprawa: tak, rama i\u00a0szk\u0142o antyrefleksyjne<br \/>\nPodpis: odr\u0119czny\u00a0 o\u0142\u00f3wkiem: p.d.: H.Opa\u0142ka, l.d.:\u00a0 Ognisty kwiat, na dole: Litografia 7\/16<br \/>\nWymiary: 60 \u00d7 80 cm (z ram\u0105)<br \/>\nStan zachowania: bardzo dobry<br \/>\nPraca pochodzi ze zbior\u00f3w rodzinnych<br \/>\nCertyfikat autentyczno\u015bci<\/p>\n<\/div>\n<\/div>\n","protected":false},"featured_media":3789,"template":"","meta":{"_monsterinsights_skip_tracking":false,"_monsterinsights_sitenote_active":false,"_monsterinsights_sitenote_note":"","_monsterinsights_sitenote_category":0,"_themeisle_gutenberg_block_has_review":false},"product_cat":[41],"product_tag":[66],"class_list":["post-3788","product","type-product","status-publish","has-post-thumbnail","hentry","product_cat-grafiki","product_tag-opalka-henryk"],"aioseo_notices":[],"_links":{"self":[{"href":"https:\/\/kwintesencja.art\/pl\/wp-json\/wp\/v2\/product\/3788","targetHints":{"allow":["GET"]}}],"collection":[{"href":"https:\/\/kwintesencja.art\/pl\/wp-json\/wp\/v2\/product"}],"about":[{"href":"https:\/\/kwintesencja.art\/pl\/wp-json\/wp\/v2\/types\/product"}],"wp:featuredmedia":[{"embeddable":true,"href":"https:\/\/kwintesencja.art\/pl\/wp-json\/wp\/v2\/media\/3789"}],"wp:attachment":[{"href":"https:\/\/kwintesencja.art\/pl\/wp-json\/wp\/v2\/media?parent=3788"}],"wp:term":[{"taxonomy":"product_cat","embeddable":true,"href":"https:\/\/kwintesencja.art\/pl\/wp-json\/wp\/v2\/product_cat?post=3788"},{"taxonomy":"product_tag","embeddable":true,"href":"https:\/\/kwintesencja.art\/pl\/wp-json\/wp\/v2\/product_tag?post=3788"}],"curies":[{"name":"wp","href":"https:\/\/api.w.org\/{rel}","templated":true}]}}