{"id":3768,"date":"2023-01-24T23:36:53","date_gmt":"2023-01-24T22:36:53","guid":{"rendered":"https:\/\/kwintesencja.art\/?post_type=product&#038;p=3768"},"modified":"2023-01-24T23:36:53","modified_gmt":"2023-01-24T22:36:53","slug":"malpy-z-bialymi-bananami","status":"publish","type":"product","link":"https:\/\/kwintesencja.art\/pl\/product\/malpy-z-bialymi-bananami\/","title":{"rendered":"Ma\u0142py z bia\u0142ymi bananami"},"content":{"rendered":"<p>&#8220;Dom aukcyjny Christie\u2019s wyceni\u0142 obraz Whielkiego Krasnala \u201eMa\u0142py z bia\u0142ymi bananami\u201d na 70 tys. funt\u00f3w. Jest on odpowiedzi\u0105 na prac\u0119 \u201eMa\u0142py z bia\u0142ym marginesem\u201d Wilhelma Sasnala. Krasnal, czy Sasnal, wa\u017cne, \u017ce namalowa\u0142 ma\u0142py w spos\u00f3b akceptowany przez krytyk\u00f3w i domy aukcyjne. Obraz musi by\u0107 te\u017c odpowiednio stary. Je\u015bli zosta\u0142 stworzony w ostatnim czasie, trzeba da\u0107 inny starszy i ju\u017c dom aukcyjny jest usatysfakcjonowany. Kolekcjoner, kt\u00f3ry przyjdzie kupi\u0107 obraz musi by\u0107 przekonany, \u017ce kupuje dzie\u0142o. Skoro wcze\u015bniej obraz z ma\u0142pami bardzo znanego artysty sprzeda\u0142 si\u0119 za kilkadziesi\u0105t tysi\u0119cy funt\u00f3w, to dlaczego by nie wystawi\u0107 podobnego obrazu nieznanego artysty (ale o dobrze brzmi\u0105cym nazwisku) Whielkiego Krasnala za podobn\u0105 sum\u0119? Akcja The Krasnals obna\u017ca mechanizm dzia\u0142ania rynku sztuki i o\u015bmiesza schematyczno\u015b\u0107 my\u015blenia krytyk\u00f3w. Ma\u0142o kto wyobra\u017ca sobie, \u017ce powa\u017cny dom aukcyjny mo\u017ce dzia\u0142a\u0107 tak nieprofesjonalnie. Przyzwyczaili\u015bmy si\u0119 ju\u017c do braku profesjonalizmu krytyk\u00f3w, instytucji zajmuj\u0105cych si\u0119 promocj\u0105 sztuki, galerii, a nawet samych artyst\u00f3w, ale liczyli\u015bmy, \u017ce tak znany dom aukcyjny nie da si\u0119 wci\u0105gn\u0105\u0107 w przygotowan\u0105 prowokacj\u0119. Po raz kolejny przekonali\u015bmy si\u0119, \u017ce rynkiem sztuki rz\u0105dzi protekcjonizm i uk\u0142ady, sama sztuka zesz\u0142a na plan dalszy. Niestety zawi\u00f3d\u0142 r\u00f3wnie\u017c odbiorca sztuki, kt\u00f3ry kieruje si\u0119 tym, co narzucaj\u0105 mu w spos\u00f3b nachalny kreatorzy trend\u00f3w czerpi\u0105cy gigantyczne korzy\u015bci ze sprzeda\u017cy wypromowanych przez siebie cz\u0119sto miernych artyst\u00f3w. Dla m\u0142odych i zdolnych artyst\u00f3w, kt\u00f3rzy do tworzenia swoich dzie\u0142 wykorzystuj\u0105 w\u0142asn\u0105 wyobra\u017ani\u0119 i warsztat kszta\u0142towany przez d\u0142ugie lata, a nie rzutniki, dzi\u0119ki kt\u00f3rym tworzy si\u0119 kopie Internetu taki stan rzeczy oznacza, \u017ce musz\u0105 liczy\u0107 na marketing i protektor\u00f3w, a nie fachowe i rzetelne podej\u015bcie do swojej pracy. &#8221;<\/p>\n<p>The Krasnals<\/p>\n","protected":false},"excerpt":{"rendered":"<p>Tytu\u0142: Ma\u0142py z bia\u0142ymi bananami<br \/>\nAutor: The Krasnals &#8211; Whielki Krasnal<br \/>\nRok: 2010<br \/>\nTechnika: serigrafia na papierze<br \/>\nPodpis: odr\u0119czny na odwrocie<br \/>\nOprawa: tak, czarna rama<br \/>\nWymiary: 50 x 50 cm, 5 x 55 cm (z ram\u0105)<br \/>\nStan zachowania: bardzo dobry<\/p>\n","protected":false},"featured_media":3769,"template":"","meta":{"_monsterinsights_skip_tracking":false,"_monsterinsights_sitenote_active":false,"_monsterinsights_sitenote_note":"","_monsterinsights_sitenote_category":0,"_themeisle_gutenberg_block_has_review":false},"product_cat":[39],"product_tag":[214],"class_list":["post-3768","product","type-product","status-publish","has-post-thumbnail","hentry","product_cat-obrazy","product_tag-krasnals"],"aioseo_notices":[],"_links":{"self":[{"href":"https:\/\/kwintesencja.art\/pl\/wp-json\/wp\/v2\/product\/3768","targetHints":{"allow":["GET"]}}],"collection":[{"href":"https:\/\/kwintesencja.art\/pl\/wp-json\/wp\/v2\/product"}],"about":[{"href":"https:\/\/kwintesencja.art\/pl\/wp-json\/wp\/v2\/types\/product"}],"wp:featuredmedia":[{"embeddable":true,"href":"https:\/\/kwintesencja.art\/pl\/wp-json\/wp\/v2\/media\/3769"}],"wp:attachment":[{"href":"https:\/\/kwintesencja.art\/pl\/wp-json\/wp\/v2\/media?parent=3768"}],"wp:term":[{"taxonomy":"product_cat","embeddable":true,"href":"https:\/\/kwintesencja.art\/pl\/wp-json\/wp\/v2\/product_cat?post=3768"},{"taxonomy":"product_tag","embeddable":true,"href":"https:\/\/kwintesencja.art\/pl\/wp-json\/wp\/v2\/product_tag?post=3768"}],"curies":[{"name":"wp","href":"https:\/\/api.w.org\/{rel}","templated":true}]}}