{"id":3753,"date":"2023-01-24T22:47:58","date_gmt":"2023-01-24T21:47:58","guid":{"rendered":"https:\/\/kwintesencja.art\/?post_type=product&#038;p=3753"},"modified":"2023-02-13T08:11:02","modified_gmt":"2023-02-13T07:11:02","slug":"prog","status":"publish","type":"product","link":"https:\/\/kwintesencja.art\/pl\/product\/prog\/","title":{"rendered":"Pr\u00f3g"},"content":{"rendered":"<p>Andrzej Pietsch (1932-2010) &#8211; artysta grafik, taternik i alpinista.<span lang=\"pl-PL\"> Urodzi\u0142 si\u0119 w 1932 roku w Krakowie, gdzie uko\u0144czy\u0142 Liceum Plastyczne.<\/span> Studiowa\u0142 na Akademii Sztuk Pi\u0119knych w Krakowie (1951-58 dyplom u prof. Mieczys\u0142awa Wejmana). W 1986 uzyska\u0142 tytu\u0142 profesora zwyczajnego. Wsp\u00f3\u0142pracowa\u0142 z kilkoma innymi uczelniami w kraju (m.in. w Poznaniu, Katowicach, Lublinie, Cieszynie), w okresie 1972-78 by\u0142 prorektorem ASP w Krakowie. Do roku 1999 mia\u0142 ok. 70 wystaw indywidualnych, w tym oko\u0142o po\u0142owy za granic\u0105, uczestniczy\u0142 w ponad 200 wystawach zbiorowych. Z czasem sta\u0142 si\u0119 jednym z najbardziej cenionych polskich grafik\u00f3w, od 1966 otrzymywa\u0142 wyr\u00f3\u017cnienia mi\u0119dzynarodowe. Zajmowa\u0142 si\u0119 m.in. wkl\u0119s\u0142odrukiem, tworzy\u0142 grafiki m.in. w kilku cyklach, np. &#8220;Aktorki&#8221; (od 1964), &#8220;Podr\u00f3\u017cni&#8221; i &#8220;Podr\u00f3\u017ce&#8221; (od 1966), &#8220;Trawy&#8221; (od 1984), a tak\u017ce (zw\u0142aszcza wcze\u015bniej) motywy g\u00f3rskie. Sta\u0142 si\u0119 te\u017c cenionym dydaktykiem (do 2000 roku o\u015bmiu z jego uczni\u00f3w sta\u0142o si\u0119 profesorami, a pod jego kierunkiem dyplomy uko\u0144czy\u0142o przesz\u0142o 170 student\u00f3w). Uczestnik wielu gremi\u00f3w konkursowych.<span lang=\"pl-PL\"> Wsp\u00f3\u0142organizator klubu tw\u00f3rc\u00f3w kultury \u201eKu\u017anica\u201d W 1969 roku otrzyma\u0142 nagrod\u0119 Ministerstwa Kultury i Sztuki III stopnia, by\u0142 laureatem Nagrody Artystycznej Miasta Krakowa (1974) i Nagrody Ministra Kultury i Sztuki (1975), a tak\u017ce innych nagr\u00f3d i wyr\u00f3\u017cnie\u0144 m.in. na MBG w Krakowie (1966,1968,1970), na Mi\u0119dzynarodowym Biennale Grafiki w Bradford (1976) i Fredrikstad (1984). W roku 1999 zdoby\u0142 Nagrod\u0119 R\u00f3wnorz\u0119dn\u0105 na Biennale Ma\u0142ych Form Grafiki w \u0141odzi. Zmar\u0142 30 listopada 2010\/ Pochowany na Cmentarzu Rakowickim w Krakowie (pas 79, rz\u0105d zachodni).<\/span><\/p>\n","protected":false},"excerpt":{"rendered":"<p>Tytu\u0142: Pr\u00f3g<br \/>\nAutor: Andrzej Pietsch<br \/>\nRok: 1964<br \/>\nTechnika: Akwaforta<br \/>\nOprawa: Nie<br \/>\nPodpis odr\u0119czny: p.d.: Andrzej Pietsch 1964<br \/>\nWymiary: 37 x 47 cm, 44,8 x 64 cm<br \/>\nStan zachowania: bardzo dobry<br \/>\nCertyfikat autentyczno\u015bci<\/p>\n","protected":false},"featured_media":3755,"template":"","meta":{"_monsterinsights_skip_tracking":false,"_monsterinsights_sitenote_active":false,"_monsterinsights_sitenote_note":"","_monsterinsights_sitenote_category":0,"_themeisle_gutenberg_block_has_review":false},"product_cat":[41],"product_tag":[159],"class_list":["post-3753","product","type-product","status-publish","has-post-thumbnail","hentry","product_cat-grafiki","product_tag-pietsch-andrzej","product_shipping_class-rodzaj-wysylki-2"],"aioseo_notices":[],"_links":{"self":[{"href":"https:\/\/kwintesencja.art\/pl\/wp-json\/wp\/v2\/product\/3753","targetHints":{"allow":["GET"]}}],"collection":[{"href":"https:\/\/kwintesencja.art\/pl\/wp-json\/wp\/v2\/product"}],"about":[{"href":"https:\/\/kwintesencja.art\/pl\/wp-json\/wp\/v2\/types\/product"}],"wp:featuredmedia":[{"embeddable":true,"href":"https:\/\/kwintesencja.art\/pl\/wp-json\/wp\/v2\/media\/3755"}],"wp:attachment":[{"href":"https:\/\/kwintesencja.art\/pl\/wp-json\/wp\/v2\/media?parent=3753"}],"wp:term":[{"taxonomy":"product_cat","embeddable":true,"href":"https:\/\/kwintesencja.art\/pl\/wp-json\/wp\/v2\/product_cat?post=3753"},{"taxonomy":"product_tag","embeddable":true,"href":"https:\/\/kwintesencja.art\/pl\/wp-json\/wp\/v2\/product_tag?post=3753"}],"curies":[{"name":"wp","href":"https:\/\/api.w.org\/{rel}","templated":true}]}}