{"id":3667,"date":"2023-01-11T19:02:52","date_gmt":"2023-01-11T18:02:52","guid":{"rendered":"https:\/\/kwintesencja.art\/?post_type=product&#038;p=3667"},"modified":"2025-12-17T21:08:57","modified_gmt":"2025-12-17T20:08:57","slug":"zwiastowanie","status":"publish","type":"product","link":"https:\/\/kwintesencja.art\/pl\/product\/zwiastowanie\/","title":{"rendered":"Zwiastowanie"},"content":{"rendered":"<p>Fra Angelico (tak\u017ce Beato Angelico lub Fra Giovanni da Fiesole, w\u0142a\u015bciwie Guido da Pietro) urodzi\u0142 si\u0119 oko\u0142o roku 1387 w Toskanii, zmar\u0142 w Rzymie w 1455. By\u0142 przedstawicielem florenckiego renesansu, tworzy\u0142 na prze\u0142omie w\u0142oskiego gotyku i renesansu.<br \/>\nWed\u0142ug przekazu Vasariego malarz wst\u0105pi\u0142 jako dwudziestolatek do klasztoru dominikan\u00f3w w Fiesole, niedaleko Florencji. Razem z konwentem przeni\u00f3s\u0142 si\u0119 potem do klasztoru San Marco we Florencji. Kilka lat sp\u0119dzi\u0142 te\u017c w Rzymie.<br \/>\nDzie\u0142a Fra Angelico wyr\u00f3\u017cnia subtelna i dojrza\u0142a forma. W swoich kompozycjach stosowa\u0142 wsp\u00f3\u0142czesn\u0105 wiedz\u0119 dotycz\u0105c\u0105 perspektywy i relacji przestrzennych, ale te\u017c odwo\u0142ywa\u0142 si\u0119 do dorobku wcze\u015bniejszych mistrz\u00f3w m.in. Giotta i Masaccia.<br \/>\nFra Angelico zrezygnowa\u0142 w pewnym momencie ze z\u0142otego t\u0142a, charakterystycznego dla \u015bredniowiecza, na rzecz krajobrazu. Od oko\u0142o roku 1440 zacz\u0105\u0142 tworzy\u0107 liczne freski. Wiele z nich znajduje si\u0119 w klasztorze S. Marco, kt\u00f3ry dzisiaj pe\u0142ni funkcj\u0119 muzeum artysty.<\/p>\n","protected":false},"excerpt":{"rendered":"<p>Tytu\u0142: Zwiastowanie<br \/>\nAutor: Fra Angelico<br \/>\nRok: 1976<br \/>\nTechnika: grafika naklejona na p\u0142yt\u0119<br \/>\nWymiary: 46 x 55 cm, z ram\u0105: 60 x 70 cm<br \/>\nOprawa: z\u0142ota rama<br \/>\nNa odwrocie etykiety<br \/>\nStan zachowania: dobry (jak na zdj\u0119ciach)<br \/>\nCertyfikat autentyczno\u015bci<\/p>\n","protected":false},"featured_media":3668,"template":"","meta":{"_monsterinsights_skip_tracking":false,"_monsterinsights_sitenote_active":false,"_monsterinsights_sitenote_note":"","_monsterinsights_sitenote_category":0,"_themeisle_gutenberg_block_has_review":false},"product_cat":[39,41],"product_tag":[211,350],"class_list":["post-3667","product","type-product","status-publish","has-post-thumbnail","hentry","product_cat-obrazy","product_cat-grafiki","product_tag-fra-angelico","product_tag-wyprzedaz","product_shipping_class-rodzaj-wysylki-2"],"aioseo_notices":[],"_links":{"self":[{"href":"https:\/\/kwintesencja.art\/pl\/wp-json\/wp\/v2\/product\/3667","targetHints":{"allow":["GET"]}}],"collection":[{"href":"https:\/\/kwintesencja.art\/pl\/wp-json\/wp\/v2\/product"}],"about":[{"href":"https:\/\/kwintesencja.art\/pl\/wp-json\/wp\/v2\/types\/product"}],"wp:featuredmedia":[{"embeddable":true,"href":"https:\/\/kwintesencja.art\/pl\/wp-json\/wp\/v2\/media\/3668"}],"wp:attachment":[{"href":"https:\/\/kwintesencja.art\/pl\/wp-json\/wp\/v2\/media?parent=3667"}],"wp:term":[{"taxonomy":"product_cat","embeddable":true,"href":"https:\/\/kwintesencja.art\/pl\/wp-json\/wp\/v2\/product_cat?post=3667"},{"taxonomy":"product_tag","embeddable":true,"href":"https:\/\/kwintesencja.art\/pl\/wp-json\/wp\/v2\/product_tag?post=3667"}],"curies":[{"name":"wp","href":"https:\/\/api.w.org\/{rel}","templated":true}]}}