{"id":3642,"date":"2023-01-03T23:11:55","date_gmt":"2023-01-03T22:11:55","guid":{"rendered":"https:\/\/kwintesencja.art\/?post_type=product&#038;p=3642"},"modified":"2023-11-06T12:33:00","modified_gmt":"2023-11-06T11:33:00","slug":"girl-in-mirror","status":"publish","type":"product","link":"https:\/\/kwintesencja.art\/pl\/product\/girl-in-mirror\/","title":{"rendered":"Girl in mirror"},"content":{"rendered":"<p>Roy Lichtenstein (1923-1997) \u2013 ameryka\u0144ski malarz, grafik, rze\u017abiarz.<br \/>\nW latach 30. chodzi\u0142 do nowojorskich klub\u00f3w jazzowych i szkicowa\u0142 portrety muzyk\u00f3w. By\u0142 zafascynowany Charliem Parkerem, Johnem Coltrane\u2019em, Milesem Davisem i sam pr\u00f3bowa\u0142 gra\u0107 na saksofonie. Malarstwo studiowa\u0142 w latach 40. na Ohio State University. Pierwsz\u0105 wystaw\u0119 indywidualn\u0105 mia\u0142 w 1951 r. w Nowym Jorku. Pocz\u0105tkowo malowa\u0142 w stylu abstrakcyjnego ekspresjonizmu, kt\u00f3ry triumfowa\u0142 w\u00f3wczas w ameryka\u0144skiej sztuce.<br \/>\nPopartowski prze\u0142om nast\u0105pi\u0142 na pocz\u0105tku lat 60. Wtedy zacz\u0105\u0142 malowa\u0107 popularne postaci z kresk\u00f3wek Disneya. Pierwszy jego popartowski obraz Look Mickey powsta\u0142 w 1961 r.<br \/>\nWkr\u00f3tce jego inspiracj\u0105 sta\u0142y si\u0119 komiksy, reklamy i motywy z malarstwa innych artyst\u00f3w. Pierwsze komiksowe obrazy zacz\u0105\u0142 wystawia\u0107 w nowojorskiej Castelli Gallery, kt\u00f3ra promowa\u0142a tw\u00f3rc\u00f3w popartu. W 1965 r. reprezentowa\u0142 USA na Biennale w Wenecji. W drugiej po\u0142owie lat 60. zacz\u0105\u0142 tworzy\u0107 obrazy cyklu Brushstrokes parodiuj\u0105ce ekspresyjny abstrakcjonizm. W latach 70. i 80. malowa\u0142 abstrakcyjne cykle Mirrrors. W 1979 r. zosta\u0142 cz\u0142onkiem American Academy and Institute of Arts and Letters.<br \/>\nW 1994 zaprojektowa\u0142 wielkie murale dla stacji metra Times Square \u2013 42nd Street w Nowym Jorku (zainstalowane w 2002). W 1995 zosta\u0142 laureatem Nagrody Kioto w dziedzinie sztuki i filozofii.<br \/>\nZmar\u0142 w wyniku powik\u0142a\u0144 zapalenia p\u0142uc w 1997 w Nowym Jorku. Retrospektywne wystawy w: Muzeum Guggenheima i Museum of Modern Art.<\/p>\n","protected":false},"excerpt":{"rendered":"<p>Grafika, edycja limitowana 150 egzemplarzy, na papierze czerpanym.<br \/>\nKa\u017cda grafika jest indywidualnie numerowana.<br \/>\nNapis o\u0142\u00f3wkiem l.d.: 38\/150, p.d.: faksymile \u201eR.Lichtenstein (R)\u201d. Wymiary: 35 x 50 cm (arkusz)<br \/>\nGruby papier francuski, na\u00a0odwrocie piecz\u0119\u0107: <span class=\"HwtZe\" lang=\"pl\">Castelli Graphics, New York.<\/span><br \/>\nNa dole sucha piecz\u0119\u0107 wydawcy: <span class=\"HwtZe\" lang=\"pl\">Styria Studio<\/span><br \/>\nStan zachowania: bardzo dobry<\/p>\n","protected":false},"featured_media":3645,"template":"","meta":{"_monsterinsights_skip_tracking":false,"_monsterinsights_sitenote_active":false,"_monsterinsights_sitenote_note":"","_monsterinsights_sitenote_category":0,"_themeisle_gutenberg_block_has_review":false},"product_cat":[41],"product_tag":[131],"class_list":["post-3642","product","type-product","status-publish","has-post-thumbnail","hentry","product_cat-grafiki","product_tag-lichtenstein-roy","product_shipping_class-rodzaj-wysylki-1"],"aioseo_notices":[],"_links":{"self":[{"href":"https:\/\/kwintesencja.art\/pl\/wp-json\/wp\/v2\/product\/3642","targetHints":{"allow":["GET"]}}],"collection":[{"href":"https:\/\/kwintesencja.art\/pl\/wp-json\/wp\/v2\/product"}],"about":[{"href":"https:\/\/kwintesencja.art\/pl\/wp-json\/wp\/v2\/types\/product"}],"wp:featuredmedia":[{"embeddable":true,"href":"https:\/\/kwintesencja.art\/pl\/wp-json\/wp\/v2\/media\/3645"}],"wp:attachment":[{"href":"https:\/\/kwintesencja.art\/pl\/wp-json\/wp\/v2\/media?parent=3642"}],"wp:term":[{"taxonomy":"product_cat","embeddable":true,"href":"https:\/\/kwintesencja.art\/pl\/wp-json\/wp\/v2\/product_cat?post=3642"},{"taxonomy":"product_tag","embeddable":true,"href":"https:\/\/kwintesencja.art\/pl\/wp-json\/wp\/v2\/product_tag?post=3642"}],"curies":[{"name":"wp","href":"https:\/\/api.w.org\/{rel}","templated":true}]}}