{"id":3532,"date":"2022-12-29T23:27:15","date_gmt":"2022-12-29T22:27:15","guid":{"rendered":"https:\/\/kwintesencja.art\/?post_type=product&#038;p=3532"},"modified":"2026-04-08T21:16:45","modified_gmt":"2026-04-08T19:16:45","slug":"andy-warhol","status":"publish","type":"product","link":"https:\/\/kwintesencja.art\/pl\/product\/andy-warhol\/","title":{"rendered":"Andy Warhol"},"content":{"rendered":"<p>Keith Haring (1958-1990) \u2013 ameryka\u0144ski artysta tworz\u0105cy w nurtach pop-art i street art.<br \/>\nBardzo wcze\u015bnie zacz\u0105\u0142 interesowa\u0107 si\u0119 sztuk\u0105. W latach 1976\u20131978 studiowa\u0142 grafik\u0119 na uczelni artystycznej The Ivy School of Professional Art w Pittsburghu. W wieku 20 lat przeni\u00f3s\u0142 si\u0119 do Nowego Jorku, gdzie zainspirowany sztuk\u0105 graffiti rozpocz\u0105\u0142 studia w School of Visual Arts.<br \/>\nJego pierwsze prace zauwa\u017cone przez szersz\u0105 publiczno\u015b\u0107 to rysunki kred\u0105 w nowojorskim metrze, uwiecznione przez fotografa Tseng Kwong Chi.<br \/>\nW 1980 artysta zorganizowa\u0142 wystaw\u0119 w Klubie 57, wtedy te\u017c uczestniczy\u0142 w \u201eTimes Square Exhibitons\u201d. Jego pierwsza znacz\u0105ca ekspozycja odby\u0142a si\u0119 w Tony Shafrazi Gallery w 1981 r. W nast\u0119pnym roku wzi\u0105\u0142 udzia\u0142 w wystawie Documenta 7 w Kassel, w Niemczech.<br \/>\nW 1982 pozna\u0142 wielu innych artyst\u00f3w, mi\u0119dzy innymi: Futura 2000, Kenny\u2019ego Scharfa, Madonn\u0119 i Jean-Michel Basquiata. W kolejnym roku bra\u0142 udzia\u0142 w Whitney Biennial, jak r\u00f3wnie\u017c w S\u00e3o Paulo Biennale. W tym czasie pozna\u0142 Andy\u2019ego Warhola, kt\u00f3ry by\u0142 tematem kilku jego prac np. Andy Mouse. Jego przyja\u017a\u0144 z Warholem odgrywa\u0142a du\u017c\u0105 rol\u0119 w sukcesie artystycznym.<br \/>\nW 1988 roku wykryto u niego wirusa HIV, co sk\u0142oni\u0142o go do za\u0142o\u017cenia Keith Haring Foundation \u2013 fundacji zbieraj\u0105cej fundusze na rzecz organizacji opiekuj\u0105cych si\u0119 dzie\u0107mi czy te\u017c chorymi na AIDS. Haring zmar\u0142 16 lutego 1990 roku w wieku 31 lat, w wyniku powik\u0142a\u0144 zwi\u0105zanych z AIDS.<\/p>\n","protected":false},"excerpt":{"rendered":"<p>Tytu\u0142: Andy Warhol<br \/>\nAutor: Keith Haring<br \/>\nGrafika, edycja limitowana 150 egzemplarzy, na\u00a0papierze czerpanym.<br \/>\nKa\u017cda grafika jest indywidualnie numerowana.<br \/>\nNapis o\u0142\u00f3wkiem l.d.: 35\/150. p.d.: faksymile \u201eKeith Haring\u201d.<br \/>\nWymiary: 50 cm\u00a0x\u00a070 cm\u00a0(arkusz)<br \/>\nNa dole stempel i\u00a0sucha piecz\u0119\u0107 <span class=\"HwtZe\" lang=\"pl\">wydawcy<\/span><br \/>\nStan zachowania: bardzo dobry<\/p>\n","protected":false},"featured_media":8701,"template":"","meta":{"_monsterinsights_skip_tracking":false,"_monsterinsights_sitenote_active":false,"_monsterinsights_sitenote_note":"","_monsterinsights_sitenote_category":0,"_themeisle_gutenberg_block_has_review":false},"product_cat":[41],"product_tag":[209,350],"class_list":["post-3532","product","type-product","status-publish","has-post-thumbnail","hentry","product_cat-grafiki","product_tag-haring-keith","product_tag-wyprzedaz","product_shipping_class-rodzaj-wysylki-2"],"aioseo_notices":[],"_links":{"self":[{"href":"https:\/\/kwintesencja.art\/pl\/wp-json\/wp\/v2\/product\/3532","targetHints":{"allow":["GET"]}}],"collection":[{"href":"https:\/\/kwintesencja.art\/pl\/wp-json\/wp\/v2\/product"}],"about":[{"href":"https:\/\/kwintesencja.art\/pl\/wp-json\/wp\/v2\/types\/product"}],"wp:featuredmedia":[{"embeddable":true,"href":"https:\/\/kwintesencja.art\/pl\/wp-json\/wp\/v2\/media\/8701"}],"wp:attachment":[{"href":"https:\/\/kwintesencja.art\/pl\/wp-json\/wp\/v2\/media?parent=3532"}],"wp:term":[{"taxonomy":"product_cat","embeddable":true,"href":"https:\/\/kwintesencja.art\/pl\/wp-json\/wp\/v2\/product_cat?post=3532"},{"taxonomy":"product_tag","embeddable":true,"href":"https:\/\/kwintesencja.art\/pl\/wp-json\/wp\/v2\/product_tag?post=3532"}],"curies":[{"name":"wp","href":"https:\/\/api.w.org\/{rel}","templated":true}]}}