{"id":3433,"date":"2022-12-29T19:52:17","date_gmt":"2022-12-29T18:52:17","guid":{"rendered":"https:\/\/kwintesencja.art\/?post_type=product&#038;p=3433"},"modified":"2025-12-01T11:36:01","modified_gmt":"2025-12-01T10:36:01","slug":"the-childmolestor","status":"publish","type":"product","link":"https:\/\/kwintesencja.art\/pl\/product\/the-childmolestor\/","title":{"rendered":"The Childmolestor"},"content":{"rendered":"<p>Jan Saudek (1935) \u2013 jeden z najbardziej rozpoznawalnych czeskich fotograf\u00f3w, prezentowa\u0142 swoje prace m. in. w paryskim Centre Georges Pompidou i Metropolitan Museum of Art w Nowym Jorku. Fotografie jego autorstwa s\u0105 cz\u0119\u015bci\u0105 najwa\u017cniejszych kolekcji w Europie, Azji czy Stanach Zjednoczonych.<\/p>\n<p>FILM: <a href=\"https:\/\/youtu.be\/eMcqoiUBLVI\" target=\"_blank\" rel=\"noopener\">Jan Saudek \u2013 re\u017c Jerome de Missolz (polskie napisy) \u2013 film z 1990 roku prezentuj\u0105cy warsztat artysty i miejsce w kt\u00f3rym tworzy\u0142 swoje fotografie<\/a><\/p>\n","protected":false},"excerpt":{"rendered":"<p>Tytu\u0142: The Childmolestor<br \/>\nAutor: Jan Saudek<br \/>\nRok: 1996<br \/>\nTechnika: fotografia, odbitka \u017celatynowo-srebrowa<br \/>\nOprawa: nie<br \/>\nWymiary: 40,2 x 30,5 cm<br \/>\nPodpis odr\u0119czny: JAN SAUDEK<br \/>\nu do\u0142u r\u0119cznie: #849 &gt;&gt;The Childmolestor&lt;&lt; Model Print, Finished: May 22, 1896 (Saudek antydatowa\u0142 swoje prace o 100 lat)<br \/>\nNa obrysie Edition of Prints from this Negative is limited to 15 (fifteen). This is Print of Nr. 11 (eleven)<br \/>\nEdycja limitowana: 11\/15 Odbitka jedenasta z pi\u0119tnastu.<br \/>\nStan zachowania: bardzo dobry<br \/>\nCertyfikat autentyczno\u015bci<\/p>\n","protected":false},"featured_media":3434,"template":"","meta":{"_monsterinsights_skip_tracking":false,"_monsterinsights_sitenote_active":false,"_monsterinsights_sitenote_note":"","_monsterinsights_sitenote_category":0,"_themeisle_gutenberg_block_has_review":false},"product_cat":[15],"product_tag":[124,350],"class_list":["post-3433","product","type-product","status-publish","has-post-thumbnail","hentry","product_cat-pozostale","product_tag-saudek-jan","product_tag-wyprzedaz","product_shipping_class-rodzaj-wysylki-1"],"aioseo_notices":[],"_links":{"self":[{"href":"https:\/\/kwintesencja.art\/pl\/wp-json\/wp\/v2\/product\/3433","targetHints":{"allow":["GET"]}}],"collection":[{"href":"https:\/\/kwintesencja.art\/pl\/wp-json\/wp\/v2\/product"}],"about":[{"href":"https:\/\/kwintesencja.art\/pl\/wp-json\/wp\/v2\/types\/product"}],"wp:featuredmedia":[{"embeddable":true,"href":"https:\/\/kwintesencja.art\/pl\/wp-json\/wp\/v2\/media\/3434"}],"wp:attachment":[{"href":"https:\/\/kwintesencja.art\/pl\/wp-json\/wp\/v2\/media?parent=3433"}],"wp:term":[{"taxonomy":"product_cat","embeddable":true,"href":"https:\/\/kwintesencja.art\/pl\/wp-json\/wp\/v2\/product_cat?post=3433"},{"taxonomy":"product_tag","embeddable":true,"href":"https:\/\/kwintesencja.art\/pl\/wp-json\/wp\/v2\/product_tag?post=3433"}],"curies":[{"name":"wp","href":"https:\/\/api.w.org\/{rel}","templated":true}]}}