{"id":3364,"date":"2022-12-19T15:14:05","date_gmt":"2022-12-19T14:14:05","guid":{"rendered":"https:\/\/kwintesencja.art\/?post_type=product&#038;p=3364"},"modified":"2022-12-31T15:32:06","modified_gmt":"2022-12-31T14:32:06","slug":"koska-ka","status":"publish","type":"product","link":"https:\/\/kwintesencja.art\/pl\/product\/koska-ka\/","title":{"rendered":"Koska-Kar"},"content":{"rendered":"<p>Victor Vasarely (P\u00e9cs 1906 \u2013 Pary\u017c 1997) \u2013 malarz i grafik francuski pochodzenia w\u0119gierskiego. Przedstawiciel abstrakcji geometrycznej; od 1930 w Pary\u017cu; stopniowo wprowadza do swych prac problem ruchu, zmierzaj\u0105c do sztuki kinetycznej. Tworzy uk\u0142ady form dynamicznych, sugeruj\u0105cych ruch i przestrze\u0144; od 1955 powstawa\u0142y cykle obraz\u00f3w \u201eoptyczno-kinetycznych\u201d, sprawiaj\u0105cych wra\u017cenie pulsowania, falowania, wirowania lub migotania . Uwa\u017cany za inicjatora op-artu.<\/p>\n","protected":false},"excerpt":{"rendered":"<p>Tytu\u0142: Koska Kar<br \/>\nAutor: Victor Vasarely<br \/>\nRok: 1975<br \/>\nTechnika: heliograwiura na\u00a0b\u0142yszcz\u0105cym papierze<br \/>\nPraca na podstawie obrazu z 1972 r.<br \/>\nGrafika pochodzi z\u00a0portfolio \u201eStructure Universelle du Damier\u201d wydanego w\u00a01975 r. przez\u00a0Griffon \/ Neuch\u00e2tel \/ Szwajcaria.<br \/>\nOprawa: Czarna ramka<br \/>\nWymiary: w\u00a0\u015bw.\u00a0p.p. 26 x\u00a026 cm, z\u00a0ram\u0105: 40 x\u00a040 cm.<br \/>\nStan zachowania: bardzo dobry<br \/>\nCertyfikat autentyczno\u015bci<\/p>\n","protected":false},"featured_media":3406,"template":"","meta":{"_monsterinsights_skip_tracking":false,"_monsterinsights_sitenote_active":false,"_monsterinsights_sitenote_note":"","_monsterinsights_sitenote_category":0,"_themeisle_gutenberg_block_has_review":false},"product_cat":[41],"product_tag":[122],"class_list":["post-3364","product","type-product","status-publish","has-post-thumbnail","hentry","product_cat-grafiki","product_tag-vasarely-victor","product_shipping_class-rodzaj-wysylki-2"],"aioseo_notices":[],"_links":{"self":[{"href":"https:\/\/kwintesencja.art\/pl\/wp-json\/wp\/v2\/product\/3364","targetHints":{"allow":["GET"]}}],"collection":[{"href":"https:\/\/kwintesencja.art\/pl\/wp-json\/wp\/v2\/product"}],"about":[{"href":"https:\/\/kwintesencja.art\/pl\/wp-json\/wp\/v2\/types\/product"}],"wp:featuredmedia":[{"embeddable":true,"href":"https:\/\/kwintesencja.art\/pl\/wp-json\/wp\/v2\/media\/3406"}],"wp:attachment":[{"href":"https:\/\/kwintesencja.art\/pl\/wp-json\/wp\/v2\/media?parent=3364"}],"wp:term":[{"taxonomy":"product_cat","embeddable":true,"href":"https:\/\/kwintesencja.art\/pl\/wp-json\/wp\/v2\/product_cat?post=3364"},{"taxonomy":"product_tag","embeddable":true,"href":"https:\/\/kwintesencja.art\/pl\/wp-json\/wp\/v2\/product_tag?post=3364"}],"curies":[{"name":"wp","href":"https:\/\/api.w.org\/{rel}","templated":true}]}}