{"id":3357,"date":"2022-12-19T15:03:30","date_gmt":"2022-12-19T14:03:30","guid":{"rendered":"https:\/\/kwintesencja.art\/?post_type=product&#038;p=3357"},"modified":"2023-05-14T22:24:38","modified_gmt":"2023-05-14T20:24:38","slug":"konik-polny","status":"publish","type":"product","link":"https:\/\/kwintesencja.art\/pl\/product\/konik-polny\/","title":{"rendered":"Konik polny"},"content":{"rendered":"<p>Joan Mir\u00f3 (1893-1983) jest\u00a0katalo\u0144skim\u00a0malarzem,\u00a0rze\u017abiarzem,\u00a0rytownikiem\u00a0i\u00a0ceramikiem\u00a0. Okre\u015blaj\u0105c si\u0119 przede wszystkim jako \u201emi\u0119dzynarodowy katalo\u0144czyk\u201d, jest jednym z g\u0142\u00f3wnych przedstawicieli ruchu\u00a0surrealistycznego\u00a0.<\/p>\n<p>Jego prace odzwierciedlaj\u0105 jego poci\u0105g do\u00a0pod\u015bwiadomo\u015bci, do \u201edzieci\u0119cego ducha\u201d i do swojego kraju. We wczesnych latach wykazywa\u0142 silne\u00a0wp\u0142ywy fowist\u00f3w,\u00a0kubist\u00f3w\u00a0i\u00a0ekspresjonist\u00f3w, zanim przekszta\u0142ci\u0142 si\u0119 w malarstwo p\u0142askie z pewn\u0105\u00a0naiwno\u015bci\u0105\u00a0. Obraz zatytu\u0142owany\u00a0La Ferme, namalowany w 1921 roku, jest jednym z najs\u0142ynniejszych obraz\u00f3w tego okresu.<\/p>\n<p>Po wyje\u017adzie do\u00a0Pary\u017ca\u00a0jego tw\u00f3rczo\u015b\u0107 staje si\u0119 bardziej\u00a0oniryczna, co koresponduje z g\u0142\u00f3wnymi nurtami ruchu surrealistycznego, do kt\u00f3rego jest przywi\u0105zany. W licznych wywiadach i pismach z lat 30. Mir\u00f3 manifestuje ch\u0119\u0107 porzucenia konwencjonalnych metod malowania, by &#8211; jak sam m\u00f3wi &#8211;\u00a0\u201ezabi\u0107 ich, zamordowa\u0107 lub zgwa\u0142ci\u0107\u201d, promuj\u0105c w ten spos\u00f3b wsp\u00f3\u0142czesn\u0105 form\u0119 ekspresji. Nie chce spe\u0142nia\u0107 \u017cadnych wymaga\u0144, ani\u00a0estetyki\u00a0i jej metod, ani\u00a0surrealizmu\u00a0.<\/p>\n<p>Na jego cze\u015b\u0107 powsta\u0142a w 1975 roku w Barcelonie\u00a0Fundacja Joan-Mir\u00f3\u00a0. Jest to centrum kulturalno-artystyczne po\u015bwi\u0119cone prezentowaniu nowych trend\u00f3w w sztuce wsp\u00f3\u0142czesnej. Jest pocz\u0105tkowo zasilany z du\u017cego funduszu oferowanego przez nauczyciela. Inne miejsca maj\u0105 wa\u017cne kolekcje dzie\u0142 Mir\u00f3, takie jak\u00a0Pilar and Joan Mir\u00f3 Foundation\u00a0w\u00a0Palma de Mallorca,\u00a0Mus\u00e9e National d&#8217;art moderne\u00a0de\u00a0Paris,\u00a0Mus\u00e9e d&#8217;art moderne de Lille\u00a0i\u00a0Museum of Modern art\u00a0of\u00a0New York\u00a0.<\/p>\n","protected":false},"excerpt":{"rendered":"<p>Grafika, edycja limitowana 150 egzemplarzy,\u00a0na papierze czerpanym. Ka\u017cda grafika jest indywidualnie numerowana.<br \/>\nNapis o\u0142\u00f3wkiem l.d.: 120\/150, p.d.: faksymile \u201eMiro&#8221;. Wymiary: 57 cm\u00a0x 78 cm (arkusz)<br \/>\nW lewym dolnym rogu sucha piecz\u0119\u0107 wydawcy: <span class=\"HwtZe\" lang=\"pl\">S.P.A.D.E.M 1973<\/span><br \/>\nStan zachowania: bardzo dobry<\/p>\n","protected":false},"featured_media":3353,"template":"","meta":{"_monsterinsights_skip_tracking":false,"_monsterinsights_sitenote_active":false,"_monsterinsights_sitenote_note":"","_monsterinsights_sitenote_category":0,"_themeisle_gutenberg_block_has_review":false},"product_cat":[41],"product_tag":[206],"class_list":["post-3357","product","type-product","status-publish","has-post-thumbnail","hentry","product_cat-grafiki","product_tag-miro-joan","product_shipping_class-rodzaj-wysylki-1"],"aioseo_notices":[],"_links":{"self":[{"href":"https:\/\/kwintesencja.art\/pl\/wp-json\/wp\/v2\/product\/3357","targetHints":{"allow":["GET"]}}],"collection":[{"href":"https:\/\/kwintesencja.art\/pl\/wp-json\/wp\/v2\/product"}],"about":[{"href":"https:\/\/kwintesencja.art\/pl\/wp-json\/wp\/v2\/types\/product"}],"wp:featuredmedia":[{"embeddable":true,"href":"https:\/\/kwintesencja.art\/pl\/wp-json\/wp\/v2\/media\/3353"}],"wp:attachment":[{"href":"https:\/\/kwintesencja.art\/pl\/wp-json\/wp\/v2\/media?parent=3357"}],"wp:term":[{"taxonomy":"product_cat","embeddable":true,"href":"https:\/\/kwintesencja.art\/pl\/wp-json\/wp\/v2\/product_cat?post=3357"},{"taxonomy":"product_tag","embeddable":true,"href":"https:\/\/kwintesencja.art\/pl\/wp-json\/wp\/v2\/product_tag?post=3357"}],"curies":[{"name":"wp","href":"https:\/\/api.w.org\/{rel}","templated":true}]}}