{"id":2914,"date":"2022-10-25T08:57:17","date_gmt":"2022-10-25T06:57:17","guid":{"rendered":"https:\/\/kwintesencja.art\/?post_type=product&#038;p=2914"},"modified":"2022-12-18T23:44:28","modified_gmt":"2022-12-18T22:44:28","slug":"skrzypek-u-szewca","status":"publish","type":"product","link":"https:\/\/kwintesencja.art\/pl\/product\/skrzypek-u-szewca\/","title":{"rendered":"Skrzypek u szewca"},"content":{"rendered":"<p><span class=\"sc-hlnMnd DescriptionSection__StyledBody-sc-trkwix-2 jEcXAt kNkIWh\">Chaim Goldberg (1917 \u2013 2004)<\/span> by\u0142 wybitnym tw\u00f3rc\u0105 \u017cydowskim. Urodzi\u0142 si\u0119 w Kazimierzu Dolnym nad Wis\u0142\u0105, gdzie dorasta\u0142 i zacz\u0105\u0142 tworzy\u0107. W 1931 roku Saul Silberstein podczas pobytu w Kazimierzu odkry\u0142 prace ch\u0142opca w warsztacie szewskim jego ojca. Dzi\u0119ki temu spotkaniu i wp\u0142ywom Silbersteina Goldberg m\u00f3g\u0142 odby\u0107 studia artystyczne. Adwokat Feliks Kronhstein i rze\u017abiarz Henryk Kuna ufundowali mu te\u017c stypendium. I tak Chaim studiowa\u0142 w Szkole Sztuk Pi\u0119knych w Krakowie i w Akademii Sztuk Pi\u0119knych w Warszawie, kt\u00f3r\u0105 uko\u0144czy\u0142 w 1938 roku. Uczy\u0142 si\u0119 u takich mistrz\u00f3w jak Xawery Dunikowski, Henryk Gottlieb, Henryk Kuna czy Tadeusz Pruszkowski. Ten ostatni organizowa\u0142 dla swoich student\u00f3w s\u0142ynne plenery w Kazimierzu Dolnym. Chocia\u017c Chaim Goldberg powr\u00f3ci\u0142 do rodzinnej miejscowo\u015bci z grup\u0105 koleg\u00f3w malarzy, jego wra\u017cliwo\u015b\u0107 artystyczn\u0105 uformowa\u0142a ju\u017c wcze\u015bniej tradycja \u017cydowska. W swoim malarstwie, zbli\u017conym niekiedy poetyk\u0105 do tw\u00f3rczo\u015bci Marca Chagalle\u2019a, przedstawia\u0142 \u017cycie codzienne i duchowo\u015b\u0107 sztetla.<\/p>\n","protected":false},"excerpt":{"rendered":"<p>Tytu\u0142: Skrzypek u szewca<br \/>\nAutor: Chaim Goldberg<br \/>\nRok: nieznany<br \/>\nTechnika: litografia barwna<br \/>\nOprawa: tak, miedzian rama, szk\u0142o antyrefleksyjne<br \/>\nPodpis: odr\u0119czny o\u0142\u00f3wkiem p.d. Chaim Goldberg, l.d. CLII\/CLXXV<br \/>\nWymiary: w \u015b p-p.: 48 x 32,5 cm, z ram\u0105 63,5 x 48 cm<br \/>\nStan zachowania: bardzo dobry<br \/>\nCertyfikat autentyczno\u015bci<\/p>\n","protected":false},"featured_media":2915,"template":"","meta":{"_monsterinsights_skip_tracking":false,"_monsterinsights_sitenote_active":false,"_monsterinsights_sitenote_note":"","_monsterinsights_sitenote_category":0,"_themeisle_gutenberg_block_has_review":false},"product_cat":[41],"product_tag":[183],"class_list":["post-2914","product","type-product","status-publish","has-post-thumbnail","hentry","product_cat-grafiki","product_tag-goldberg-chaim","product_shipping_class-rodzaj-wysylki-2"],"aioseo_notices":[],"_links":{"self":[{"href":"https:\/\/kwintesencja.art\/pl\/wp-json\/wp\/v2\/product\/2914","targetHints":{"allow":["GET"]}}],"collection":[{"href":"https:\/\/kwintesencja.art\/pl\/wp-json\/wp\/v2\/product"}],"about":[{"href":"https:\/\/kwintesencja.art\/pl\/wp-json\/wp\/v2\/types\/product"}],"wp:featuredmedia":[{"embeddable":true,"href":"https:\/\/kwintesencja.art\/pl\/wp-json\/wp\/v2\/media\/2915"}],"wp:attachment":[{"href":"https:\/\/kwintesencja.art\/pl\/wp-json\/wp\/v2\/media?parent=2914"}],"wp:term":[{"taxonomy":"product_cat","embeddable":true,"href":"https:\/\/kwintesencja.art\/pl\/wp-json\/wp\/v2\/product_cat?post=2914"},{"taxonomy":"product_tag","embeddable":true,"href":"https:\/\/kwintesencja.art\/pl\/wp-json\/wp\/v2\/product_tag?post=2914"}],"curies":[{"name":"wp","href":"https:\/\/api.w.org\/{rel}","templated":true}]}}