{"id":2855,"date":"2022-10-17T13:59:16","date_gmt":"2022-10-17T11:59:16","guid":{"rendered":"https:\/\/kwintesencja.art\/?post_type=product&#038;p=2855"},"modified":"2025-12-01T11:39:18","modified_gmt":"2025-12-01T10:39:18","slug":"zwierzoduchy-1","status":"publish","type":"product","link":"https:\/\/kwintesencja.art\/pl\/product\/zwierzoduchy-1\/","title":{"rendered":"Zwierzoduchy 1"},"content":{"rendered":"<p>Sylwia Wenska absolwentka Wydzia\u0142u Architektury Wn\u0119trz ASP w Krakowie. Zajmuje si\u0119 projektowaniem i wykonywaniem unikatowej odzie\u017cy, element\u00f3w scenografii oraz wn\u0119trz. Maluje w technice akrylowej, wykonuje rysunki kredkami, w obrazach te techniki przenikaj\u0105 si\u0119. S\u0105 to najcz\u0119\u015bciej alegoryczne portrety i wizerunki zwierz\u0105t. Uczestniczy w plenerach malarskich i wystawia regularnie swoje prace na wystawach indywidualnych i zbiorowych.<\/p>\n","protected":false},"excerpt":{"rendered":"<div class=\"woocommerce-product-details__short-description\">\n<div class=\"woocommerce-product-details__short-description\">\n<div class=\"woocommerce-product-details__short-description\">\n<div class=\"woocommerce-product-details__short-description\">\n<div class=\"woocommerce-product-details__short-description\">\n<div class=\"woocommerce-product-details__short-description\">\n<p>Tytu\u0142: Zwierzoduchy 1<br \/>\nAutor: Sylwia Wenska<br \/>\nRok: 2019<br \/>\nTechnika: technika mieszana na\u00a0kartonie<br \/>\nOprawa: nie<br \/>\nPodpis: odr\u0119czny<br \/>\nWymiary: 70\u00d7100 cm.<br \/>\nStan zachowania: bardzo dobry<br \/>\nCertyfikat autentyczno\u015bci<\/p>\n<\/div>\n<\/div>\n<\/div>\n<\/div>\n<\/div>\n<\/div>\n","protected":false},"featured_media":2856,"template":"","meta":{"_monsterinsights_skip_tracking":false,"_monsterinsights_sitenote_active":false,"_monsterinsights_sitenote_note":"","_monsterinsights_sitenote_category":0,"_themeisle_gutenberg_block_has_review":false},"product_cat":[39],"product_tag":[100,350],"class_list":["post-2855","product","type-product","status-publish","has-post-thumbnail","hentry","product_cat-obrazy","product_tag-wenska-sylwia","product_tag-wyprzedaz","product_shipping_class-rodzaj-wysylki-1"],"aioseo_notices":[],"_links":{"self":[{"href":"https:\/\/kwintesencja.art\/pl\/wp-json\/wp\/v2\/product\/2855","targetHints":{"allow":["GET"]}}],"collection":[{"href":"https:\/\/kwintesencja.art\/pl\/wp-json\/wp\/v2\/product"}],"about":[{"href":"https:\/\/kwintesencja.art\/pl\/wp-json\/wp\/v2\/types\/product"}],"wp:featuredmedia":[{"embeddable":true,"href":"https:\/\/kwintesencja.art\/pl\/wp-json\/wp\/v2\/media\/2856"}],"wp:attachment":[{"href":"https:\/\/kwintesencja.art\/pl\/wp-json\/wp\/v2\/media?parent=2855"}],"wp:term":[{"taxonomy":"product_cat","embeddable":true,"href":"https:\/\/kwintesencja.art\/pl\/wp-json\/wp\/v2\/product_cat?post=2855"},{"taxonomy":"product_tag","embeddable":true,"href":"https:\/\/kwintesencja.art\/pl\/wp-json\/wp\/v2\/product_tag?post=2855"}],"curies":[{"name":"wp","href":"https:\/\/api.w.org\/{rel}","templated":true}]}}