{"id":2795,"date":"2022-10-11T11:32:02","date_gmt":"2022-10-11T09:32:02","guid":{"rendered":"https:\/\/kwintesencja.art\/?post_type=product&#038;p=2795"},"modified":"2022-12-18T23:54:01","modified_gmt":"2022-12-18T22:54:01","slug":"adam-i-ewa-2","status":"publish","type":"product","link":"https:\/\/kwintesencja.art\/pl\/product\/adam-i-ewa-2\/","title":{"rendered":"Adam i Ewa"},"content":{"rendered":"<p>Henryk P\u0142\u00f3ciennik, jeden z najwybitniejszych grafik\u00f3w, malarz, rysownik. Swoje prace wystawia\u0142 na ponad 100 indywidualnych oraz na ponad 160 zbiorowych wystawach w Polsce i za granic\u0105 Rodowity \u0142odzianin, bez akademickiego wykszta\u0142cenia, ale by\u0142 jednym z najwybitniejszych polskich grafik\u00f3w. Od 1962 roku nale\u017ca\u0142 do ZPAP. Zajmowa\u0142 si\u0119 grafik\u0105, ekslibrisem, rysunkiem i malarstwem sztalugowym. Jego prace prezentowano m.in. w Belgii, Francji, Hiszpanii, Japonii, Kanadzie, Meksyku, Stanach Zjednoczonych i na Kubie, trafi\u0142y tak\u017ce do zbior\u00f3w Muzeum Narodowego w Warszawie, Krakowie i Poznaniu oraz Muzeum Sztuki w \u0141odzi. Otrzyma\u0142 ponad 40 nagr\u00f3d i wyr\u00f3\u017cnie\u0144 na wystawach i konkursach.<\/p>\n","protected":false},"excerpt":{"rendered":"<div class=\"woocommerce-product-details__short-description\">\n<div class=\"woocommerce-product-details__short-description\">\n<div class=\"woocommerce-product-details__short-description\">\n<div class=\"woocommerce-product-details__short-description\">\n<p>Tytu\u0142: Adam i Ewa<br \/>\nAutor: Henryk P\u0142\u00f3ciennik<br \/>\nRok: 1965<br \/>\nTechnika: Autocynkografia<br \/>\nOprawa: czarna ramka ze szk\u0142em<br \/>\nPodpis: odr\u0119czny o\u0142\u00f3wkiem u do\u0142u: autocynkografia 65. Epr.darskie H.P\u0142\u00f3ciennik<br \/>\nWymiary: w \u015bw p-p: 13 x 18 cm, z ramk\u0105 20 x 26 cm<br \/>\nStan zachowania: bardzo dobry<br \/>\nCertyfikat autentyczno\u015bci<\/p>\n<\/div>\n<\/div>\n<\/div>\n<\/div>\n","protected":false},"featured_media":2801,"template":"","meta":{"_monsterinsights_skip_tracking":false,"_monsterinsights_sitenote_active":false,"_monsterinsights_sitenote_note":"","_monsterinsights_sitenote_category":0,"_themeisle_gutenberg_block_has_review":false},"product_cat":[41],"product_tag":[67],"class_list":["post-2795","product","type-product","status-publish","has-post-thumbnail","hentry","product_cat-grafiki","product_tag-plociennik-henryk","product_shipping_class-rodzaj-wysylki-1"],"aioseo_notices":[],"_links":{"self":[{"href":"https:\/\/kwintesencja.art\/pl\/wp-json\/wp\/v2\/product\/2795","targetHints":{"allow":["GET"]}}],"collection":[{"href":"https:\/\/kwintesencja.art\/pl\/wp-json\/wp\/v2\/product"}],"about":[{"href":"https:\/\/kwintesencja.art\/pl\/wp-json\/wp\/v2\/types\/product"}],"wp:featuredmedia":[{"embeddable":true,"href":"https:\/\/kwintesencja.art\/pl\/wp-json\/wp\/v2\/media\/2801"}],"wp:attachment":[{"href":"https:\/\/kwintesencja.art\/pl\/wp-json\/wp\/v2\/media?parent=2795"}],"wp:term":[{"taxonomy":"product_cat","embeddable":true,"href":"https:\/\/kwintesencja.art\/pl\/wp-json\/wp\/v2\/product_cat?post=2795"},{"taxonomy":"product_tag","embeddable":true,"href":"https:\/\/kwintesencja.art\/pl\/wp-json\/wp\/v2\/product_tag?post=2795"}],"curies":[{"name":"wp","href":"https:\/\/api.w.org\/{rel}","templated":true}]}}