{"id":2775,"date":"2022-10-04T12:53:54","date_gmt":"2022-10-04T10:53:54","guid":{"rendered":"https:\/\/kwintesencja.art\/?post_type=product&#038;p=2775"},"modified":"2023-05-23T15:25:43","modified_gmt":"2023-05-23T13:25:43","slug":"do-domu","status":"publish","type":"product","link":"https:\/\/kwintesencja.art\/pl\/product\/do-domu\/","title":{"rendered":"Do domu"},"content":{"rendered":"<p>Jolanta Wi\u0119c\u0142aw (ur. 1976) Absolwentka Uniwersytetu Pedagogicznego w Krakowie \/ Wydzia\u0142 Sztuki, kierunek: edukacja artystyczna w zakresie sztuk plastycznych.<br \/>\nDyplom z wyr\u00f3\u017cnieniem w pracowni malarstwa Romualda Oramusa (2015 r.). Zajmuje si\u0119 tworzeniem kola\u017cy analogowych oraz fotografi\u0105.<\/p>\n","protected":false},"excerpt":{"rendered":"<p>Tytu\u0142: Do domu<br \/>\nAutor: Jolanta Wi\u0119c\u0142aw<br \/>\nRok: 2022<br \/>\nTechnika: kola\u017c analogowy<br \/>\nOprawa: tak<br \/>\nPodpis: odr\u0119czny na odwrocie + piecz\u0119\u0107<br \/>\nWymiary: 20 x 27 cm + oprawa: 33 x 43 cm<br \/>\nStan zachowania: bardzo dobry<br \/>\nCertyfikat autentyczno\u015bci<\/p>\n","protected":false},"featured_media":2777,"template":"","meta":{"_monsterinsights_skip_tracking":false,"_monsterinsights_sitenote_active":false,"_monsterinsights_sitenote_note":"","_monsterinsights_sitenote_category":0,"_themeisle_gutenberg_block_has_review":false},"product_cat":[15],"product_tag":[129],"class_list":["post-2775","product","type-product","status-publish","has-post-thumbnail","hentry","product_cat-pozostale","product_tag-wieclaw-jolanta","product_shipping_class-rodzaj-wysylki-2"],"aioseo_notices":[],"_links":{"self":[{"href":"https:\/\/kwintesencja.art\/pl\/wp-json\/wp\/v2\/product\/2775","targetHints":{"allow":["GET"]}}],"collection":[{"href":"https:\/\/kwintesencja.art\/pl\/wp-json\/wp\/v2\/product"}],"about":[{"href":"https:\/\/kwintesencja.art\/pl\/wp-json\/wp\/v2\/types\/product"}],"wp:featuredmedia":[{"embeddable":true,"href":"https:\/\/kwintesencja.art\/pl\/wp-json\/wp\/v2\/media\/2777"}],"wp:attachment":[{"href":"https:\/\/kwintesencja.art\/pl\/wp-json\/wp\/v2\/media?parent=2775"}],"wp:term":[{"taxonomy":"product_cat","embeddable":true,"href":"https:\/\/kwintesencja.art\/pl\/wp-json\/wp\/v2\/product_cat?post=2775"},{"taxonomy":"product_tag","embeddable":true,"href":"https:\/\/kwintesencja.art\/pl\/wp-json\/wp\/v2\/product_tag?post=2775"}],"curies":[{"name":"wp","href":"https:\/\/api.w.org\/{rel}","templated":true}]}}