{"id":2771,"date":"2022-09-30T09:54:50","date_gmt":"2022-09-30T07:54:50","guid":{"rendered":"https:\/\/kwintesencja.art\/?post_type=product&#038;p=2771"},"modified":"2022-10-02T23:25:52","modified_gmt":"2022-10-02T21:25:52","slug":"blekitna-kompozycja","status":"publish","type":"product","link":"https:\/\/kwintesencja.art\/pl\/product\/blekitna-kompozycja\/","title":{"rendered":"B\u0142\u0119kitna kompozycja"},"content":{"rendered":"<p>Jan Dobkowski pseudonim &#8220;Dobson&#8221; (ur.1942) &#8211; malarz i grafik. W latach 1962-68 odby\u0142 studia w ASP w Warszawie na Wydziale Malarstwa w pracowniach prof. Juliusza Studnickiego i prof. Jana Cybisa. By\u0142 wsp\u00f3\u0142za\u0142o\u017cycielem (wraz z Jerzym Jurrym Zieli\u0144skim) grupy &#8220;Neo-Neo&#8221; (1967-1970). Ilustrator wierszy Guillaume&#8217;a Apollinaire&#8217;a &#8220;Zwierzyniec albo \u015bwita Orfeusza&#8221; (1963). W roku 1968 Dobkowski wzi\u0105\u0142 udzia\u0142 w wystawie &#8220;Secesja-Secesja?&#8221; w Galerii Wsp\u00f3\u0142czesnej w Warszawie, kt\u00f3ra wywo\u0142a\u0142a wielkie zainteresowanie w mediach i w\u015br\u00f3d krytyk\u00f3w. Po sukcesie na tej wystawie jego obrazy znalaz\u0142y si\u0119 na presti\u017cowej prezentacji &#8220;Polskie malarstwo wsp\u00f3\u0142czesne. \u0179r\u00f3d\u0142a i poszukiwania&#8221; w Pary\u017cu. Wkr\u00f3tce te\u017c Guggenheim Museum w Nowym Jorku zakupi\u0142o do swoich zbior\u00f3w jego p\u0142\u00f3tno &#8220;Podw\u00f3jna dziewczyna&#8221; (1968), pierwszy czerwono-zielony obraz Dobkowskiego. Ca\u0142y cykl obraz\u00f3w w takiej kolorystyce powsta\u0142 rok p\u00f3\u017aniej, namalowany w ujednoliconym formacie 200 x 150 cm. Na zielonych t\u0142ach pojawia\u0142y si\u0119 w r\u00f3\u017cnych sytuacjach czerwone sylwety m\u0119skich i kobiecych postaci, te ostatnie najcz\u0119\u015bciej o bujnych kszta\u0142tach, karykaturalnie rozro\u015bni\u0119tych. Kobiety o wielu piersiach o formach jab\u0142ek czy gruszek mia\u0142y w sobie pot\u0119\u017cny \u0142adunek erotyzmu i zmys\u0142owo\u015bci. Niekt\u00f3re formy na obrazach Dobkowskiego przemienia\u0142y si\u0119 p\u0142ynnie w inne, pier\u015b kobieca stawa\u0142a si\u0119 dorodnym jab\u0142kiem, serce plemnikiem, a kr\u0119gos\u0142up i \u017cebra organiczn\u0105, wiotk\u0105 struktur\u0105. Ziele\u0144 sugerowa\u0142a natur\u0119, \u017cywio\u0142ow\u0105 witalno\u015b\u0107, \u017cycie. Obrazy te sta\u0142y si\u0119 punktem wyj\u015bcia do wielu dzia\u0142a\u0144 przestrzennych i nast\u0119pnych serii obraz\u00f3w. W okresie stanu wojennego uczestniczy\u0142 w akcjach kultury niezale\u017cnej. W 1972 roku by\u0142 stypendyst\u0105 Fundacji Ko\u015bciuszkowskiej w Nowym Jorku. Laureat nagr\u00f3d, m.in.: Nagrody Krytyki im. Cypriana Kamila Norwida (1978); Nagrody im. Jana Cybisa (1994) za ca\u0142okszta\u0142t tw\u00f3rczo\u015bci.<\/p>\n","protected":false},"excerpt":{"rendered":"<p>Tytu\u0142: B\u0142ekitna kompozycja<br \/>\nAutor: Jan Dobkowski (ur.1942)<br \/>\nRok: 1984<br \/>\nTechnika: Serigrafia, papier;<br \/>\nPodpis: odr\u0119czny o\u0142\u00f3wkiem: p. d.: Jan Dobkowski &#8217;84.<br \/>\nWymiary: 15 x 14 cm<br \/>\nOprawa: nie<br \/>\nStan zachowania: bardzo dobry<br \/>\nCertyfikat autentyczno\u015bci<\/p>\n","protected":false},"featured_media":2772,"template":"","meta":{"_monsterinsights_skip_tracking":false,"_monsterinsights_sitenote_active":false,"_monsterinsights_sitenote_note":"","_monsterinsights_sitenote_category":0,"_themeisle_gutenberg_block_has_review":false},"product_cat":[41],"product_tag":[181],"class_list":["post-2771","product","type-product","status-publish","has-post-thumbnail","hentry","product_cat-grafiki","product_tag-jan-dobkowski","product_shipping_class-rodzaj-wysylki-1"],"aioseo_notices":[],"_links":{"self":[{"href":"https:\/\/kwintesencja.art\/pl\/wp-json\/wp\/v2\/product\/2771","targetHints":{"allow":["GET"]}}],"collection":[{"href":"https:\/\/kwintesencja.art\/pl\/wp-json\/wp\/v2\/product"}],"about":[{"href":"https:\/\/kwintesencja.art\/pl\/wp-json\/wp\/v2\/types\/product"}],"wp:featuredmedia":[{"embeddable":true,"href":"https:\/\/kwintesencja.art\/pl\/wp-json\/wp\/v2\/media\/2772"}],"wp:attachment":[{"href":"https:\/\/kwintesencja.art\/pl\/wp-json\/wp\/v2\/media?parent=2771"}],"wp:term":[{"taxonomy":"product_cat","embeddable":true,"href":"https:\/\/kwintesencja.art\/pl\/wp-json\/wp\/v2\/product_cat?post=2771"},{"taxonomy":"product_tag","embeddable":true,"href":"https:\/\/kwintesencja.art\/pl\/wp-json\/wp\/v2\/product_tag?post=2771"}],"curies":[{"name":"wp","href":"https:\/\/api.w.org\/{rel}","templated":true}]}}