{"id":2684,"date":"2022-09-07T14:34:10","date_gmt":"2022-09-07T12:34:10","guid":{"rendered":"https:\/\/kwintesencja.art\/?post_type=product&#038;p=2684"},"modified":"2022-10-03T20:11:21","modified_gmt":"2022-10-03T18:11:21","slug":"zaglowka","status":"publish","type":"product","link":"https:\/\/kwintesencja.art\/pl\/product\/zaglowka\/","title":{"rendered":"\u017bagl\u00f3wka"},"content":{"rendered":"<p>Grafika jest odzwierciedleniem obrazu zatytu\u0142owanego \u201eLong Leg&#8221;. Obraz charakteryzuj\u0105 <span lang=\"pl-PL\">uproszczone formy wymodelowane przez mocne \u015bwiat\u0142o, cechuj\u0105ce malarstwo Edwarda Hoppera.<\/span><\/p>\n<p><span lang=\"pl-PL\">Kompozycje Hoppera cz\u0119sto maj\u0105 atmosfer\u0119 bezruchu i przenikaj\u0105cy nastr\u00f3j samotno\u015bci. Odnosi si\u0119 to zar\u00f3wno do sugestywnych obraz\u00f3w \u017ceglarstwa \u2013 powracaj\u0105cego tematu w jego pracach \u2013 jak i do jego surowych przedstawie\u0144 \u017cycia miejskiego. Tutaj pe\u0142en wdzi\u0119ku ruch \u0142odzi po wodzie wyra\u017ca przywi\u0105zanie Hoppera do morza i jego mi\u0142o\u015b\u0107 do \u017ceglarstwa, jednocze\u015bnie przyczyniaj\u0105c si\u0119 do wyciszenia obrazu. Jak wielu nowojorskich artyst\u00f3w jego pokolenia, Hopper szuka\u0142 ukojenia po lecie w mie\u015bcie, udaj\u0105c si\u0119 na wybrze\u017ce Nowej Anglii. Ch\u0142odne tony i poczucie spokoju w tej pracy daj\u0105 wytchnienie od upa\u0142u i brudu Nowego Jorku. Lokalizacja to Long Point Light w Provincetown, niedaleko letniego domu artysty w South Truro.<\/span><\/p>\n","protected":false},"excerpt":{"rendered":"<p>Tytu\u0142: \u017bagl\u00f3wka<br \/>\nAutor: Edward Hopper (1882-1967)<br \/>\nRok: 1935<br \/>\nTechnika: Litografia<br \/>\nOprawa: tak, czarna ramka za szk\u0142em<br \/>\nPodpis: odr\u0119czny o\u0142\u00f3wkiem: P.d.: E. Hopper<br \/>\nEdycja limitowana: 71\/125<br \/>\nWymiary: w \u015bw.p-p. 20 x 16 cm, z ramk\u0105 34 x 30 cm<br \/>\nStan zachowania: bardzo dobry<br \/>\nCertyfikat autentyczno\u015bci<\/p>\n","protected":false},"featured_media":2685,"template":"","meta":{"_monsterinsights_skip_tracking":false,"_monsterinsights_sitenote_active":false,"_monsterinsights_sitenote_note":"","_monsterinsights_sitenote_category":0,"_themeisle_gutenberg_block_has_review":false},"product_cat":[41],"product_tag":[179],"class_list":["post-2684","product","type-product","status-publish","has-post-thumbnail","hentry","product_cat-grafiki","product_tag-hopper-edward","product_shipping_class-rodzaj-wysylki-2"],"aioseo_notices":[],"_links":{"self":[{"href":"https:\/\/kwintesencja.art\/pl\/wp-json\/wp\/v2\/product\/2684","targetHints":{"allow":["GET"]}}],"collection":[{"href":"https:\/\/kwintesencja.art\/pl\/wp-json\/wp\/v2\/product"}],"about":[{"href":"https:\/\/kwintesencja.art\/pl\/wp-json\/wp\/v2\/types\/product"}],"wp:featuredmedia":[{"embeddable":true,"href":"https:\/\/kwintesencja.art\/pl\/wp-json\/wp\/v2\/media\/2685"}],"wp:attachment":[{"href":"https:\/\/kwintesencja.art\/pl\/wp-json\/wp\/v2\/media?parent=2684"}],"wp:term":[{"taxonomy":"product_cat","embeddable":true,"href":"https:\/\/kwintesencja.art\/pl\/wp-json\/wp\/v2\/product_cat?post=2684"},{"taxonomy":"product_tag","embeddable":true,"href":"https:\/\/kwintesencja.art\/pl\/wp-json\/wp\/v2\/product_tag?post=2684"}],"curies":[{"name":"wp","href":"https:\/\/api.w.org\/{rel}","templated":true}]}}