{"id":2471,"date":"2022-07-27T11:46:45","date_gmt":"2022-07-27T09:46:45","guid":{"rendered":"https:\/\/kwintesencja.art\/?post_type=product&#038;p=2471"},"modified":"2022-09-02T15:09:05","modified_gmt":"2022-09-02T13:09:05","slug":"ksiezyc-v","status":"publish","type":"product","link":"https:\/\/kwintesencja.art\/pl\/product\/ksiezyc-v\/","title":{"rendered":"Ksi\u0119\u017cyc V"},"content":{"rendered":"<p>Mieczys\u0142aw Wejman \u2013 Studiowa\u0142 w ASP w Krakowie i Warszawie. Uprawia\u0142 grafik\u0119 warsztatow\u0105 i malarstwo. Cz\u0142onek grupy \u201e9 Grafik\u00f3w\u201d. Bra\u0142 udzia\u0142 w licznych wystawach, ma na swoim koncie 25 wystaw w r\u00f3\u017cnych miastach Europy. Przez wiele lat by\u0142 rektorem w ASP w Krakowie. Zdoby\u0142 wiele nagr\u00f3d m.in.: na IV Mi\u0119dzynarodowym Biennale Grafiki w Lublanie; Nagrod\u0119 Krytyki na wystawie \u201eWsp\u00f3\u0142czesna grafika polska\u201d w Essen; nagrod\u0119 na I Mi\u0119dzynarodowym Biennale Grafiki w Krakowie; nagrod\u0119 na Mi\u0119dzynarodowym Biennale \u201eSport w sztuce\u201d zorganizowanym w Madrycie. Jest laureatem Nagrody Ministra Kultury i Sztuki oraz Nagrody Pa\u0144stwowej.<\/p>\n","protected":false},"excerpt":{"rendered":"<p>Tytu\u0142: Ksi\u0119\u017cyc V<br \/>\nAutor: Mieczys\u0142aw Wejman<br \/>\nRok: 1948<br \/>\nTechnika: Drzeworyt<br \/>\nOprawa: Nie<br \/>\nPodpis: odr\u0119czny<br \/>\nWymiary: 20 x 23 cm<br \/>\nStan zachowania: bardzo dobry<br \/>\nCertyfikat autentyczno\u015bci<br \/>\nPraca dost\u0119pna do sprzeda\u017cy, ale zarezerwowana na wystaw\u0119 (28.10-4.12.2022)<br \/>\nMo\u017cliwy odbi\u00f3r po 4 grudnia 2022<\/p>\n","protected":false},"featured_media":2472,"template":"","meta":{"_monsterinsights_skip_tracking":false,"_monsterinsights_sitenote_active":false,"_monsterinsights_sitenote_note":"","_monsterinsights_sitenote_category":0,"_themeisle_gutenberg_block_has_review":false},"product_cat":[41],"product_tag":[123],"class_list":["post-2471","product","type-product","status-publish","has-post-thumbnail","hentry","product_cat-grafiki","product_tag-wejman-mieczyslaw","product_shipping_class-rodzaj-wysylki-1"],"aioseo_notices":[],"_links":{"self":[{"href":"https:\/\/kwintesencja.art\/pl\/wp-json\/wp\/v2\/product\/2471","targetHints":{"allow":["GET"]}}],"collection":[{"href":"https:\/\/kwintesencja.art\/pl\/wp-json\/wp\/v2\/product"}],"about":[{"href":"https:\/\/kwintesencja.art\/pl\/wp-json\/wp\/v2\/types\/product"}],"wp:featuredmedia":[{"embeddable":true,"href":"https:\/\/kwintesencja.art\/pl\/wp-json\/wp\/v2\/media\/2472"}],"wp:attachment":[{"href":"https:\/\/kwintesencja.art\/pl\/wp-json\/wp\/v2\/media?parent=2471"}],"wp:term":[{"taxonomy":"product_cat","embeddable":true,"href":"https:\/\/kwintesencja.art\/pl\/wp-json\/wp\/v2\/product_cat?post=2471"},{"taxonomy":"product_tag","embeddable":true,"href":"https:\/\/kwintesencja.art\/pl\/wp-json\/wp\/v2\/product_tag?post=2471"}],"curies":[{"name":"wp","href":"https:\/\/api.w.org\/{rel}","templated":true}]}}