{"id":2457,"date":"2022-07-27T11:30:57","date_gmt":"2022-07-27T09:30:57","guid":{"rendered":"https:\/\/kwintesencja.art\/?post_type=product&#038;p=2457"},"modified":"2025-07-31T15:18:27","modified_gmt":"2025-07-31T13:18:27","slug":"artystka","status":"publish","type":"product","link":"https:\/\/kwintesencja.art\/pl\/product\/artystka\/","title":{"rendered":"Artystka"},"content":{"rendered":"<p>Stanis\u0142aw Wejman (ur. 1944 w J\u0119drzejowie) \u2013 polski grafik, malarz i pedagog, profesor sztuk plastycznych. W latach 1962\u20131968 studiowa\u0142 na Wydziale Malarstwa i Grafiki Akademii Sztuk Pi\u0119knych w Krakowie, pocz\u0105tkowo malarstwo w pracowni Hanny Rudzkiej-Cybis, nast\u0119pnie grafik\u0119. Dyplom uzyska\u0142 w 1968 w Pracowni Miedziorytu pod kierunkiem profesora Mieczys\u0142awa Wejmana. W tym samym roku zosta\u0142 pracownikiem macierzystej uczelni. W 1994 otrzyma\u0142 tytu\u0142 profesora sztuk plastycznych. W latach 1984\u20131985 pracowa\u0142 jako profesory wizytuj\u0105cy w USA, a w 1990 w Kanadzie. Uczy\u0142 grafiki na uczelniach artystycznych m.in. w Antwerpii, Maastricht, Montrealu, Storrs, Urbino. Uczestnik wystaw indywidualnych i zbiorowych, m.in. w ramach Mi\u0119dzynarodowego Triennale Grafiki w Krakowie. Laureat m.in. Nagrody Fundowanej VIII Og\u00f3lnopolskiej Wystawy Grafiki w Warszawie w 1978, wyr\u00f3\u017cnienia w konkursie Polskiego Towarzystwa Wydawc\u00f3w Ksi\u0105\u017cek w 2004, nagrody indywidualnej Ministra Kultury i Dziedzictwa Narodowego w 2005. Odznaczony Krzy\u017cem Oficerskim Orderu Odrodzenia Polski (2013) oraz Br\u0105zowym Medalem \u201eZas\u0142u\u017cony Kulturze Gloria Artis\u201d (2011). M\u0105\u017c Anny Sobol-Wejman, graficzki i malarki. Syn Mieczys\u0142awa Wejmana, grafika i profesora krakowskiej ASP.<\/p>\n","protected":false},"excerpt":{"rendered":"<p>Tytu\u0142: Artystka<br \/>\nAutor: Stanis\u0142aw Wejman<br \/>\nRok: 1997<br \/>\nTechnika: Akwaforta<br \/>\nOprawa: Nie<br \/>\nPodpis: odr\u0119czny<br \/>\nEdycja: 8\/50<br \/>\nWymiary: 56,5 x 79,5 cm<br \/>\nStan zachowania: bardzo dobry<br \/>\nCertyfikat autentyczno\u015bci<\/p>\n","protected":false},"featured_media":2458,"template":"","meta":{"_monsterinsights_skip_tracking":false,"_monsterinsights_sitenote_active":false,"_monsterinsights_sitenote_note":"","_monsterinsights_sitenote_category":0,"_themeisle_gutenberg_block_has_review":false},"product_cat":[41],"product_tag":[75],"class_list":["post-2457","product","type-product","status-publish","has-post-thumbnail","hentry","product_cat-grafiki","product_tag-wejman-stanislaw","product_shipping_class-rodzaj-wysylki-2"],"aioseo_notices":[],"_links":{"self":[{"href":"https:\/\/kwintesencja.art\/pl\/wp-json\/wp\/v2\/product\/2457","targetHints":{"allow":["GET"]}}],"collection":[{"href":"https:\/\/kwintesencja.art\/pl\/wp-json\/wp\/v2\/product"}],"about":[{"href":"https:\/\/kwintesencja.art\/pl\/wp-json\/wp\/v2\/types\/product"}],"wp:featuredmedia":[{"embeddable":true,"href":"https:\/\/kwintesencja.art\/pl\/wp-json\/wp\/v2\/media\/2458"}],"wp:attachment":[{"href":"https:\/\/kwintesencja.art\/pl\/wp-json\/wp\/v2\/media?parent=2457"}],"wp:term":[{"taxonomy":"product_cat","embeddable":true,"href":"https:\/\/kwintesencja.art\/pl\/wp-json\/wp\/v2\/product_cat?post=2457"},{"taxonomy":"product_tag","embeddable":true,"href":"https:\/\/kwintesencja.art\/pl\/wp-json\/wp\/v2\/product_tag?post=2457"}],"curies":[{"name":"wp","href":"https:\/\/api.w.org\/{rel}","templated":true}]}}