{"id":2413,"date":"2022-07-27T10:21:16","date_gmt":"2022-07-27T08:21:16","guid":{"rendered":"https:\/\/kwintesencja.art\/?post_type=product&#038;p=2413"},"modified":"2022-08-04T19:20:13","modified_gmt":"2022-08-04T17:20:13","slug":"aktorka-vii-b-fala","status":"publish","type":"product","link":"https:\/\/kwintesencja.art\/pl\/product\/aktorka-vii-b-fala\/","title":{"rendered":"Aktorka VII B &#8211; Fala"},"content":{"rendered":"<p>Andrzej Pietsch (1932 &#8211; 2010). Artysta grafik, taternik i alpinista. Studiowa\u0142 na Akademii Sztuk Pi\u0119knych w Krakowie (1951-58 dyplom u prof. Mieczys\u0142awa Wejmana). W 1986 uzyska\u0142 tytu\u0142 profesora zwyczajnego. Wsp\u00f3\u0142pracowa\u0142 z kilkoma innymi uczelniami w kraju (m.in. w Poznaniu, Katowicach, Lublinie, Cieszynie), w okresie 1972-78 by\u0142 prorektorem ASP w Krakowie. Do roku 1999 mia\u0142 ok. 70 wystaw indywidualnych, w tym oko\u0142o po\u0142owy za granic\u0105, uczestniczy\u0142 w ponad 200 wystawach zbiorowych. Z czasem sta\u0142 si\u0119 jednym z najbardziej cenionych polskich grafik\u00f3w, od 1966 otrzymywa\u0142 wyr\u00f3\u017cnienia mi\u0119dzynarodowe. Zajmowa\u0142 si\u0119 m.in. wkl\u0119s\u0142odrukiem, tworzy\u0142 grafiki m.in. w kilku cyklach, np. &#8220;Aktorki&#8221; (od 1964), &#8220;Podr\u00f3\u017cni&#8221; i &#8220;Podr\u00f3\u017ce&#8221; (od 1966), &#8220;Trawy&#8221; (od 1984), a tak\u017ce (zw\u0142aszcza wcze\u015bniej) motywy g\u00f3rskie. Sta\u0142 si\u0119 te\u017c cenionym dydaktykiem (do 2000 roku o\u015bmiu z jego uczni\u00f3w sta\u0142o si\u0119 profesorami, a pod jego kierunkiem dyplomy uko\u0144czy\u0142o przesz\u0142o 170 student\u00f3w). Uczestnik wielu gremi\u00f3w konkursowych.<\/p>\n","protected":false},"excerpt":{"rendered":"<p>Tytu\u0142: Aktorka VII B &#8211; Fala<br \/>\nAutor: Andrzej Pietsch<br \/>\nRok: 1965<br \/>\nTechnika: Akwaforta<br \/>\nOprawa: Tak, srebrna rama<br \/>\nPodpis: odr\u0119czny<br \/>\nWymiary: papier, 78,5 x 56 cm<br \/>\nStan zachowania: bardzo dobry<br \/>\nCertyfikat autentyczno\u015bci<\/p>\n","protected":false},"featured_media":2415,"template":"","meta":{"_monsterinsights_skip_tracking":false,"_monsterinsights_sitenote_active":false,"_monsterinsights_sitenote_note":"","_monsterinsights_sitenote_category":0,"_themeisle_gutenberg_block_has_review":false},"product_cat":[41],"product_tag":[159],"class_list":["post-2413","product","type-product","status-publish","has-post-thumbnail","hentry","product_cat-grafiki","product_tag-pietsch-andrzej"],"aioseo_notices":[],"_links":{"self":[{"href":"https:\/\/kwintesencja.art\/pl\/wp-json\/wp\/v2\/product\/2413","targetHints":{"allow":["GET"]}}],"collection":[{"href":"https:\/\/kwintesencja.art\/pl\/wp-json\/wp\/v2\/product"}],"about":[{"href":"https:\/\/kwintesencja.art\/pl\/wp-json\/wp\/v2\/types\/product"}],"wp:featuredmedia":[{"embeddable":true,"href":"https:\/\/kwintesencja.art\/pl\/wp-json\/wp\/v2\/media\/2415"}],"wp:attachment":[{"href":"https:\/\/kwintesencja.art\/pl\/wp-json\/wp\/v2\/media?parent=2413"}],"wp:term":[{"taxonomy":"product_cat","embeddable":true,"href":"https:\/\/kwintesencja.art\/pl\/wp-json\/wp\/v2\/product_cat?post=2413"},{"taxonomy":"product_tag","embeddable":true,"href":"https:\/\/kwintesencja.art\/pl\/wp-json\/wp\/v2\/product_tag?post=2413"}],"curies":[{"name":"wp","href":"https:\/\/api.w.org\/{rel}","templated":true}]}}