{"id":2375,"date":"2022-07-27T09:14:58","date_gmt":"2022-07-27T07:14:58","guid":{"rendered":"https:\/\/kwintesencja.art\/?post_type=product&#038;p=2375"},"modified":"2023-01-14T00:30:27","modified_gmt":"2023-01-13T23:30:27","slug":"hiszpanska-szkola-jazdy-konnej-iv","status":"publish","type":"product","link":"https:\/\/kwintesencja.art\/pl\/product\/hiszpanska-szkola-jazdy-konnej-iv\/","title":{"rendered":"Hiszpa\u0144ska szko\u0142a jazdy konnej IV"},"content":{"rendered":"<p>Janusz Karwacki (ur. 1940 w Wolbromiu) \u2013 polski malarz, grafik, rysownik, profesor Akademii Sztuk Pi\u0119knych w Krakowie.<br \/>\nStudiowa\u0142 na Wydziale Malarstwa i Grafiki ASP w Krakowie w l. 1960-1966 w pracowni prof. Konrada Srzednickiego i pracowni liternictwa Adama Stalony-Dobrza\u0144skiego. Artysta zajmuje si\u0119 malarstwem, grafik\u0105 i rysunkiem. Profesor zwyczajny na Wydziale Grafiki krakowskiej uczelni. Prowadzi\u0142 Pracowni\u0119 Rysunku (od 1978).<\/p>\n","protected":false},"excerpt":{"rendered":"<p>Tytu\u0142:Hiszpa\u0144ska szko\u0142a jazdy konnej IV<br \/>\nAutor: Janusz Karwacki<br \/>\nRok: 1957<br \/>\nTechnika: Litografia<br \/>\nOprawa: Nie<br \/>\nPodpis: odr\u0119czny<br \/>\nWymiary: 55 x 50 cm<br \/>\nEdycja: 4\/25<br \/>\nStan zachowania: bardzo dobry<br \/>\nCertyfikat autentyczno\u015bci<\/p>\n","protected":false},"featured_media":2376,"template":"","meta":{"_monsterinsights_skip_tracking":false,"_monsterinsights_sitenote_active":false,"_monsterinsights_sitenote_note":"","_monsterinsights_sitenote_category":0,"_themeisle_gutenberg_block_has_review":false},"product_cat":[41],"product_tag":[57],"class_list":["post-2375","product","type-product","status-publish","has-post-thumbnail","hentry","product_cat-grafiki","product_tag-karwacki-janusz"],"aioseo_notices":[],"_links":{"self":[{"href":"https:\/\/kwintesencja.art\/pl\/wp-json\/wp\/v2\/product\/2375","targetHints":{"allow":["GET"]}}],"collection":[{"href":"https:\/\/kwintesencja.art\/pl\/wp-json\/wp\/v2\/product"}],"about":[{"href":"https:\/\/kwintesencja.art\/pl\/wp-json\/wp\/v2\/types\/product"}],"wp:featuredmedia":[{"embeddable":true,"href":"https:\/\/kwintesencja.art\/pl\/wp-json\/wp\/v2\/media\/2376"}],"wp:attachment":[{"href":"https:\/\/kwintesencja.art\/pl\/wp-json\/wp\/v2\/media?parent=2375"}],"wp:term":[{"taxonomy":"product_cat","embeddable":true,"href":"https:\/\/kwintesencja.art\/pl\/wp-json\/wp\/v2\/product_cat?post=2375"},{"taxonomy":"product_tag","embeddable":true,"href":"https:\/\/kwintesencja.art\/pl\/wp-json\/wp\/v2\/product_tag?post=2375"}],"curies":[{"name":"wp","href":"https:\/\/api.w.org\/{rel}","templated":true}]}}