{"id":2349,"date":"2022-07-26T14:54:52","date_gmt":"2022-07-26T12:54:52","guid":{"rendered":"https:\/\/kwintesencja.art\/?post_type=product&#038;p=2349"},"modified":"2022-12-20T08:45:47","modified_gmt":"2022-12-20T07:45:47","slug":"dziwo-morskie","status":"publish","type":"product","link":"https:\/\/kwintesencja.art\/pl\/product\/dziwo-morskie\/","title":{"rendered":"Dziwo morskie"},"content":{"rendered":"<p>Kacper Bo\u017cek \u2013 urodzony w 1974 roku w Krakowie. Absolwent Pa\u0144stwowego Liceum Sztuk Plastycznych im. Antoniego Kenara w Zakopanem i Wydzia\u0142u Grafiki Akademii Sztuk Pi\u0119knych w Krakowie. Dyplom zrealizowa\u0142 pod kierunkiem profesora Stanis\u0142awa Wejmana. Pracuje jako adiunkt w Pracowni Miedziorytu macierzystej uczelni. W 2013 roku uzyska\u0142 tytu\u0142 doktora za cykl grafik po\u015bwi\u0119conych R\u0119kopisowi znalezionemu w Saragossie i dziejom Jana Potockiego. Prezentowa\u0142 swoje prace na oko\u0142o 30 wystawach indywidualnych w Polsce i za granic\u0105. Uczestniczy\u0142 tak\u017ce w kilkudziesi\u0119ciu wystawach zbiorowych, otrzymuj\u0105c wielokrotnie nagrody (lista poni\u017cej). Zazwyczaj u\u017cywa technik wkl\u0119s\u0142odruku, szczeg\u00f3lnie akwaforty i akwatinty. Jedn\u0105 z jego inspiracji jest literatura. Wykona\u0142 dwie teki grafik w oparciu o &#8220;Mistrza i Ma\u0142gorzat\u0119&#8221; Michai\u0142a Bu\u0142hakowa i &#8220;Pami\u0119tnik znaleziony w Saragossie&#8221; Jana Potockiego.<\/p>\n","protected":false},"excerpt":{"rendered":"<p>Tytu\u0142: Dziwo morskie<br \/>\nAutor: Kacper Bo\u017cek<br \/>\nRok: 2000<br \/>\nTechnika: Akwaforta<br \/>\nOprawa: Nie<br \/>\nPodpis: odr\u0119czny<br \/>\nWymiary: 71,5 x 55,5 cm<br \/>\nEdycja: 16\/100<br \/>\nStan zachowania: bardzo dobry<br \/>\nCertyfikat autentyczno\u015bci<\/p>\n","protected":false},"featured_media":2350,"template":"","meta":{"_monsterinsights_skip_tracking":false,"_monsterinsights_sitenote_active":false,"_monsterinsights_sitenote_note":"","_monsterinsights_sitenote_category":0,"_themeisle_gutenberg_block_has_review":false},"product_cat":[41],"product_tag":[83],"class_list":["post-2349","product","type-product","status-publish","has-post-thumbnail","hentry","product_cat-grafiki","product_tag-bozek-kacper","product_shipping_class-rodzaj-wysylki-2"],"aioseo_notices":[],"_links":{"self":[{"href":"https:\/\/kwintesencja.art\/pl\/wp-json\/wp\/v2\/product\/2349","targetHints":{"allow":["GET"]}}],"collection":[{"href":"https:\/\/kwintesencja.art\/pl\/wp-json\/wp\/v2\/product"}],"about":[{"href":"https:\/\/kwintesencja.art\/pl\/wp-json\/wp\/v2\/types\/product"}],"wp:featuredmedia":[{"embeddable":true,"href":"https:\/\/kwintesencja.art\/pl\/wp-json\/wp\/v2\/media\/2350"}],"wp:attachment":[{"href":"https:\/\/kwintesencja.art\/pl\/wp-json\/wp\/v2\/media?parent=2349"}],"wp:term":[{"taxonomy":"product_cat","embeddable":true,"href":"https:\/\/kwintesencja.art\/pl\/wp-json\/wp\/v2\/product_cat?post=2349"},{"taxonomy":"product_tag","embeddable":true,"href":"https:\/\/kwintesencja.art\/pl\/wp-json\/wp\/v2\/product_tag?post=2349"}],"curies":[{"name":"wp","href":"https:\/\/api.w.org\/{rel}","templated":true}]}}