{"id":2308,"date":"2022-07-26T13:58:55","date_gmt":"2022-07-26T11:58:55","guid":{"rendered":"https:\/\/kwintesencja.art\/?post_type=product&#038;p=2308"},"modified":"2024-12-18T13:33:10","modified_gmt":"2024-12-18T12:33:10","slug":"i-look-through-my-window","status":"publish","type":"product","link":"https:\/\/kwintesencja.art\/pl\/product\/i-look-through-my-window\/","title":{"rendered":"I look through my window"},"content":{"rendered":"<p>Jan Saudek (1935) &#8211; jeden z najbardziej rozpoznawalnych czeskich fotograf\u00f3w, prezentowa\u0142 swoje prace m. in. w paryskim Centre Georges Pompidou i Metropolitan Museum of Art w Nowym Jorku. Fotografie jego autorstwa s\u0105 cz\u0119\u015bci\u0105 najwa\u017cniejszych kolekcji w Europie, Azji czy Stanach Zjednoczonych.<\/p>\n<p>FILM: <a href=\"https:\/\/youtu.be\/eMcqoiUBLVI\" target=\"_blank\" rel=\"noopener\">Jan Saudek &#8211; re\u017c Jerome de Missolz (polskie napisy) &#8211; film z 1990 roku prezentuj\u0105cy warsztat artysty i miejsce w kt\u00f3rym tworzy\u0142 swoje fotografie<\/a><\/p>\n","protected":false},"excerpt":{"rendered":"<p>Fotografia; oryginalna odbitka \u017celatynowo-srebrowa, 29,7 x 30,4 cm<br \/>\nsygn. p.d.: JAN SAUDEK; u do\u0142u r\u0119cznie: I look thtoug my window<br \/>\nNa dole &gt;&gt;Pohled z moho okna&lt;&lt;, #335,<br \/>\nModel Print, Finished: November 23, 1889 (Saudek antydatowa\u0142 swoje prace o 100 lat)<br \/>\nCertyfikat autentyczno\u015bci<\/p>\n","protected":false},"featured_media":2309,"template":"","meta":{"_monsterinsights_skip_tracking":false,"_monsterinsights_sitenote_active":false,"_monsterinsights_sitenote_note":"","_monsterinsights_sitenote_category":0,"_themeisle_gutenberg_block_has_review":false},"product_cat":[15],"product_tag":[124],"class_list":["post-2308","product","type-product","status-publish","has-post-thumbnail","hentry","product_cat-pozostale","product_tag-saudek-jan","product_shipping_class-rodzaj-wysylki-2"],"aioseo_notices":[],"_links":{"self":[{"href":"https:\/\/kwintesencja.art\/pl\/wp-json\/wp\/v2\/product\/2308","targetHints":{"allow":["GET"]}}],"collection":[{"href":"https:\/\/kwintesencja.art\/pl\/wp-json\/wp\/v2\/product"}],"about":[{"href":"https:\/\/kwintesencja.art\/pl\/wp-json\/wp\/v2\/types\/product"}],"wp:featuredmedia":[{"embeddable":true,"href":"https:\/\/kwintesencja.art\/pl\/wp-json\/wp\/v2\/media\/2309"}],"wp:attachment":[{"href":"https:\/\/kwintesencja.art\/pl\/wp-json\/wp\/v2\/media?parent=2308"}],"wp:term":[{"taxonomy":"product_cat","embeddable":true,"href":"https:\/\/kwintesencja.art\/pl\/wp-json\/wp\/v2\/product_cat?post=2308"},{"taxonomy":"product_tag","embeddable":true,"href":"https:\/\/kwintesencja.art\/pl\/wp-json\/wp\/v2\/product_tag?post=2308"}],"curies":[{"name":"wp","href":"https:\/\/api.w.org\/{rel}","templated":true}]}}