{"id":2302,"date":"2022-07-26T13:48:55","date_gmt":"2022-07-26T11:48:55","guid":{"rendered":"https:\/\/kwintesencja.art\/?post_type=product&#038;p=2302"},"modified":"2022-10-02T23:32:07","modified_gmt":"2022-10-02T21:32:07","slug":"portrait-of-my-friend-k","status":"publish","type":"product","link":"https:\/\/kwintesencja.art\/pl\/product\/portrait-of-my-friend-k\/","title":{"rendered":"Portrait of My Friend K."},"content":{"rendered":"<div id=\"tab-description\" class=\"panel entry-content wc-tab\">\n<p>Jan Saudek (1935) \u2013 jeden z najbardziej rozpoznawalnych czeskich fotograf\u00f3w, prezentowa\u0142 swoje prace m. in. w paryskim Centre Georges Pompidou i Metropolitan Museum of Art w Nowym Jorku. Fotografie jego autorstwa s\u0105 cz\u0119\u015bci\u0105 najwa\u017cniejszych kolekcji w Europie, Azji czy Stanach Zjednoczonych.<\/p>\n<p><a href=\"https:\/\/youtu.be\/eMcqoiUBLVI\" target=\"_blank\" rel=\"noopener\">Jan Saudek \u2013 re\u017c Jerome de Missolz (polskie napisy) \u2013 film z 1990 roku prezentuj\u0105cy warsztat artysty i miejsce w kt\u00f3rym tworzy\u0142 swoje fotografie<\/a><\/p>\n<\/div>\n","protected":false},"excerpt":{"rendered":"<p>Fotografia; oryginalna odbitka \u017celatynowo-srebrowa, 23,5 x 29 cm<br \/>\nsygn. p.d.: JAN SAUDEK;<br \/>\nU do\u0142u: #112, &gt;&gt;Portrait of My Friend K.&lt;&lt;, Model Print,<br \/>\nNa prawym marginesie u g\u00f3ry: Finished: August 1, zamazane, prawdopodobnie 1880 (Saudek antydatowa\u0142 swoje prace o 100 lat)<br \/>\nW dolnej cz\u0119\u015bci na czarnym marginesie rysa (foto 3)<br \/>\nCertyfikat autentyczno\u015bci<\/p>\n","protected":false},"featured_media":2304,"template":"","meta":{"_monsterinsights_skip_tracking":false,"_monsterinsights_sitenote_active":false,"_monsterinsights_sitenote_note":"","_monsterinsights_sitenote_category":0,"_themeisle_gutenberg_block_has_review":false},"product_cat":[15],"product_tag":[124],"class_list":["post-2302","product","type-product","status-publish","has-post-thumbnail","hentry","product_cat-pozostale","product_tag-saudek-jan","product_shipping_class-rodzaj-wysylki-1"],"aioseo_notices":[],"_links":{"self":[{"href":"https:\/\/kwintesencja.art\/pl\/wp-json\/wp\/v2\/product\/2302","targetHints":{"allow":["GET"]}}],"collection":[{"href":"https:\/\/kwintesencja.art\/pl\/wp-json\/wp\/v2\/product"}],"about":[{"href":"https:\/\/kwintesencja.art\/pl\/wp-json\/wp\/v2\/types\/product"}],"wp:featuredmedia":[{"embeddable":true,"href":"https:\/\/kwintesencja.art\/pl\/wp-json\/wp\/v2\/media\/2304"}],"wp:attachment":[{"href":"https:\/\/kwintesencja.art\/pl\/wp-json\/wp\/v2\/media?parent=2302"}],"wp:term":[{"taxonomy":"product_cat","embeddable":true,"href":"https:\/\/kwintesencja.art\/pl\/wp-json\/wp\/v2\/product_cat?post=2302"},{"taxonomy":"product_tag","embeddable":true,"href":"https:\/\/kwintesencja.art\/pl\/wp-json\/wp\/v2\/product_tag?post=2302"}],"curies":[{"name":"wp","href":"https:\/\/api.w.org\/{rel}","templated":true}]}}