{"id":2128,"date":"2022-07-03T11:15:46","date_gmt":"2022-07-03T09:15:46","guid":{"rendered":"https:\/\/kwintesencja.art\/?post_type=product&#038;p=2128"},"modified":"2025-01-25T08:26:35","modified_gmt":"2025-01-25T07:26:35","slug":"bal","status":"publish","type":"product","link":"https:\/\/kwintesencja.art\/pl\/product\/bal\/","title":{"rendered":"Bal"},"content":{"rendered":"<div id=\"tab-description\" class=\"panel entry-content wc-tab\">\n<p>Kacper Bo\u017cek, urodzony w roku 1974. Uko\u0144czy\u0142 Wydzia\u0142 Grafiki ASP w Krakowie. Laureat Stypendium Tw\u00f3rczego Miasta Krakowa (2003). Laureat kilku nagr\u00f3d za prace studenckie, a tak\u017ce I Nagrody za exlibris w Poznaniu. Ma w swym dorobku kilkana\u015bcie wystaw indywidualnych i udzia\u0142 w kilkudziesi\u0119ciu zbiorowych. Najcz\u0119\u015bciej pracuje w technikach metalowych i litografii.<\/p>\n<p>Artysta bra\u0142 udzia\u0142 w zbiorowych pokazach organizowanych przez galeri\u0119, m.inn : Mondo Cane, JFG, Krak\u00f3w 2001, BWA, Kielce ; Visible \/ Invisible, Turchin Center for Visual Arts, Boone NC, USA, 2012\/13.<\/p>\n<\/div>\n","protected":false},"excerpt":{"rendered":"<div class=\"woocommerce-product-details__short-description\">\n<p>Akwaforta, akwatinta, wymiary: 44,5 x 34,5 cm, 65,5 x 51,5 cm<br \/>\nSygnatura r\u0119czna, o\u0142\u00f3wkiem: l.d.: 42\/100, u do\u0142u: BAL p.d.: KACPER BO\u017bEK VII\/XXI<br \/>\nCertyfikat autentyczno\u015bci<\/p>\n<\/div>\n","protected":false},"featured_media":6222,"template":"","meta":{"_monsterinsights_skip_tracking":false,"_monsterinsights_sitenote_active":false,"_monsterinsights_sitenote_note":"","_monsterinsights_sitenote_category":0,"_themeisle_gutenberg_block_has_review":false},"product_cat":[41],"product_tag":[83],"class_list":["post-2128","product","type-product","status-publish","has-post-thumbnail","hentry","product_cat-grafiki","product_tag-bozek-kacper","product_shipping_class-rodzaj-wysylki-2"],"aioseo_notices":[],"_links":{"self":[{"href":"https:\/\/kwintesencja.art\/pl\/wp-json\/wp\/v2\/product\/2128","targetHints":{"allow":["GET"]}}],"collection":[{"href":"https:\/\/kwintesencja.art\/pl\/wp-json\/wp\/v2\/product"}],"about":[{"href":"https:\/\/kwintesencja.art\/pl\/wp-json\/wp\/v2\/types\/product"}],"wp:featuredmedia":[{"embeddable":true,"href":"https:\/\/kwintesencja.art\/pl\/wp-json\/wp\/v2\/media\/6222"}],"wp:attachment":[{"href":"https:\/\/kwintesencja.art\/pl\/wp-json\/wp\/v2\/media?parent=2128"}],"wp:term":[{"taxonomy":"product_cat","embeddable":true,"href":"https:\/\/kwintesencja.art\/pl\/wp-json\/wp\/v2\/product_cat?post=2128"},{"taxonomy":"product_tag","embeddable":true,"href":"https:\/\/kwintesencja.art\/pl\/wp-json\/wp\/v2\/product_tag?post=2128"}],"curies":[{"name":"wp","href":"https:\/\/api.w.org\/{rel}","templated":true}]}}