{"id":2119,"date":"2022-06-30T14:14:55","date_gmt":"2022-06-30T12:14:55","guid":{"rendered":"https:\/\/kwintesencja.art\/?post_type=product&#038;p=2119"},"modified":"2024-08-22T21:08:54","modified_gmt":"2024-08-22T19:08:54","slug":"kawiarnia-la-rotonde","status":"publish","type":"product","link":"https:\/\/kwintesencja.art\/pl\/product\/kawiarnia-la-rotonde\/","title":{"rendered":"La Rotonde"},"content":{"rendered":"<p>Kawiarnia \u201eLa Rotonde\u201d otwarta w 1911 by\u0142a \u201eFoyer des artistes\u201d o\u015brodkiem artyst\u00f3w, o kt\u00f3rych troszczy\u0142 sie Victor Libion zwany \u201ePap\u0105 Libon\u201d. \u015aciany kawiarni pokrywa\u0142y p\u0142\u00f3tna Chagalla, Picassa, Modiglianiego oraz wielu innych. \u201eLibion zakazywa\u0142 swoim kelnerom namawiania do konsumpcji, dlatego te\u017c mo\u017cna tam by\u0142o siedzie\u0107 godzinami nad kosztuj\u0105c\u0105 jedynie dwadzie\u015bcia centym\u00f3w caf\u00e9-cr\u00e8me. [\u2026] Czasami zatrudnia\u0142 Kislinga, ze wzgl\u0119du na jego sylwetk\u0119, jako ochroniarza. Krytyk Andre Salmon pisa\u0142 \u201ejego klienci natychmiast zostawali jego przyjaci\u00f3\u0142mi. Jego elegancki autorytet dzia\u0142a\u0142 na wi\u0119kszo\u015b\u0107 trudnych osobowo\u015bci. Kawiarnia zwana by\u0142a pla\u017c\u0105 Montparnasse\u2019u gdy\u017c jej tarasy by\u0142y nas\u0142onecznione wi\u0119kszo\u015b\u0107 dnia. Przebywali tam Pablo Picassa, Georg Braque, Juan Grisa, Louis Marcoussis (Ludwik Markus), Henryk Hayden, Amadeo Modligliani.<\/p>\n<p>Moj\u017cesz Kisling (1891 \u2013 1953). W latach 1907-11 studiowa\u0142 malarstwo w krakowskiej ASP u J\u00f3zefa Pankiewicza. Za jego rad\u0105, wraz z Szymonem Mondszajnem, wyjecha\u0142 na dalsze studia do Pary\u017ca. Tam jego tw\u00f3rczo\u015bci\u0105 zainteresowali si\u0119 krytycy Andr\u00e9 Salmon i Adolf Basler, otrzyma\u0142 te\u017c stypendium od anonimowego mecenasa z Rosji. Nazywany by\u0142 \u201eksi\u0119cia Montparnasse\u2019u ze wzgl\u0119du na koligacje towarzyskie i sukcesy finansowe. Przyjacielskie relacje \u0142\u0105czy\u0142y go z polskimi tw\u00f3rcami: Tadeuszem Makowskim, Eugeniuszem Zakiem, Ludwikiem Markusem, Romanem Kramsztykiem i Mel\u0105 Muter. Za udzia\u0142 w walkach Legii Cudzoziemskiej w czasie I wojny \u015bwiatowej otrzyma\u0142 obywatelstwo francuskie. Ranny podczas bitwy pod Clarency odby\u0142 w 1916 roku rekonwalescencj\u0119 w Hiszpanii. W czasie II wojny \u015bwiatowej wst\u0105pi\u0142 do armii francuskiej. W 1940 przez Hiszpani\u0119 i Portugali\u0119 wyjecha\u0142 do Nowego Jorku. Po wojnie ok. 1946 wr\u00f3ci\u0142 do Sanary-sur-Mer. By\u0142 jednym z najwybitniejszych przedstawicieli Ecole de Paris lat mi\u0119dzywojennych. Mia\u0142 wiele wystaw indywidualnych, w wystawach zbiorowych za granic\u0105 uczestniczy\u0142 cz\u0119sto jako artysta polski. By\u0142 jednym z czo\u0142owych reprezentant\u00f3w \u00c9cole de Paris skupiaj\u0105cej przyby\u0142ych z Europy \u015arodowo-Wschodniej i Rosji artyst\u00f3w \u017cydowskiego pochodzenia. \u201eWe wczesnej fazie tw\u00f3rczo\u015bci Kislinga z lat 1912-18 znalaz\u0142a wyraz fascynacja sztuk\u0105 Cezanne\u2019a; w martwych naturach i pejza\u017cach artysta syntetyzowa\u0142 i geometryzowa\u0142 bry\u0142y, spi\u0119trza\u0142 plany kompozycyjne, wprowadza\u0142 podwy\u017cszony punkt widzenia zacie\u015bniaj\u0105cy przestrze\u0144 obrazow\u0105. (\u2026) Pod wp\u0142ywem kontakt\u00f3w z kubistami malowa\u0142 po\u0142udniowo-francuskie pejza\u017ce o geometryzuj\u0105cej stylistyce zapo\u017cyczonej z obraz\u00f3w Picassa i Braque\u2019a z ok. 1909 roku. Poszukiwa\u0142 formu\u0142y dekoracyjno\u015bci, w kt\u00f3rej zsyntetyzowane bry\u0142y architektoniczne wsp\u00f3\u0142graj\u0105 z organicznymi formami natury. (\u2026) W pejza\u017cach ujmowa\u0142 kszta\u0142ty sylwetowo, za\u015b barwom nadawa\u0142 intensywno\u015b\u0107 por\u00f3wnywaln\u0105 z fowistyczn\u0105 palet\u0105. W latach 1917-18, pr\u00f3cz widok\u00f3w z Saint-Tropez, kt\u00f3re cechowa\u0142a rozbielona paleta i eteryczno\u015b\u0107, powstawa\u0142y krajobrazy o pog\u0142\u0119bionej ekspresji ewokowanej przez gam\u0119 ostrych, mocnych, kontrastowo zestawionych barw; te granicz\u0105ce z abstrakcj\u0105, st\u0119\u017cone w wyrazie kompozycje malowane by\u0142y impastowo, uko\u015bnymi poci\u0105gni\u0119ciami p\u0119dzla. Niekt\u00f3re widoki port\u00f3w z \u017cagl\u00f3wkami i opustosza\u0142ym nadbrze\u017cem nawi\u0105zywa\u0142y do poetyki \u201emalarstwa metafizycznego\u201d. W pejza\u017cach Kisling nawi\u0105zywa\u0142 tak\u017ce do szesnastowiecznych schemat\u00f3w kompozycyjnych, przedstawiaj\u0105c krajobrazy rozleg\u0142e, budowane kulisowo, o sugestywnie oddanej g\u0142\u0119bi przestrzennej\u201d \u2013 Irena Kossowska.<\/p>\n","protected":false},"excerpt":{"rendered":"<p>Tytu\u0142: Kawiarnia La Rotonde<br \/>\nAutor: Moj\u017cesz Kisling<br \/>\nTechnika: litografia barwna<br \/>\nOprawa: Tak, srebrna rama, za szk\u0142em<br \/>\nSygnowany na matrycy p. d. Kisling<br \/>\nWymiary: w \u015bw p-p.: 27,5 x 34 cm, 52 x 42 cm (z opraw\u0105)<br \/>\nStan zachowania: bardzo dobry<br \/>\nCertyfikat autentyczno\u015bci<br \/>\nZ teki: Paris, Provence, Gitans<\/p>\n","protected":false},"featured_media":6638,"template":"","meta":{"_monsterinsights_skip_tracking":false,"_monsterinsights_sitenote_active":false,"_monsterinsights_sitenote_note":"","_monsterinsights_sitenote_category":0,"_themeisle_gutenberg_block_has_review":false},"product_cat":[41],"product_tag":[140],"class_list":["post-2119","product","type-product","status-publish","has-post-thumbnail","hentry","product_cat-grafiki","product_tag-kisling-mojzesz","product_shipping_class-rodzaj-wysylki-2"],"aioseo_notices":[],"_links":{"self":[{"href":"https:\/\/kwintesencja.art\/pl\/wp-json\/wp\/v2\/product\/2119","targetHints":{"allow":["GET"]}}],"collection":[{"href":"https:\/\/kwintesencja.art\/pl\/wp-json\/wp\/v2\/product"}],"about":[{"href":"https:\/\/kwintesencja.art\/pl\/wp-json\/wp\/v2\/types\/product"}],"wp:featuredmedia":[{"embeddable":true,"href":"https:\/\/kwintesencja.art\/pl\/wp-json\/wp\/v2\/media\/6638"}],"wp:attachment":[{"href":"https:\/\/kwintesencja.art\/pl\/wp-json\/wp\/v2\/media?parent=2119"}],"wp:term":[{"taxonomy":"product_cat","embeddable":true,"href":"https:\/\/kwintesencja.art\/pl\/wp-json\/wp\/v2\/product_cat?post=2119"},{"taxonomy":"product_tag","embeddable":true,"href":"https:\/\/kwintesencja.art\/pl\/wp-json\/wp\/v2\/product_tag?post=2119"}],"curies":[{"name":"wp","href":"https:\/\/api.w.org\/{rel}","templated":true}]}}