{"id":2113,"date":"2022-06-30T13:34:39","date_gmt":"2022-06-30T11:34:39","guid":{"rendered":"https:\/\/kwintesencja.art\/?post_type=product&#038;p=2113"},"modified":"2022-10-17T22:58:42","modified_gmt":"2022-10-17T20:58:42","slug":"kiedy-znuzony-szukam-noclegu-kwiaty-wisterii","status":"publish","type":"product","link":"https:\/\/kwintesencja.art\/pl\/product\/kiedy-znuzony-szukam-noclegu-kwiaty-wisterii\/","title":{"rendered":"Kiedy znu\u017cony szukam noclegu, kwiaty wisterii"},"content":{"rendered":"<p>Aleksandra Furdyna (ur. 1996). Absolwentka Liceum Plastycznego im. Piotra Micha\u0142owskiego w Rzeszowie. W latach 2016-2021 studiowa\u0142a na kierunku Grafika, na Wydziale Sztuki Uniwersytetu Rzeszowskiego. Dyplom z grafiki uzyska\u0142a w 2021 roku w Pracowni Grafiki Warsztatowej \u2013 druku wypuk\u0142ego prof. UR \u0141ukasza Cywickiego oraz w Pracowni Grafiki Projektowej II prof. UR Wies\u0142awa Grzegorczyka. Nominowana do XIII edycji konkursu Nagrody im. Jerzego Panka za Najlepszy Dyplom Instytutu Sztuk Pi\u0119knych Uniwersytetu Rzeszowskiego.<\/p>\n<p>Interesuje si\u0119 sztuk\u0105 i kultur\u0105 Japonii. Inspiruje si\u0119 pracami takich artyst\u00f3w jak Hiroshige czy Hokusai. Tworzy wielokolorowe, szczeg\u00f3\u0142owe prace, w kt\u00f3rych operuje bogactwem kolor\u00f3w i przej\u015b\u0107 tonalnych. Jej grafiki pod p\u0142aszczem ilustracji do tekstu skrywaj\u0105 bogat\u0105 symbolik\u0119 japo\u0144sk\u0105.<\/p>\n","protected":false},"excerpt":{"rendered":"<p>Tytu\u0142: Kiedy znu\u017cony szukam noclegu, kwiaty wisterii<br \/>\nAutor: Aleksandra Furdyna<br \/>\nRok: 2022<br \/>\nTechnika: Linoryt barwny<br \/>\nOprawa: Nie<br \/>\nPodpis odr\u0119czny, u do\u0142u: II\/4, Kiedy znu\u017cony szukam noclegu, kwiaty wisterii, Aleksandra Furdyna, 2022<br \/>\nWymiary: 36 x 52 cm, ca\u0142y arkusz 50 x 70 cm<br \/>\nEdycja: II\/4<br \/>\nStan zachowania: bardzo dobry<br \/>\nCertyfikat autentyczno\u015bci<\/p>\n","protected":false},"featured_media":2114,"template":"","meta":{"_monsterinsights_skip_tracking":false,"_monsterinsights_sitenote_active":false,"_monsterinsights_sitenote_note":"","_monsterinsights_sitenote_category":0,"_themeisle_gutenberg_block_has_review":false},"product_cat":[41],"product_tag":[],"class_list":["post-2113","product","type-product","status-publish","has-post-thumbnail","hentry","product_cat-grafiki","product_shipping_class-rodzaj-wysylki-1"],"aioseo_notices":[],"_links":{"self":[{"href":"https:\/\/kwintesencja.art\/pl\/wp-json\/wp\/v2\/product\/2113","targetHints":{"allow":["GET"]}}],"collection":[{"href":"https:\/\/kwintesencja.art\/pl\/wp-json\/wp\/v2\/product"}],"about":[{"href":"https:\/\/kwintesencja.art\/pl\/wp-json\/wp\/v2\/types\/product"}],"wp:featuredmedia":[{"embeddable":true,"href":"https:\/\/kwintesencja.art\/pl\/wp-json\/wp\/v2\/media\/2114"}],"wp:attachment":[{"href":"https:\/\/kwintesencja.art\/pl\/wp-json\/wp\/v2\/media?parent=2113"}],"wp:term":[{"taxonomy":"product_cat","embeddable":true,"href":"https:\/\/kwintesencja.art\/pl\/wp-json\/wp\/v2\/product_cat?post=2113"},{"taxonomy":"product_tag","embeddable":true,"href":"https:\/\/kwintesencja.art\/pl\/wp-json\/wp\/v2\/product_tag?post=2113"}],"curies":[{"name":"wp","href":"https:\/\/api.w.org\/{rel}","templated":true}]}}