{"id":2101,"date":"2022-06-29T13:38:09","date_gmt":"2022-06-29T11:38:09","guid":{"rendered":"https:\/\/kwintesencja.art\/?post_type=product&#038;p=2101"},"modified":"2023-10-31T08:42:01","modified_gmt":"2023-10-31T07:42:01","slug":"wspomnienie","status":"publish","type":"product","link":"https:\/\/kwintesencja.art\/pl\/product\/wspomnienie\/","title":{"rendered":"Kryzys dekadenckich kochank\u00f3w"},"content":{"rendered":"","protected":false},"excerpt":{"rendered":"<p>Tytu\u0142: Kryzys dekadenckich kochank\u00f3w<br \/>\nAutor: Ewa Bilska<br \/>\nRok: 2022<br \/>\nTechnika: O\u0142\u00f3wek, kredki, bia\u0142y tusz na papierze<br \/>\nOprawa: nie<br \/>\nPodpis: odr\u0119czny L.d.: Ewa Bilska<br \/>\nWymiary: 29,5x21cm<br \/>\nStan zachowania: bardzo dobry<br \/>\nCertyfikat autentyczno\u015bci<\/p>\n","protected":false},"featured_media":2058,"template":"","meta":{"_monsterinsights_skip_tracking":false,"_monsterinsights_sitenote_active":false,"_monsterinsights_sitenote_note":"","_monsterinsights_sitenote_category":0,"_themeisle_gutenberg_block_has_review":false},"product_cat":[39],"product_tag":[51],"class_list":["post-2101","product","type-product","status-publish","has-post-thumbnail","hentry","product_cat-obrazy","product_tag-bilska-ewa","product_shipping_class-rodzaj-wysylki-1"],"aioseo_notices":[],"_links":{"self":[{"href":"https:\/\/kwintesencja.art\/pl\/wp-json\/wp\/v2\/product\/2101","targetHints":{"allow":["GET"]}}],"collection":[{"href":"https:\/\/kwintesencja.art\/pl\/wp-json\/wp\/v2\/product"}],"about":[{"href":"https:\/\/kwintesencja.art\/pl\/wp-json\/wp\/v2\/types\/product"}],"wp:featuredmedia":[{"embeddable":true,"href":"https:\/\/kwintesencja.art\/pl\/wp-json\/wp\/v2\/media\/2058"}],"wp:attachment":[{"href":"https:\/\/kwintesencja.art\/pl\/wp-json\/wp\/v2\/media?parent=2101"}],"wp:term":[{"taxonomy":"product_cat","embeddable":true,"href":"https:\/\/kwintesencja.art\/pl\/wp-json\/wp\/v2\/product_cat?post=2101"},{"taxonomy":"product_tag","embeddable":true,"href":"https:\/\/kwintesencja.art\/pl\/wp-json\/wp\/v2\/product_tag?post=2101"}],"curies":[{"name":"wp","href":"https:\/\/api.w.org\/{rel}","templated":true}]}}