{"id":2011,"date":"2022-06-03T14:39:46","date_gmt":"2022-06-03T12:39:46","guid":{"rendered":"https:\/\/kwintesencja.art\/?post_type=product&#038;p=2011"},"modified":"2025-12-01T11:45:30","modified_gmt":"2025-12-01T10:45:30","slug":"opium","status":"publish","type":"product","link":"https:\/\/kwintesencja.art\/pl\/product\/opium\/","title":{"rendered":"Opium"},"content":{"rendered":"","protected":false},"excerpt":{"rendered":"<p>Tytu\u0142: Opium<br \/>\nAutor: Artur Smo\u0142a<br \/>\nRok: 2020\/2022<br \/>\nTechnika: Inkografia<br \/>\nOprawa: nie (na fotografii przyk\u0142adowa)<br \/>\nPodpis: odr\u0119czny o\u0142\u00f3wkiem: A.Smo\u0142a<br \/>\nEdycja: limitowana 2\/10<br \/>\nWymiary: 52,5x38cm, ca\u0142y arkusz: 66x55cm<br \/>\nStan zachowania: bardzo dobry<br \/>\nCertyfikat autentyczno\u015bci<\/p>\n","protected":false},"featured_media":1987,"template":"","meta":{"_monsterinsights_skip_tracking":false,"_monsterinsights_sitenote_active":false,"_monsterinsights_sitenote_note":"","_monsterinsights_sitenote_category":0,"_themeisle_gutenberg_block_has_review":false},"product_cat":[41],"product_tag":[138,350],"class_list":["post-2011","product","type-product","status-publish","has-post-thumbnail","hentry","product_cat-grafiki","product_tag-smola-artur","product_tag-wyprzedaz","product_shipping_class-rodzaj-wysylki-2"],"aioseo_notices":[],"_links":{"self":[{"href":"https:\/\/kwintesencja.art\/pl\/wp-json\/wp\/v2\/product\/2011","targetHints":{"allow":["GET"]}}],"collection":[{"href":"https:\/\/kwintesencja.art\/pl\/wp-json\/wp\/v2\/product"}],"about":[{"href":"https:\/\/kwintesencja.art\/pl\/wp-json\/wp\/v2\/types\/product"}],"wp:featuredmedia":[{"embeddable":true,"href":"https:\/\/kwintesencja.art\/pl\/wp-json\/wp\/v2\/media\/1987"}],"wp:attachment":[{"href":"https:\/\/kwintesencja.art\/pl\/wp-json\/wp\/v2\/media?parent=2011"}],"wp:term":[{"taxonomy":"product_cat","embeddable":true,"href":"https:\/\/kwintesencja.art\/pl\/wp-json\/wp\/v2\/product_cat?post=2011"},{"taxonomy":"product_tag","embeddable":true,"href":"https:\/\/kwintesencja.art\/pl\/wp-json\/wp\/v2\/product_tag?post=2011"}],"curies":[{"name":"wp","href":"https:\/\/api.w.org\/{rel}","templated":true}]}}