{"id":2010,"date":"2022-06-03T14:36:41","date_gmt":"2022-06-03T12:36:41","guid":{"rendered":"https:\/\/kwintesencja.art\/?post_type=product&#038;p=2010"},"modified":"2025-12-01T11:45:54","modified_gmt":"2025-12-01T10:45:54","slug":"moje-skarby-ida-na-dno","status":"publish","type":"product","link":"https:\/\/kwintesencja.art\/pl\/product\/moje-skarby-ida-na-dno\/","title":{"rendered":"Wild horses"},"content":{"rendered":"","protected":false},"excerpt":{"rendered":"<p>Tytu\u0142: Moje skarby id\u0105 na dno<br \/>\nAutor: Artur Smo\u0142a<br \/>\nRok: 2021\/2022<br \/>\nTechnika: Inkografia<br \/>\nOprawa: Tak, pi\u0119kna rama za szk\u0142em<br \/>\nPodpis: odr\u0119czny o\u0142\u00f3wkiem: A.Smo\u0142a<br \/>\nEdycja: limitowana 4\/10<br \/>\nWymiary: 42 x 50 cm, 86 x 93 cm (z ram\u0105)<br \/>\nStan zachowania: bardzo dobry<br \/>\nCertyfikat autentyczno\u015bci<\/p>\n","protected":false},"featured_media":6625,"template":"","meta":{"_monsterinsights_skip_tracking":false,"_monsterinsights_sitenote_active":false,"_monsterinsights_sitenote_note":"","_monsterinsights_sitenote_category":0,"_themeisle_gutenberg_block_has_review":false},"product_cat":[41],"product_tag":[138,350],"class_list":["post-2010","product","type-product","status-publish","has-post-thumbnail","hentry","product_cat-grafiki","product_tag-smola-artur","product_tag-wyprzedaz","product_shipping_class-rodzaj-wysylki-3"],"aioseo_notices":[],"_links":{"self":[{"href":"https:\/\/kwintesencja.art\/pl\/wp-json\/wp\/v2\/product\/2010","targetHints":{"allow":["GET"]}}],"collection":[{"href":"https:\/\/kwintesencja.art\/pl\/wp-json\/wp\/v2\/product"}],"about":[{"href":"https:\/\/kwintesencja.art\/pl\/wp-json\/wp\/v2\/types\/product"}],"wp:featuredmedia":[{"embeddable":true,"href":"https:\/\/kwintesencja.art\/pl\/wp-json\/wp\/v2\/media\/6625"}],"wp:attachment":[{"href":"https:\/\/kwintesencja.art\/pl\/wp-json\/wp\/v2\/media?parent=2010"}],"wp:term":[{"taxonomy":"product_cat","embeddable":true,"href":"https:\/\/kwintesencja.art\/pl\/wp-json\/wp\/v2\/product_cat?post=2010"},{"taxonomy":"product_tag","embeddable":true,"href":"https:\/\/kwintesencja.art\/pl\/wp-json\/wp\/v2\/product_tag?post=2010"}],"curies":[{"name":"wp","href":"https:\/\/api.w.org\/{rel}","templated":true}]}}