{"id":1892,"date":"2022-05-20T11:42:27","date_gmt":"2022-05-20T09:42:27","guid":{"rendered":"https:\/\/kwintesencja.art\/?post_type=product&#038;p=1892"},"modified":"2024-12-18T13:34:40","modified_gmt":"2024-12-18T12:34:40","slug":"mak","status":"publish","type":"product","link":"https:\/\/kwintesencja.art\/pl\/product\/mak\/","title":{"rendered":"Mak"},"content":{"rendered":"<p>Magdalena Miernik urodzona w 1971 r w Kielcach. Uko\u0144czy\u0142a biologi\u0119 na WSP w Kielcach. Nast\u0119pnie malarstwo na krakowskiej Akademii Sztuk Pi\u0119knych. Studiowa\u0142a w pracowniach prof. A. Brinckena i prof. J .Waltosia tak\u017ce na Wydziale Grafiki \u2013w pracowni Wkl\u0119s\u0142odruku u prof. A. Pietscha oraz w pracowni Ksi\u0105\u017cki i Typografii u prof. R. Banaszewskiego. W 2001 r uzyska\u0142a dyplom z malarstwa sztalugowego w pracowni prof. G.Bednarskiego. Od 2001 jest pracownikiem naukowo-dydaktycznym w Instytucie Edukacji Szkolnej na Uniwersytecie Humanistyczno-Przyrodniczym Jana Kochanowskiego w Kielcach. W 2010 obroni\u0142a prac\u0119 doktorsk\u0105 pt Cytaty naturalne, pod kierunkiem prof. Ma\u0142gorzaty Bieleckiej. W trakcie pracy na uczelni opublikowa\u0142am kilka tekst\u00f3w m.in.: \u201eRozwa\u017cania o natchnieniu\u201d, \u201ePi\u0119kno?\u201d, \u201ePrzyroda w sztukach plastycznych\u201d- rys historyczny. Mia\u0142a kilkana\u015bcie wystaw indywidualnych i zbiorowych swoich prac.<\/p>\n","protected":false},"excerpt":{"rendered":"<p>Tytu\u0142: Mak<br \/>\nAutor: Magdalena Miernik<br \/>\nTechnika: akwarela, kredka<br \/>\nOprawa: tak, bia\u0142a ramka, za szk\u0142em<br \/>\nWymiary: w \u015bw.p.p: 26 x 19cm, w ramce 40 x 30 cm<br \/>\nStan zachowania: bardzo dobry<br \/>\nCertyfikat autentyczno\u015bci<\/p>\n","protected":false},"featured_media":1894,"template":"","meta":{"_monsterinsights_skip_tracking":false,"_monsterinsights_sitenote_active":false,"_monsterinsights_sitenote_note":"","_monsterinsights_sitenote_category":0,"_themeisle_gutenberg_block_has_review":false},"product_cat":[39],"product_tag":[61],"class_list":["post-1892","product","type-product","status-publish","has-post-thumbnail","hentry","product_cat-obrazy","product_tag-miernik-magdalena"],"aioseo_notices":[],"_links":{"self":[{"href":"https:\/\/kwintesencja.art\/pl\/wp-json\/wp\/v2\/product\/1892","targetHints":{"allow":["GET"]}}],"collection":[{"href":"https:\/\/kwintesencja.art\/pl\/wp-json\/wp\/v2\/product"}],"about":[{"href":"https:\/\/kwintesencja.art\/pl\/wp-json\/wp\/v2\/types\/product"}],"wp:featuredmedia":[{"embeddable":true,"href":"https:\/\/kwintesencja.art\/pl\/wp-json\/wp\/v2\/media\/1894"}],"wp:attachment":[{"href":"https:\/\/kwintesencja.art\/pl\/wp-json\/wp\/v2\/media?parent=1892"}],"wp:term":[{"taxonomy":"product_cat","embeddable":true,"href":"https:\/\/kwintesencja.art\/pl\/wp-json\/wp\/v2\/product_cat?post=1892"},{"taxonomy":"product_tag","embeddable":true,"href":"https:\/\/kwintesencja.art\/pl\/wp-json\/wp\/v2\/product_tag?post=1892"}],"curies":[{"name":"wp","href":"https:\/\/api.w.org\/{rel}","templated":true}]}}