{"id":1872,"date":"2022-05-19T23:06:05","date_gmt":"2022-05-19T21:06:05","guid":{"rendered":"https:\/\/kwintesencja.art\/?post_type=product&#038;p=1872"},"modified":"2022-08-23T12:27:04","modified_gmt":"2022-08-23T10:27:04","slug":"bridge","status":"publish","type":"product","link":"https:\/\/kwintesencja.art\/pl\/product\/bridge\/","title":{"rendered":"Bridge"},"content":{"rendered":"<p>Bernard Buffet (1928 \u2013 1999) by\u0142 francuskim malarzem ekspresjonizmu i cz\u0142onkiem antyabstrakcyjnej grupy artystycznej \u201eL\u2019homme T\u00e9moin\u201d (\u015awiadek-cz\u0142owiek).<br \/>\nBuffet urodzi\u0142 si\u0119 w Pary\u017cu we Francji, studiowa\u0142 tam sztuk\u0119 w \u00c9cole Nationale Sup\u00e9rieure des Beaux-Arts (Narodowej Szko\u0142y Sztuk Pi\u0119knych) i pracowa\u0142 w pracowni malarza Eug\u00e8ne\u2019a Narbonne\u2019a. W\u015br\u00f3d jego koleg\u00f3w z klasy byli Maurice Boiteland Louis Vuillermoz.<br \/>\nWspierany przez handlarza obrazami Maurice Garnier, Buffet produkowa\u0142 dzie\u0142a religijne, pejza\u017ce, portrety i martwe natury. W 1946 wystawi\u0142 sw\u00f3j pierwszy obraz, autoportret, w Salon des Moins de Trente Ans w Galerie Beaux-Arts. Pracow\u0105\u0142 intensywnie, wystawiaj\u0105c swoje praca ka\u017cdego roku. W 1955 r. otrzyma\u0142 pierwsz\u0105 nagrod\u0119 magazynu Connaissance des arts, kt\u00f3ry wymieni\u0142 10 najlepszych artyst\u00f3w powojennych. W 1958 roku w wieku 30 lat odby\u0142a si\u0119 pierwsza retrospektywa jego tw\u00f3rczo\u015bci w Galerie Charpentier.<br \/>\n23 listopada 1973 roku Kiichiro Okano w Surugadaira w Japonii za\u0142o\u017cy\u0142 Bernard Buffet Museum.<br \/>\nBuffet stworzy\u0142 ponad 8000 obraz\u00f3w i wiele grafik.<br \/>\nW 1999 roku pope\u0142ni\u0142 samob\u00f3jstwo w swoim domu w Tourtour w po\u0142udniowej Francji. Cierpia\u0142 na chorob\u0119 Parkinsona i nie by\u0142 ju\u017c w stanie pracowa\u0107.<\/p>\n","protected":false},"excerpt":{"rendered":"<p>Tytu\u0142: Bridge<br \/>\nAutor: Bernard Buffet<br \/>\nTechnika: Litografia<br \/>\nRok: 1956<br \/>\nOprawa: tak, rama bez szk\u0142a<br \/>\nPodpis: sygnatura i data \u015br.g.: Bernard Buffet 56<br \/>\nWymiary: w \u015bw pp.: 57 x 36 cm, z opraw\u0105: 74 x 53 cm<br \/>\nStan zachowania: bardzo dobry<br \/>\nCertyfikat autentyczno\u015bci<\/p>\n","protected":false},"featured_media":1873,"template":"","meta":{"_monsterinsights_skip_tracking":false,"_monsterinsights_sitenote_active":false,"_monsterinsights_sitenote_note":"","_monsterinsights_sitenote_category":0,"_themeisle_gutenberg_block_has_review":false},"product_cat":[41],"product_tag":[130],"class_list":["post-1872","product","type-product","status-publish","has-post-thumbnail","hentry","product_cat-grafiki","product_tag-buffet-bernard","product_shipping_class-rodzaj-wysylki-3"],"aioseo_notices":[],"_links":{"self":[{"href":"https:\/\/kwintesencja.art\/pl\/wp-json\/wp\/v2\/product\/1872","targetHints":{"allow":["GET"]}}],"collection":[{"href":"https:\/\/kwintesencja.art\/pl\/wp-json\/wp\/v2\/product"}],"about":[{"href":"https:\/\/kwintesencja.art\/pl\/wp-json\/wp\/v2\/types\/product"}],"wp:featuredmedia":[{"embeddable":true,"href":"https:\/\/kwintesencja.art\/pl\/wp-json\/wp\/v2\/media\/1873"}],"wp:attachment":[{"href":"https:\/\/kwintesencja.art\/pl\/wp-json\/wp\/v2\/media?parent=1872"}],"wp:term":[{"taxonomy":"product_cat","embeddable":true,"href":"https:\/\/kwintesencja.art\/pl\/wp-json\/wp\/v2\/product_cat?post=1872"},{"taxonomy":"product_tag","embeddable":true,"href":"https:\/\/kwintesencja.art\/pl\/wp-json\/wp\/v2\/product_tag?post=1872"}],"curies":[{"name":"wp","href":"https:\/\/api.w.org\/{rel}","templated":true}]}}