{"id":1866,"date":"2022-05-19T22:59:10","date_gmt":"2022-05-19T20:59:10","guid":{"rendered":"https:\/\/kwintesencja.art\/?post_type=product&#038;p=1866"},"modified":"2022-08-23T12:27:17","modified_gmt":"2022-08-23T10:27:17","slug":"dwa-irysy","status":"publish","type":"product","link":"https:\/\/kwintesencja.art\/pl\/product\/dwa-irysy\/","title":{"rendered":"Dwa Irysy"},"content":{"rendered":"<p>Bernard Buffet (1928 &#8211; 1999) by\u0142 francuskim malarzem ekspresjonizmu i cz\u0142onkiem antyabstrakcyjnej grupy artystycznej \u201eL&#8217;homme T\u00e9moin\u201d (\u015awiadek-cz\u0142owiek).<br \/>\nBuffet urodzi\u0142 si\u0119 w Pary\u017cu we Francji, studiowa\u0142 tam sztuk\u0119 w \u00c9cole Nationale Sup\u00e9rieure des Beaux-Arts (Narodowej Szko\u0142y Sztuk Pi\u0119knych) i pracowa\u0142 w pracowni malarza Eug\u00e8ne&#8217;a Narbonne&#8217;a. W\u015br\u00f3d jego koleg\u00f3w z klasy byli Maurice Boiteland Louis Vuillermoz.<br \/>\nWspierany przez handlarza obrazami Maurice Garnier, Buffet produkowa\u0142 dzie\u0142a religijne, pejza\u017ce, portrety i martwe natury. W 1946 wystawi\u0142 sw\u00f3j pierwszy obraz, autoportret, w Salon des Moins de Trente Ans w Galerie Beaux-Arts. Pracow\u0105\u0142 intensywnie, wystawiaj\u0105c swoje praca ka\u017cdego roku. W 1955 r. otrzyma\u0142 pierwsz\u0105 nagrod\u0119 magazynu Connaissance des arts, kt\u00f3ry wymieni\u0142 10 najlepszych artyst\u00f3w powojennych. W 1958 roku w wieku 30 lat odby\u0142a si\u0119 pierwsza retrospektywa jego tw\u00f3rczo\u015bci w Galerie Charpentier.<br \/>\n23 listopada 1973 roku Kiichiro Okano w Surugadaira w Japonii za\u0142o\u017cy\u0142 Bernard Buffet Museum.<br \/>\nBuffet stworzy\u0142 ponad 8000 obraz\u00f3w i wiele grafik.<br \/>\nW 1999 roku pope\u0142ni\u0142 samob\u00f3jstwo w swoim domu w Tourtour w po\u0142udniowej Francji. Cierpia\u0142 na chorob\u0119 Parkinsona i nie by\u0142 ju\u017c w stanie pracowa\u0107.<\/p>\n","protected":false},"excerpt":{"rendered":"<p>Tytu\u0142: Irysy<br \/>\nAutor: Bernard Buffet<br \/>\nTechnika: Litografia barwna<br \/>\nRok: lata 60. XX w.<br \/>\nOprawa: nie<br \/>\nPodpis: sygnatura odr\u0119czna o\u0142\u00f3wkiem: 3\/230 oraz podpis z odcisku: Bernard Buffet<br \/>\nWymiary: 28,5 x 36 cm, arkusz: 32,5 x 44 cm<br \/>\nStan zachowania: bardzo dobry<br \/>\n<span class=\"VIiyi\" lang=\"pl\"><span class=\"JLqJ4b ChMk0b\" data-language-for-alternatives=\"pl\" data-language-to-translate-into=\"en\" data-phrase-index=\"14\" data-number-of-phrases=\"18\"><span class=\"Q4iAWc\">Wydrukowano na papierze ze znakiem wodnym: BFKRives<\/span><\/span><\/span><br \/>\nCertyfikat autentyczno\u015bci<\/p>\n","protected":false},"featured_media":1870,"template":"","meta":{"_monsterinsights_skip_tracking":false,"_monsterinsights_sitenote_active":false,"_monsterinsights_sitenote_note":"","_monsterinsights_sitenote_category":0,"_themeisle_gutenberg_block_has_review":false},"product_cat":[41],"product_tag":[130],"class_list":["post-1866","product","type-product","status-publish","has-post-thumbnail","hentry","product_cat-grafiki","product_tag-buffet-bernard","product_shipping_class-rodzaj-wysylki-1"],"aioseo_notices":[],"_links":{"self":[{"href":"https:\/\/kwintesencja.art\/pl\/wp-json\/wp\/v2\/product\/1866","targetHints":{"allow":["GET"]}}],"collection":[{"href":"https:\/\/kwintesencja.art\/pl\/wp-json\/wp\/v2\/product"}],"about":[{"href":"https:\/\/kwintesencja.art\/pl\/wp-json\/wp\/v2\/types\/product"}],"wp:featuredmedia":[{"embeddable":true,"href":"https:\/\/kwintesencja.art\/pl\/wp-json\/wp\/v2\/media\/1870"}],"wp:attachment":[{"href":"https:\/\/kwintesencja.art\/pl\/wp-json\/wp\/v2\/media?parent=1866"}],"wp:term":[{"taxonomy":"product_cat","embeddable":true,"href":"https:\/\/kwintesencja.art\/pl\/wp-json\/wp\/v2\/product_cat?post=1866"},{"taxonomy":"product_tag","embeddable":true,"href":"https:\/\/kwintesencja.art\/pl\/wp-json\/wp\/v2\/product_tag?post=1866"}],"curies":[{"name":"wp","href":"https:\/\/api.w.org\/{rel}","templated":true}]}}