{"id":1858,"date":"2022-05-19T22:34:52","date_gmt":"2022-05-19T20:34:52","guid":{"rendered":"https:\/\/kwintesencja.art\/?post_type=product&#038;p=1858"},"modified":"2025-07-29T14:13:36","modified_gmt":"2025-07-29T12:13:36","slug":"kobieta-z-kwiatem","status":"publish","type":"product","link":"https:\/\/kwintesencja.art\/pl\/product\/kobieta-z-kwiatem\/","title":{"rendered":"Kobieta z kwiatem"},"content":{"rendered":"<p>Fernand L\u00e9ger (1881-1955) \u2013 francuski malarz zwi\u0105zany z kubizmem, grafik, rze\u017abiarz, artysta ceramik i re\u017cyser filmowy.<br \/>\nBy\u0142 studentem Acad\u00e9mie Julian. We wczesnych pracach artysty dostrzegano wp\u0142yw impresjonizmu. Silnie na tw\u00f3rczo\u015b\u0107 L\u00e9gera oddzia\u0142a\u0142o malarstwo Paul\u2019a Cezanne\u2019a i wczesny kubizm Pabla Picasso. Pierwsza indywidualna wystawa malarza mia\u0142a miejsce w 1912 roku w Galerie Kahnweiler w Pary\u017cu. Przez pi\u0119\u0107 lat artysta mieszka\u0142 w Stanach Zjednoczonych (1940-1945). Nast\u0119pnie powr\u00f3ci\u0142 do Francji. W 1960 roku otwarto Muzeum Fernanda L\u00e9gera w Biot (Francja).<\/p>\n","protected":false},"excerpt":{"rendered":"<p>Tytu\u0142: Kobieta z kwiatem<br \/>\nAutor: Fernand Leger<br \/>\nRok: ok.1920<br \/>\nTechnika: Akwaforta na papierze<br \/>\nOprawa: Tak (czarno-srebrna rama oraz szk\u0142o antyrefleksyjne)<br \/>\nPodpis: odr\u0119cznie o\u0142\u00f3wkiem: L.d.: 16\/20, p.d.: F.L.<br \/>\nNa odwrocie: wyblak\u0142a, nieczytelna piecz\u0119\u0107 i odr\u0119czny numer: 16\/20<br \/>\nWymiary: 15,3 x 11,5 cm, ca\u0142y arkusz: 18 x 25 cm, w \u015bw pp. 17,5 x 24,5 cm, z ram\u0105: 32,5 x 39,5 cm<br \/>\nStan zachowania: bardzo dobry<br \/>\nCertyfikat autentyczno\u015bci<\/p>\n","protected":false},"featured_media":1861,"template":"","meta":{"_monsterinsights_skip_tracking":false,"_monsterinsights_sitenote_active":false,"_monsterinsights_sitenote_note":"","_monsterinsights_sitenote_category":0,"_themeisle_gutenberg_block_has_review":false},"product_cat":[41],"product_tag":[115],"class_list":["post-1858","product","type-product","status-publish","has-post-thumbnail","hentry","product_cat-grafiki","product_tag-leger-fernand"],"aioseo_notices":[],"_links":{"self":[{"href":"https:\/\/kwintesencja.art\/pl\/wp-json\/wp\/v2\/product\/1858","targetHints":{"allow":["GET"]}}],"collection":[{"href":"https:\/\/kwintesencja.art\/pl\/wp-json\/wp\/v2\/product"}],"about":[{"href":"https:\/\/kwintesencja.art\/pl\/wp-json\/wp\/v2\/types\/product"}],"wp:featuredmedia":[{"embeddable":true,"href":"https:\/\/kwintesencja.art\/pl\/wp-json\/wp\/v2\/media\/1861"}],"wp:attachment":[{"href":"https:\/\/kwintesencja.art\/pl\/wp-json\/wp\/v2\/media?parent=1858"}],"wp:term":[{"taxonomy":"product_cat","embeddable":true,"href":"https:\/\/kwintesencja.art\/pl\/wp-json\/wp\/v2\/product_cat?post=1858"},{"taxonomy":"product_tag","embeddable":true,"href":"https:\/\/kwintesencja.art\/pl\/wp-json\/wp\/v2\/product_tag?post=1858"}],"curies":[{"name":"wp","href":"https:\/\/api.w.org\/{rel}","templated":true}]}}