{"id":1847,"date":"2022-05-13T20:40:21","date_gmt":"2022-05-13T18:40:21","guid":{"rendered":"https:\/\/kwintesencja.art\/?post_type=product&#038;p=1847"},"modified":"2022-10-02T23:35:18","modified_gmt":"2022-10-02T21:35:18","slug":"bez-tytulu-3","status":"publish","type":"product","link":"https:\/\/kwintesencja.art\/pl\/product\/bez-tytulu-3\/","title":{"rendered":"Bez tytu\u0142u"},"content":{"rendered":"<p>Jolanta Wi\u0119c\u0142aw (ur. 1976) Absolwentka Uniwersytetu Pedagogicznego w Krakowie \/ Wydzia\u0142 Sztuki, kierunek: edukacja artystyczna w zakresie sztuk plastycznych.<br \/>\nDyplom z wyr\u00f3\u017cnieniem w pracowni malarstwa Romualda Oramusa (2015 r.). Zajmuje si\u0119 tworzeniem kola\u017cy analogowych oraz fotografi\u0105.<\/p>\n","protected":false},"excerpt":{"rendered":"<p>Tytu\u0142: Bez tytu\u0142u<br \/>\nAutor: Jolanta Wi\u0119c\u0142aw<br \/>\nRok: 2019<br \/>\nTechnika: kola\u017c analogowy<br \/>\nOprawa: tak<br \/>\nPodpis: odr\u0119czny na odwrocie + piecz\u0119\u0107<br \/>\nWymiary: 19 x 28 cm, z ram\u0105: 32 x 42 cm<br \/>\nStan zachowania: bardzo dobry<br \/>\nCertyfikat autentyczno\u015bci<\/p>\n","protected":false},"featured_media":1848,"template":"","meta":{"_monsterinsights_skip_tracking":false,"_monsterinsights_sitenote_active":false,"_monsterinsights_sitenote_note":"","_monsterinsights_sitenote_category":0,"_themeisle_gutenberg_block_has_review":false},"product_cat":[15],"product_tag":[129],"class_list":["post-1847","product","type-product","status-publish","has-post-thumbnail","hentry","product_cat-pozostale","product_tag-wieclaw-jolanta"],"aioseo_notices":[],"_links":{"self":[{"href":"https:\/\/kwintesencja.art\/pl\/wp-json\/wp\/v2\/product\/1847","targetHints":{"allow":["GET"]}}],"collection":[{"href":"https:\/\/kwintesencja.art\/pl\/wp-json\/wp\/v2\/product"}],"about":[{"href":"https:\/\/kwintesencja.art\/pl\/wp-json\/wp\/v2\/types\/product"}],"wp:featuredmedia":[{"embeddable":true,"href":"https:\/\/kwintesencja.art\/pl\/wp-json\/wp\/v2\/media\/1848"}],"wp:attachment":[{"href":"https:\/\/kwintesencja.art\/pl\/wp-json\/wp\/v2\/media?parent=1847"}],"wp:term":[{"taxonomy":"product_cat","embeddable":true,"href":"https:\/\/kwintesencja.art\/pl\/wp-json\/wp\/v2\/product_cat?post=1847"},{"taxonomy":"product_tag","embeddable":true,"href":"https:\/\/kwintesencja.art\/pl\/wp-json\/wp\/v2\/product_tag?post=1847"}],"curies":[{"name":"wp","href":"https:\/\/api.w.org\/{rel}","templated":true}]}}