{"id":1839,"date":"2022-05-13T20:32:43","date_gmt":"2022-05-13T18:32:43","guid":{"rendered":"https:\/\/kwintesencja.art\/?post_type=product&#038;p=1839"},"modified":"2023-05-23T15:26:05","modified_gmt":"2023-05-23T13:26:05","slug":"dystans","status":"publish","type":"product","link":"https:\/\/kwintesencja.art\/pl\/product\/dystans\/","title":{"rendered":"Dystans"},"content":{"rendered":"<p>Jolanta Wi\u0119c\u0142aw (ur. 1976) Absolwentka Uniwersytetu Pedagogicznego w Krakowie \/ Wydzia\u0142 Sztuki, kierunek: edukacja artystyczna w zakresie sztuk plastycznych.<br \/>\nDyplom z wyr\u00f3\u017cnieniem w pracowni malarstwa Romualda Oramusa (2015 r.). Zajmuje si\u0119 tworzeniem kola\u017cy analogowych oraz fotografi\u0105.<\/p>\n","protected":false},"excerpt":{"rendered":"<p>Tytu\u0142: Dystans<br \/>\nAutor: Jolanta Wi\u0119c\u0142aw<br \/>\nRok: 2020<br \/>\nTechnika: kola\u017c analogowy<br \/>\nOprawa: tak<br \/>\nPodpis: odr\u0119czny na odwrocie + piecz\u0119\u0107<br \/>\nWymiary: 70 x 100 cm<br \/>\nStan zachowania: bardzo dobry<br \/>\nCertyfikat autentyczno\u015bci<\/p>\n","protected":false},"featured_media":1845,"template":"","meta":{"_monsterinsights_skip_tracking":false,"_monsterinsights_sitenote_active":false,"_monsterinsights_sitenote_note":"","_monsterinsights_sitenote_category":0,"_themeisle_gutenberg_block_has_review":false},"product_cat":[15],"product_tag":[129],"class_list":["post-1839","product","type-product","status-publish","has-post-thumbnail","hentry","product_cat-pozostale","product_tag-wieclaw-jolanta","product_shipping_class-rodzaj-wysylki-3"],"aioseo_notices":[],"_links":{"self":[{"href":"https:\/\/kwintesencja.art\/pl\/wp-json\/wp\/v2\/product\/1839","targetHints":{"allow":["GET"]}}],"collection":[{"href":"https:\/\/kwintesencja.art\/pl\/wp-json\/wp\/v2\/product"}],"about":[{"href":"https:\/\/kwintesencja.art\/pl\/wp-json\/wp\/v2\/types\/product"}],"wp:featuredmedia":[{"embeddable":true,"href":"https:\/\/kwintesencja.art\/pl\/wp-json\/wp\/v2\/media\/1845"}],"wp:attachment":[{"href":"https:\/\/kwintesencja.art\/pl\/wp-json\/wp\/v2\/media?parent=1839"}],"wp:term":[{"taxonomy":"product_cat","embeddable":true,"href":"https:\/\/kwintesencja.art\/pl\/wp-json\/wp\/v2\/product_cat?post=1839"},{"taxonomy":"product_tag","embeddable":true,"href":"https:\/\/kwintesencja.art\/pl\/wp-json\/wp\/v2\/product_tag?post=1839"}],"curies":[{"name":"wp","href":"https:\/\/api.w.org\/{rel}","templated":true}]}}